{"id":72261,"date":"2021-02-21T19:20:34","date_gmt":"2021-02-21T19:20:34","guid":{"rendered":"https:\/\/www.autonvaraosahaku.fi\/?product=trw-jgm1199t-iskunvaimennin"},"modified":"2021-02-21T19:20:35","modified_gmt":"2021-02-21T19:20:35","slug":"trw-jgm1199t-iskunvaimennin","status":"publish","type":"product","link":"https:\/\/www.autonvaraosahaku.fi\/?product=trw-jgm1199t-iskunvaimennin","title":{"rendered":"TRW JGM1199T Iskunvaimennin"},"content":{"rendered":"<p>Lukum\u00e4\u00e4r\u00e4 akselille: 1; Asennuspuoli: Etuakseli; Iskunvaimennin tyyppi: Kaasupaine; Iskunvaimennin malli: Joustintuki; Iskunvaimennusj\u00e4rjestelm\u00e4: Kaksiputki; Iskunvaimennin asennustapa: Tappi ylh\u00e4\u00e4ll\u00e4, Purisitin alhaalla; L\u00e4pimitta [mm]: 52; Pituus 1 (mm): 463; Pituus 2 (mm): 306; Jousijalan l\u00e4pimitta [mm]: 22; Huomioi tekniset tiedot: ; Tuotelinja: TWIN; Valmistusvuosi alkaen: 04\/2008; VOLVO: XC70 CROSS COUNTRY,S80 II AS; FORD: S-MAX WA6,GALAXY WA6; 1376842, 1376844, 1376846, 1376909, 1381821, 1381827, 1381839, 1381840, 1384677, 1384682, 1384722, 1384723, 1406397, 1406404, 1406420, 1406421, 1424096, 1424287, 1424296, 1424297, 1430872, 1430875, 1430876, 1430877, 1436859, 1436863, 1436864, 1436865, 1441591, 1441594, 1441596, 1539843, 1539844, 1539847, 1539848, 1539849, 1577936, 6G9118045ADB, 6G9118045ADC, 6G9118045ADD, 6G9118045ADE, 6G9118045ADF, 6G9118045ADG, 6G9118045ADH, 6G9118045ADJ, 6G9118045ADK, 6G9118045ADL, 6G9118045AEB, 6G9118045AEC, 6G9118045AED, 6G9118045AEE, 6G9118045AEF, 6G9118045AEG, 6G9118045AEH, 6G9118045AEK, 6G9118045BAB, 6G9118045BAC, 6G9118045BAD, 6G9118045BAE, 6G9118045BAF, 6G9118045BAG, 6G9118045BAH, 6G9118045BAJ, 6G9118045BAK, 6G9118K001AEK, 6G9118K001BAB, 6G9118K001BAC, 6G9118K001BAD, 6G9118K001BAE, 6G9118K001BAF, 6G9118K001BAG, 6G9118K001BAH, 6G9118K001BAJ, 6G9118K001BAK, 30714171, 30714172, 31201056, 31201057, 31212804, 31212807, 31262149, 31262150, 31277912, 31277913, 31277916, 31277917, 31317802; Iskarit,Iskunvaimennin<\/p>\n","protected":false},"excerpt":{"rendered":"<p>TRW Iskunvaimentimet JGM1199T Iskarit,Iskunvaimennin VOLVO,FORD,XC70 CROSS COUNTRY,S80 II AS,S-MAX WA6,GALAXY WA6<\/p>\n","protected":false},"featured_media":0,"template":"","meta":{"site-sidebar-layout":"default","site-content-layout":"default","ast-global-header-display":"","ast-main-header-display":"","ast-hfb-above-header-display":"","ast-hfb-below-header-display":"","ast-hfb-mobile-header-display":"","site-post-title":"","ast-breadcrumbs-content":"","ast-featured-img":"","footer-sml-layout":"","theme-transparent-header-meta":"","adv-header-id-meta":"","stick-header-meta":"","header-above-stick-meta":"","header-main-stick-meta":"","header-below-stick-meta":""},"pwb-brand":[332],"product_cat":[80],"product_tag":[],"class_list":{"0":"post-72261","1":"product","2":"type-product","3":"status-publish","5":"pwb-brand-trw","6":"product_cat-iskunvaimennin","7":"desktop-align-left","8":"tablet-align-left","9":"mobile-align-left","11":"first","12":"instock","13":"product-type-external"},"brands":[{"id":332,"name":"TRW","slug":"trw"}],"_links":{"self":[{"href":"https:\/\/www.autonvaraosahaku.fi\/index.php?rest_route=\/wp\/v2\/product\/72261","targetHints":{"allow":["GET"]}}],"collection":[{"href":"https:\/\/www.autonvaraosahaku.fi\/index.php?rest_route=\/wp\/v2\/product"}],"about":[{"href":"https:\/\/www.autonvaraosahaku.fi\/index.php?rest_route=\/wp\/v2\/types\/product"}],"wp:attachment":[{"href":"https:\/\/www.autonvaraosahaku.fi\/index.php?rest_route=%2Fwp%2Fv2%2Fmedia&parent=72261"}],"wp:term":[{"taxonomy":"pwb-brand","embeddable":true,"href":"https:\/\/www.autonvaraosahaku.fi\/index.php?rest_route=%2Fwp%2Fv2%2Fpwb-brand&post=72261"},{"taxonomy":"product_cat","embeddable":true,"href":"https:\/\/www.autonvaraosahaku.fi\/index.php?rest_route=%2Fwp%2Fv2%2Fproduct_cat&post=72261"},{"taxonomy":"product_tag","embeddable":true,"href":"https:\/\/www.autonvaraosahaku.fi\/index.php?rest_route=%2Fwp%2Fv2%2Fproduct_tag&post=72261"}],"curies":[{"name":"wp","href":"https:\/\/api.w.org\/{rel}","templated":true}]}}