{"id":72267,"date":"2021-02-21T19:20:34","date_gmt":"2021-02-21T19:20:34","guid":{"rendered":"https:\/\/www.autonvaraosahaku.fi\/?product=jurid-561551jc-jarrulevyt"},"modified":"2021-02-21T19:20:36","modified_gmt":"2021-02-21T19:20:36","slug":"jurid-561551jc-jarrulevyt","status":"publish","type":"product","link":"https:\/\/www.autonvaraosahaku.fi\/?product=jurid-561551jc-jarrulevyt","title":{"rendered":"JURID 561551JC Jarrulevyt"},"content":{"rendered":"<p>Korkeus (mm): 52; Paino [kg]: 12,94; Jarrulevytyyppi: Tuuletettu; Jarrulevyn paksuus (mm): 22; V\u00e4himm\u00e4ispaksuus (mm): 20; Ulkol\u00e4pimitta [mm]: 286; Reikien m\u00e4\u00e4r\u00e4: 5; keskitt\u00e4misl\u00e4pimitta [mm]: 79; Kiristysmomentti: 120; Reik\u00e4ympyr\u00e4-\u00d8 [mm]: 120; Pinta: pinnoitettu; Pakkaustyyppi: Laatikko; M\u00e4\u00e4r\u00e4yksikk\u00f6: Sarja; Korvaava tuote\/korvaava tiedote 2: Ruuveilla; Reik\u00e4ympyr\u00e4-\u00d8 2 [mm]: 120; Versio: JC; Pakkauspituus [cm]: 31; Pakkausleveys [cm]: 31; Pakkauskorkeus [mm]: 14; Asennuspuoli: Vorderachse; BMW: 3 E46,3 Touring E46,3 Compact E46,3 Coupe E46,3 Compact E36,3 E36,3 Cabriolet E46,3 Coupe E36,Z3 E36,Z4 E85,3 Cabriolet E36,3 Touring E36,Z3 Coupe E36; ALPINA: ROADSTER S Z4; 34111160674, 34111160981, 34111162282, 34111162288, 34111164199, 34111164431, 34111164921, 34111165455, 34116762424e011, 34116766239, 34116794301, 34116855153, 34116864060; Jarrulevy<\/p>\n","protected":false},"excerpt":{"rendered":"<p>JURID Jarrulevyt 561551JC Jarrulevy BMW,ALPINA,3 E46,3 Touring E46,3 Compact E46,3 Coupe E46,3 Compact E36,3 E36,3 Cabriolet E46,3 Coupe E36,Z3 E36<\/p>\n","protected":false},"featured_media":0,"template":"","meta":{"site-sidebar-layout":"default","site-content-layout":"default","ast-global-header-display":"","ast-main-header-display":"","ast-hfb-above-header-display":"","ast-hfb-below-header-display":"","ast-hfb-mobile-header-display":"","site-post-title":"","ast-breadcrumbs-content":"","ast-featured-img":"","footer-sml-layout":"","theme-transparent-header-meta":"","adv-header-id-meta":"","stick-header-meta":"","header-above-stick-meta":"","header-main-stick-meta":"","header-below-stick-meta":""},"pwb-brand":[247],"product_cat":[66],"product_tag":[],"class_list":{"0":"post-72267","1":"product","2":"type-product","3":"status-publish","5":"pwb-brand-jurid","6":"product_cat-jarrulevyt","7":"desktop-align-left","8":"tablet-align-left","9":"mobile-align-left","11":"first","12":"instock","13":"product-type-external"},"brands":[{"id":247,"name":"JURID","slug":"jurid"}],"_links":{"self":[{"href":"https:\/\/www.autonvaraosahaku.fi\/index.php?rest_route=\/wp\/v2\/product\/72267","targetHints":{"allow":["GET"]}}],"collection":[{"href":"https:\/\/www.autonvaraosahaku.fi\/index.php?rest_route=\/wp\/v2\/product"}],"about":[{"href":"https:\/\/www.autonvaraosahaku.fi\/index.php?rest_route=\/wp\/v2\/types\/product"}],"wp:attachment":[{"href":"https:\/\/www.autonvaraosahaku.fi\/index.php?rest_route=%2Fwp%2Fv2%2Fmedia&parent=72267"}],"wp:term":[{"taxonomy":"pwb-brand","embeddable":true,"href":"https:\/\/www.autonvaraosahaku.fi\/index.php?rest_route=%2Fwp%2Fv2%2Fpwb-brand&post=72267"},{"taxonomy":"product_cat","embeddable":true,"href":"https:\/\/www.autonvaraosahaku.fi\/index.php?rest_route=%2Fwp%2Fv2%2Fproduct_cat&post=72267"},{"taxonomy":"product_tag","embeddable":true,"href":"https:\/\/www.autonvaraosahaku.fi\/index.php?rest_route=%2Fwp%2Fv2%2Fproduct_tag&post=72267"}],"curies":[{"name":"wp","href":"https:\/\/api.w.org\/{rel}","templated":true}]}}