{"id":72271,"date":"2021-02-21T19:20:34","date_gmt":"2021-02-21T19:20:34","guid":{"rendered":"https:\/\/www.autonvaraosahaku.fi\/?product=mahle-original-ti-7-87-termostaatti"},"modified":"2021-02-21T19:20:38","modified_gmt":"2021-02-21T19:20:38","slug":"mahle-original-ti-7-87-termostaatti","status":"publish","type":"product","link":"https:\/\/www.autonvaraosahaku.fi\/?product=mahle-original-ti-7-87-termostaatti","title":{"rendered":"MAHLE ORIGINAL TI 7 87 Termostaatti"},"content":{"rendered":"<p>Avausl\u00e4mp\u00f6tila [\u00b0C]: 87; Lis\u00e4tarvike\/lis\u00e4tieto: Tiivisteill\u00e4, Tiivisteill\u00e4; Paino [g]: 0,8; Korkeus (tuumaa): 3,82; Leveys (tuumaa): 5,32; Pituus (tuumaa): 7,48; Moottorinumero: BGB\/BWE; AUDI: A6 Avant 4F5, C6,A4 Avant 8ED, B7,A4 8K2, B8,A6 4F2, C6,A4 Cabriolet 8H7, B6, 8HE, B7,A4 8EC, B7,A3 Cabriolet 8V7; SEAT: EXEO ST 3R5,EXEO 3R2; 06D121111G, 06D121111G, 06D121111G; Termostaatti, J\u00e4\u00e4hdytysneste<\/p>\n","protected":false},"excerpt":{"rendered":"<p>MAHLE ORIGINAL Termostaatti TI 7 87 Termostaatti, J\u00e4\u00e4hdytysneste AUDI,SEAT,A6 Avant 4F5, C6,A4 Avant 8ED, B7,A4 8K2, B8,A6 4F2, C6<\/p>\n","protected":false},"featured_media":0,"template":"","meta":{"site-sidebar-layout":"default","site-content-layout":"default","ast-global-header-display":"","ast-main-header-display":"","ast-hfb-above-header-display":"","ast-hfb-below-header-display":"","ast-hfb-mobile-header-display":"","site-post-title":"","ast-breadcrumbs-content":"","ast-featured-img":"","footer-sml-layout":"","theme-transparent-header-meta":"","adv-header-id-meta":"","stick-header-meta":"","header-above-stick-meta":"","header-main-stick-meta":"","header-below-stick-meta":""},"pwb-brand":[153],"product_cat":[174],"product_tag":[],"class_list":{"0":"post-72271","1":"product","2":"type-product","3":"status-publish","5":"pwb-brand-mahle-original","6":"product_cat-termostaatti","7":"desktop-align-left","8":"tablet-align-left","9":"mobile-align-left","11":"first","12":"instock","13":"product-type-external"},"brands":[{"id":153,"name":"MAHLE ORIGINAL","slug":"mahle-original"}],"_links":{"self":[{"href":"https:\/\/www.autonvaraosahaku.fi\/index.php?rest_route=\/wp\/v2\/product\/72271","targetHints":{"allow":["GET"]}}],"collection":[{"href":"https:\/\/www.autonvaraosahaku.fi\/index.php?rest_route=\/wp\/v2\/product"}],"about":[{"href":"https:\/\/www.autonvaraosahaku.fi\/index.php?rest_route=\/wp\/v2\/types\/product"}],"wp:attachment":[{"href":"https:\/\/www.autonvaraosahaku.fi\/index.php?rest_route=%2Fwp%2Fv2%2Fmedia&parent=72271"}],"wp:term":[{"taxonomy":"pwb-brand","embeddable":true,"href":"https:\/\/www.autonvaraosahaku.fi\/index.php?rest_route=%2Fwp%2Fv2%2Fpwb-brand&post=72271"},{"taxonomy":"product_cat","embeddable":true,"href":"https:\/\/www.autonvaraosahaku.fi\/index.php?rest_route=%2Fwp%2Fv2%2Fproduct_cat&post=72271"},{"taxonomy":"product_tag","embeddable":true,"href":"https:\/\/www.autonvaraosahaku.fi\/index.php?rest_route=%2Fwp%2Fv2%2Fproduct_tag&post=72271"}],"curies":[{"name":"wp","href":"https:\/\/api.w.org\/{rel}","templated":true}]}}