{"id":72282,"date":"2021-02-21T19:20:42","date_gmt":"2021-02-21T19:20:42","guid":{"rendered":"https:\/\/www.autonvaraosahaku.fi\/?product=topran-110-599-tiivisteet"},"modified":"2021-02-21T19:20:43","modified_gmt":"2021-02-21T19:20:43","slug":"topran-110-599-tiivisteet","status":"publish","type":"product","link":"https:\/\/www.autonvaraosahaku.fi\/?product=topran-110-599-tiivisteet","title":{"rendered":"TOPRAN 110 599 Tiivisteet"},"content":{"rendered":"<p>Materiaali: Kupari; Ulkol\u00e4pimitta [mm]: 15,5; Sis\u00e4l\u00e4pimitta [mm]: 12; Paksuus [mm]: 1,5; BMW: 5 E39,5 Touring E39,3 Compact E36,3 E36,3 E30,7 E38,3 Coupe E36,Z3 E36,5 E34,3 Cabriolet E30,3 Cabriolet E36,3 Touring E36,7 E32,02 E10,8 E31,5 Touring E34,5 E28,6 E24,3 E21,3 Touring E30,Z3 Coupe E36,7 E23,5 E12,Z1,02 Cabriolet E10; LAND ROVER: DEFENDER Station Wagon LD,DEFENDER Pick-up LD_; N0138122, N0138128, N0138122, N0138128, N0138122, N0138128, N0138122, N0138128, N0138122, N0138128<\/p>\n","protected":false},"excerpt":{"rendered":"<p>TOPRAN Rengastiiviste 110 599  BMW,LAND ROVER,5 E39,5 Touring E39,3 Compact E36,3 E36,3 E30,7 E38,3 Coupe E36,Z3 E36,5 E34,3 Cabriolet E30<\/p>\n","protected":false},"featured_media":0,"template":"","meta":{"site-sidebar-layout":"default","site-content-layout":"default","ast-global-header-display":"","ast-main-header-display":"","ast-hfb-above-header-display":"","ast-hfb-below-header-display":"","ast-hfb-mobile-header-display":"","site-post-title":"","ast-breadcrumbs-content":"","ast-featured-img":"","footer-sml-layout":"","theme-transparent-header-meta":"","adv-header-id-meta":"","stick-header-meta":"","header-above-stick-meta":"","header-main-stick-meta":"","header-below-stick-meta":""},"pwb-brand":[18],"product_cat":[27],"product_tag":[],"class_list":{"0":"post-72282","1":"product","2":"type-product","3":"status-publish","5":"pwb-brand-topran","6":"product_cat-tiivisteet","7":"desktop-align-left","8":"tablet-align-left","9":"mobile-align-left","11":"first","12":"instock","13":"product-type-external"},"brands":[{"id":18,"name":"TOPRAN","slug":"topran"}],"_links":{"self":[{"href":"https:\/\/www.autonvaraosahaku.fi\/index.php?rest_route=\/wp\/v2\/product\/72282","targetHints":{"allow":["GET"]}}],"collection":[{"href":"https:\/\/www.autonvaraosahaku.fi\/index.php?rest_route=\/wp\/v2\/product"}],"about":[{"href":"https:\/\/www.autonvaraosahaku.fi\/index.php?rest_route=\/wp\/v2\/types\/product"}],"wp:attachment":[{"href":"https:\/\/www.autonvaraosahaku.fi\/index.php?rest_route=%2Fwp%2Fv2%2Fmedia&parent=72282"}],"wp:term":[{"taxonomy":"pwb-brand","embeddable":true,"href":"https:\/\/www.autonvaraosahaku.fi\/index.php?rest_route=%2Fwp%2Fv2%2Fpwb-brand&post=72282"},{"taxonomy":"product_cat","embeddable":true,"href":"https:\/\/www.autonvaraosahaku.fi\/index.php?rest_route=%2Fwp%2Fv2%2Fproduct_cat&post=72282"},{"taxonomy":"product_tag","embeddable":true,"href":"https:\/\/www.autonvaraosahaku.fi\/index.php?rest_route=%2Fwp%2Fv2%2Fproduct_tag&post=72282"}],"curies":[{"name":"wp","href":"https:\/\/api.w.org\/{rel}","templated":true}]}}