{"id":72311,"date":"2021-02-21T19:20:50","date_gmt":"2021-02-21T19:20:50","guid":{"rendered":"https:\/\/www.autonvaraosahaku.fi\/?product=mapco-18125-vetonivelen-suojakumi"},"modified":"2021-02-21T19:20:54","modified_gmt":"2021-02-21T19:20:54","slug":"mapco-18125-vetonivelen-suojakumi","status":"publish","type":"product","link":"https:\/\/www.autonvaraosahaku.fi\/?product=mapco-18125-vetonivelen-suojakumi","title":{"rendered":"MAPCO 18125 Vetonivelen suojakumi"},"content":{"rendered":"<p>Materiaali: Kumi; Korvaava tuote\/korvaava tiedote 2: ilman laakeria; Asennuspuoli: Vaihteiston puoli, Etuakseli, vasen; Vaihteistomalli: K\u00e4sivaihteisto; Korkeus (mm): 88; Sis\u00e4l\u00e4pimitta 1 [mm]: 26; Sis\u00e4l\u00e4pimitta 2 [mm]: 116; Valmistusvuosi alkaen: 04\/1985; RENAULT: TWINGO I C06_,CLIO II BB0\/1\/2_, CB0\/1\/2_,KANGOO KC0\/1_,TWINGO II CN0_,SC\u00c9NIC I JA0\/1_,MEGANE Scenic JA0\/1_,MEGANE I BA0\/1_,KANGOO Express FC0\/1_,MEGANE I Grandtour KA0\/1_,MEGANE I Cabriolet EA0\/1_,LAGUNA I B56_, 556_,CLIO I B\/C57_, 5\/357_,LAGUNA I Grandtour K56_,TWINGO I Kasten S06_,MEGANE I Classic LA0\/1_,MEGANE I Coach DA0\/1_,19 II B\/C53_,19 II Cabriolet D53_, 853_,SUPER 5 B\/C40_,RAPID Kasten F40_, G40_,19 I B\/C53_,9 L42_,19 II Chamade L53_,11 B\/C37_,21 Stufenheck L48_,19 I Chamade L53_,THALIA I LB0\/1\/2_,CLIO I Kasten S57_,19 I Cabriolet D53_,11 Kasten S37_,21 Kombi K48_,21 B48_,19 II Kasten S53_,19 I Kasten S53_,THALIA II LU1\/2_,21 Kasten S48_,EXPRESS Pick-up,SUPER 5 Kasten S40_; PEUGEOT: 106 II 1,106 I 1A, 1C; CITRO\u00cbN: SAXO S0, S1; 328784, 328789, MR911158, 328784, 328789, 7701462100, 7701462308, 7701468575, 7701468576, 7701470567<\/p>\n","protected":false},"excerpt":{"rendered":"<p>MAPCO Paljekumisarja, Vetoakseli 18125  RENAULT,PEUGEOT,CITRO\u00cbN,TWINGO I C06_,CLIO II BB0\/1\/2_, CB0\/1\/2_,KANGOO KC0\/1_,TWINGO II CN0_,SC\u00c9NIC I JA0\/1_<\/p>\n","protected":false},"featured_media":0,"template":"","meta":{"site-sidebar-layout":"default","site-content-layout":"default","ast-global-header-display":"","ast-main-header-display":"","ast-hfb-above-header-display":"","ast-hfb-below-header-display":"","ast-hfb-mobile-header-display":"","site-post-title":"","ast-breadcrumbs-content":"","ast-featured-img":"","footer-sml-layout":"","theme-transparent-header-meta":"","adv-header-id-meta":"","stick-header-meta":"","header-above-stick-meta":"","header-main-stick-meta":"","header-below-stick-meta":""},"pwb-brand":[36],"product_cat":[42],"product_tag":[],"class_list":{"0":"post-72311","1":"product","2":"type-product","3":"status-publish","5":"pwb-brand-mapco","6":"product_cat-vetonivelen-suojakumi","7":"desktop-align-left","8":"tablet-align-left","9":"mobile-align-left","11":"first","12":"instock","13":"product-type-external"},"brands":[{"id":36,"name":"MAPCO","slug":"mapco"}],"_links":{"self":[{"href":"https:\/\/www.autonvaraosahaku.fi\/index.php?rest_route=\/wp\/v2\/product\/72311","targetHints":{"allow":["GET"]}}],"collection":[{"href":"https:\/\/www.autonvaraosahaku.fi\/index.php?rest_route=\/wp\/v2\/product"}],"about":[{"href":"https:\/\/www.autonvaraosahaku.fi\/index.php?rest_route=\/wp\/v2\/types\/product"}],"wp:attachment":[{"href":"https:\/\/www.autonvaraosahaku.fi\/index.php?rest_route=%2Fwp%2Fv2%2Fmedia&parent=72311"}],"wp:term":[{"taxonomy":"pwb-brand","embeddable":true,"href":"https:\/\/www.autonvaraosahaku.fi\/index.php?rest_route=%2Fwp%2Fv2%2Fpwb-brand&post=72311"},{"taxonomy":"product_cat","embeddable":true,"href":"https:\/\/www.autonvaraosahaku.fi\/index.php?rest_route=%2Fwp%2Fv2%2Fproduct_cat&post=72311"},{"taxonomy":"product_tag","embeddable":true,"href":"https:\/\/www.autonvaraosahaku.fi\/index.php?rest_route=%2Fwp%2Fv2%2Fproduct_tag&post=72311"}],"curies":[{"name":"wp","href":"https:\/\/api.w.org\/{rel}","templated":true}]}}