{"id":72346,"date":"2021-02-21T19:21:05","date_gmt":"2021-02-21T19:21:05","guid":{"rendered":"https:\/\/www.autonvaraosahaku.fi\/?product=febi-bilstein-37421-sytytyspuola"},"modified":"2021-02-21T19:21:07","modified_gmt":"2021-02-21T19:21:07","slug":"febi-bilstein-37421-sytytyspuola","status":"publish","type":"product","link":"https:\/\/www.autonvaraosahaku.fi\/?product=febi-bilstein-37421-sytytyspuola","title":{"rendered":"FEBI BILSTEIN 37421 Sytytyspuola"},"content":{"rendered":"<p>Sytytyspuola: 4-kipin\u00e4; Liittimi\u00e4: 7; Paino [kg]: 1,1, 1,1; Moottorinumero: A14NET; B14NET; CHEVROLET: CRUZE J300,CRUZE Station Wagon J308,AVEO Schr\u00e4gheck T300,CRUZE Schr\u00e4gheck J305,TRAX,AVEO Stufenheck T300; OPEL: CORSA D,ASTRA J Sports Tourer,INSIGNIA Caravan,ASTRA J,MERIVA B,ZAFIRA TOURER C P12,MOKKA,ADAM,INSIGNIA,INSIGNIA Stufenheck,ASTRA GTC J,ASTRA J Stufenheck,CORSA D Van,CASCADA W13,AMPERA,CORSA E,CORSA E Van; VAUXHALL: CORSA Mk III D L_8,INSIGNIA Mk I A,ADAM,INSIGNIA Mk I A Estate,ZAFIRA Mk III P12,ASTRA Mk VI J CC,INSIGNIA Mk I A Sedan,ASTRA Mk VI J,CORSAVAN Mk III D,MERIVA Mk II B,ASTRA Mk VI J Sedan,ASTRA Mk VI J Estate,MOKKA,CORSA Mk IV E; 25195107, 25198623, 55562139, 55573735, 55577898, 55579072, 25195107, 25198623, 55562139, 55573735, 55577898, 55579072, 25195107, 25198623, 55579072, 01208092, 01208093, 01208096, 01208123, 025198623, 1208092, 1208093, 1208096, 1208123, 25198623, 025195107, 025198623, 055573735, 055577898, 055579072, 25195107, 25198623, 55573735, 55577898, 55579072<\/p>\n","protected":false},"excerpt":{"rendered":"<p>FEBI BILSTEIN Sytytyspuola 37421  CHEVROLET,OPEL,VAUXHALL,CRUZE J300,CRUZE Station Wagon J308,AVEO Schr\u00e4gheck T300,CRUZE Schr\u00e4gheck J305,TRAX<\/p>\n","protected":false},"featured_media":0,"template":"","meta":{"site-sidebar-layout":"default","site-content-layout":"default","ast-global-header-display":"","ast-main-header-display":"","ast-hfb-above-header-display":"","ast-hfb-below-header-display":"","ast-hfb-mobile-header-display":"","site-post-title":"","ast-breadcrumbs-content":"","ast-featured-img":"","footer-sml-layout":"","theme-transparent-header-meta":"","adv-header-id-meta":"","stick-header-meta":"","header-above-stick-meta":"","header-main-stick-meta":"","header-below-stick-meta":""},"pwb-brand":[50],"product_cat":[25],"product_tag":[],"class_list":{"0":"post-72346","1":"product","2":"type-product","3":"status-publish","5":"pwb-brand-febi-bilstein","6":"product_cat-sytytyspuola","7":"desktop-align-left","8":"tablet-align-left","9":"mobile-align-left","11":"first","12":"instock","13":"product-type-external"},"brands":[{"id":50,"name":"FEBI BILSTEIN","slug":"febi-bilstein"}],"_links":{"self":[{"href":"https:\/\/www.autonvaraosahaku.fi\/index.php?rest_route=\/wp\/v2\/product\/72346","targetHints":{"allow":["GET"]}}],"collection":[{"href":"https:\/\/www.autonvaraosahaku.fi\/index.php?rest_route=\/wp\/v2\/product"}],"about":[{"href":"https:\/\/www.autonvaraosahaku.fi\/index.php?rest_route=\/wp\/v2\/types\/product"}],"wp:attachment":[{"href":"https:\/\/www.autonvaraosahaku.fi\/index.php?rest_route=%2Fwp%2Fv2%2Fmedia&parent=72346"}],"wp:term":[{"taxonomy":"pwb-brand","embeddable":true,"href":"https:\/\/www.autonvaraosahaku.fi\/index.php?rest_route=%2Fwp%2Fv2%2Fpwb-brand&post=72346"},{"taxonomy":"product_cat","embeddable":true,"href":"https:\/\/www.autonvaraosahaku.fi\/index.php?rest_route=%2Fwp%2Fv2%2Fproduct_cat&post=72346"},{"taxonomy":"product_tag","embeddable":true,"href":"https:\/\/www.autonvaraosahaku.fi\/index.php?rest_route=%2Fwp%2Fv2%2Fproduct_tag&post=72346"}],"curies":[{"name":"wp","href":"https:\/\/api.w.org\/{rel}","templated":true}]}}