{"id":72348,"date":"2021-02-21T19:21:05","date_gmt":"2021-02-21T19:21:05","guid":{"rendered":"https:\/\/www.autonvaraosahaku.fi\/?product=vegaz-os-479-takaaanenvaimennin"},"modified":"2021-02-21T19:21:07","modified_gmt":"2021-02-21T19:21:07","slug":"vegaz-os-479-takaaanenvaimennin","status":"publish","type":"product","link":"https:\/\/www.autonvaraosahaku.fi\/?product=vegaz-os-479-takaaanenvaimennin","title":{"rendered":"VEGAZ OS-479 Taka\u00e4\u00e4nenvaimennin"},"content":{"rendered":"<p>Pituus (mm): 1200; Paino [kg]: 6; Muoto: neli\u00f6nmuotoinen; Korvaava tuote\/korvaava tiedote 2: ilman pakoputken p\u00e4\u00e4n koristetta; Asennuspuoli: Takana; Katalysaattorimalli: f\u00fcr Fahrzeuge mit Katalysator; OPEL: CORSA C F08, F68,CORSA C Kasten F08, W5L; VAUXHALL: CORSA Mk III D L_8,CORSA Mk II C W5L, F08,CORSAVAN Mk II C; 13126165, 5852122, 5852281, 9129833, 9129833; Takavaimennin,Takap\u00f6ntt\u00f6,Taka\u00e4\u00e4nenvaimentaja<\/p>\n","protected":false},"excerpt":{"rendered":"<p>VEGAZ Taka\u00e4\u00e4nenvaimennin OS-479 Takavaimennin,Takap\u00f6ntt\u00f6 OPEL,VAUXHALL,CORSA C F08, F68,CORSA C Kasten F08, W5L,CORSA Mk III D L_8<\/p>\n","protected":false},"featured_media":0,"template":"","meta":{"site-sidebar-layout":"default","site-content-layout":"default","ast-global-header-display":"","ast-main-header-display":"","ast-hfb-above-header-display":"","ast-hfb-below-header-display":"","ast-hfb-mobile-header-display":"","site-post-title":"","ast-breadcrumbs-content":"","ast-featured-img":"","footer-sml-layout":"","theme-transparent-header-meta":"","adv-header-id-meta":"","stick-header-meta":"","header-above-stick-meta":"","header-main-stick-meta":"","header-below-stick-meta":""},"pwb-brand":[306],"product_cat":[90],"product_tag":[],"class_list":{"0":"post-72348","1":"product","2":"type-product","3":"status-publish","5":"pwb-brand-vegaz","6":"product_cat-takaaanenvaimennin","7":"desktop-align-left","8":"tablet-align-left","9":"mobile-align-left","11":"first","12":"instock","13":"product-type-external"},"brands":[{"id":306,"name":"VEGAZ","slug":"vegaz"}],"_links":{"self":[{"href":"https:\/\/www.autonvaraosahaku.fi\/index.php?rest_route=\/wp\/v2\/product\/72348","targetHints":{"allow":["GET"]}}],"collection":[{"href":"https:\/\/www.autonvaraosahaku.fi\/index.php?rest_route=\/wp\/v2\/product"}],"about":[{"href":"https:\/\/www.autonvaraosahaku.fi\/index.php?rest_route=\/wp\/v2\/types\/product"}],"wp:attachment":[{"href":"https:\/\/www.autonvaraosahaku.fi\/index.php?rest_route=%2Fwp%2Fv2%2Fmedia&parent=72348"}],"wp:term":[{"taxonomy":"pwb-brand","embeddable":true,"href":"https:\/\/www.autonvaraosahaku.fi\/index.php?rest_route=%2Fwp%2Fv2%2Fpwb-brand&post=72348"},{"taxonomy":"product_cat","embeddable":true,"href":"https:\/\/www.autonvaraosahaku.fi\/index.php?rest_route=%2Fwp%2Fv2%2Fproduct_cat&post=72348"},{"taxonomy":"product_tag","embeddable":true,"href":"https:\/\/www.autonvaraosahaku.fi\/index.php?rest_route=%2Fwp%2Fv2%2Fproduct_tag&post=72348"}],"curies":[{"name":"wp","href":"https:\/\/api.w.org\/{rel}","templated":true}]}}