{"id":72410,"date":"2021-02-21T19:21:26","date_gmt":"2021-02-21T19:21:26","guid":{"rendered":"https:\/\/www.autonvaraosahaku.fi\/?product=febi-bilstein-33244-vetonivel"},"modified":"2021-02-21T19:21:29","modified_gmt":"2021-02-21T19:21:29","slug":"febi-bilstein-33244-vetonivel","status":"publish","type":"product","link":"https:\/\/www.autonvaraosahaku.fi\/?product=febi-bilstein-33244-vetonivel","title":{"rendered":"FEBI BILSTEIN 33244 Vetonivel"},"content":{"rendered":"<p>Asennuspuoli: Py\u00f6r\u00e4n puoli, Etuakseli; Ulkohammastus, py\u00f6r\u00e4npuoli: 36; Sis\u00e4hammastus, py\u00f6r\u00e4npuoli: 30; Ulkol\u00e4pimitta 1 [mm]: 84; Ulkol\u00e4pimitta 2 [mm]: 52; Paino [kg]: 2,06; Huomioi huolto-ohjeet: , ; Vaihteistomalli: Schaltgetriebe 5 Gang; VW: POLO 9N_,POLO 6R, 6C,POLO Stufenheck 9A4,POLO VIVO Schr\u00e4gheck,POLO VIVO Stufenheck,POLO Van 6R; AUDI: A2 8Z0; SKODA: FABIA Combi 6Y5,FABIA,FABIA 6Y2,FABIA Combi,ROOMSTER 5J,FABIA Stufenheck 6Y3,ROOMSTER Praktik 5J,FABIA Praktik; SEAT: IBIZA V 6J5, 6P5,IBIZA V ST 6J8, 6P8,IBIZA V SPORTCOUPE 6J1, 6P1; 6Q0498099, 6Q0498099D, 6Q0498099DX, 6Q0498099X, 6R0498099, 6Q0498099, 6Q0498099D, 6Q0498099DX, 6Q0498099X, 6R0498099, 6R0498099X, 6Q0498099, 6Q0498099D, 6Q0498099DX, 6Q0498099X, 6R0498099, 6R0498099X, 6Q0498099, 6Q0498099D, 6Q0498099DX, 6Q0498099X, 6R0498099, 6R0498099X; Nivelsarja, Vetoakseli<\/p>\n","protected":false},"excerpt":{"rendered":"<p>FEBI BILSTEIN Vetonivel 33244 Nivelsarja, Vetoakseli VW,AUDI,SKODA,POLO 9N_,POLO 6R, 6C,POLO Stufenheck 9A4,POLO VIVO Schr\u00e4gheck,POLO VIVO Stufenheck<\/p>\n","protected":false},"featured_media":0,"template":"","meta":{"site-sidebar-layout":"default","site-content-layout":"default","ast-global-header-display":"","ast-main-header-display":"","ast-hfb-above-header-display":"","ast-hfb-below-header-display":"","ast-hfb-mobile-header-display":"","site-post-title":"","ast-breadcrumbs-content":"","ast-featured-img":"","footer-sml-layout":"","theme-transparent-header-meta":"","adv-header-id-meta":"","stick-header-meta":"","header-above-stick-meta":"","header-main-stick-meta":"","header-below-stick-meta":""},"pwb-brand":[50],"product_cat":[175],"product_tag":[],"class_list":{"0":"post-72410","1":"product","2":"type-product","3":"status-publish","5":"pwb-brand-febi-bilstein","6":"product_cat-vetonivel","7":"desktop-align-left","8":"tablet-align-left","9":"mobile-align-left","11":"first","12":"instock","13":"product-type-external"},"brands":[{"id":50,"name":"FEBI BILSTEIN","slug":"febi-bilstein"}],"_links":{"self":[{"href":"https:\/\/www.autonvaraosahaku.fi\/index.php?rest_route=\/wp\/v2\/product\/72410","targetHints":{"allow":["GET"]}}],"collection":[{"href":"https:\/\/www.autonvaraosahaku.fi\/index.php?rest_route=\/wp\/v2\/product"}],"about":[{"href":"https:\/\/www.autonvaraosahaku.fi\/index.php?rest_route=\/wp\/v2\/types\/product"}],"wp:attachment":[{"href":"https:\/\/www.autonvaraosahaku.fi\/index.php?rest_route=%2Fwp%2Fv2%2Fmedia&parent=72410"}],"wp:term":[{"taxonomy":"pwb-brand","embeddable":true,"href":"https:\/\/www.autonvaraosahaku.fi\/index.php?rest_route=%2Fwp%2Fv2%2Fpwb-brand&post=72410"},{"taxonomy":"product_cat","embeddable":true,"href":"https:\/\/www.autonvaraosahaku.fi\/index.php?rest_route=%2Fwp%2Fv2%2Fproduct_cat&post=72410"},{"taxonomy":"product_tag","embeddable":true,"href":"https:\/\/www.autonvaraosahaku.fi\/index.php?rest_route=%2Fwp%2Fv2%2Fproduct_tag&post=72410"}],"curies":[{"name":"wp","href":"https:\/\/api.w.org\/{rel}","templated":true}]}}