{"id":72427,"date":"2021-02-21T19:21:33","date_gmt":"2021-02-21T19:21:33","guid":{"rendered":"https:\/\/www.autonvaraosahaku.fi\/?product=sasic-8003201-moottorin-kumityyny"},"modified":"2021-02-21T19:21:36","modified_gmt":"2021-02-21T19:21:36","slug":"sasic-8003201-moottorin-kumityyny","status":"publish","type":"product","link":"https:\/\/www.autonvaraosahaku.fi\/?product=sasic-8003201-moottorin-kumityyny","title":{"rendered":"SASIC 8003201 Moottorin kumityyny"},"content":{"rendered":"<p>Asennuspuoli: Moottorin puoli, Oikea, hinten; Kiinnitysmalli: Kumimetallilaakeri; Sis\u00e4l\u00e4pimitta [mm]: 10; Ulkol\u00e4pimitta [mm]: 65; Pituus, sis\u00e4 (mm): 53; Pituus, ulko (mm): 40; OE-numerolle: Part\/oe 1807Y9; CITRO\u00cbN: BERLINGO MF,C4 I LC_,SAXO S0, S1,BERLINGO Kasten M_,XSARA N1,C4 Coupe LA_,XSARA Break N2,XM Y4,XSARA Coupe N0,AX ZA-_,ZX N2,BX XB-_,XM Y3,ZX Break N2,XM Break Y4,BX Break XB-_,C15 VD-_,XM Break Y3,C15 Kombi; PEUGEOT: 206 Schr\u00e4gheck 2A\/C,307 SW 3H,307 CC 3B,307 3A\/C,206 SW 2E\/K,106 II 1,206+ T3E,308 4A_, 4C_,307 Break 3E,306 Schr\u00e4gheck 7A, 7C, N3, N5,306 Cabriolet 7D, N3, N5,PARTNER Tepee,PARTNER Combispace 5F,106 I 1A, 1C,PARTNER Kasten 5,306 Break 7E, N3, N5,306 7B, N3, N5,PARTNER Kasten,206 Stufenheck,309 II 3C, 3A,405 I 15B,405 II 4B,309 I 10C, 10A,405 II Break 4E; 180756, 1807AA, 1807H7, 1807L4, 1807L6, 1807P0, 1807P5, 1807Y9, 184452, 184454, 97523179, 180756, 180757, 1807AA, 1807CQ, 1807H7, 1807L4, 1807P0, 1807P5, 1807Y9, 184452, 184454<\/p>\n","protected":false},"excerpt":{"rendered":"<p>SASIC Pidike, Moottorintuenta 8003201  CITRO\u00cbN,PEUGEOT,BERLINGO MF,C4 I LC_,SAXO S0, S1,BERLINGO Kasten M_,XSARA N1,C4 Coupe LA_,XSARA Break N2,XM Y4<\/p>\n","protected":false},"featured_media":0,"template":"","meta":{"site-sidebar-layout":"default","site-content-layout":"default","ast-global-header-display":"","ast-main-header-display":"","ast-hfb-above-header-display":"","ast-hfb-below-header-display":"","ast-hfb-mobile-header-display":"","site-post-title":"","ast-breadcrumbs-content":"","ast-featured-img":"","footer-sml-layout":"","theme-transparent-header-meta":"","adv-header-id-meta":"","stick-header-meta":"","header-above-stick-meta":"","header-main-stick-meta":"","header-below-stick-meta":""},"pwb-brand":[110],"product_cat":[74],"product_tag":[],"class_list":{"0":"post-72427","1":"product","2":"type-product","3":"status-publish","5":"pwb-brand-sasic","6":"product_cat-moottorin-kumityyny","7":"desktop-align-left","8":"tablet-align-left","9":"mobile-align-left","11":"first","12":"instock","13":"product-type-external"},"brands":[{"id":110,"name":"SASIC","slug":"sasic"}],"_links":{"self":[{"href":"https:\/\/www.autonvaraosahaku.fi\/index.php?rest_route=\/wp\/v2\/product\/72427","targetHints":{"allow":["GET"]}}],"collection":[{"href":"https:\/\/www.autonvaraosahaku.fi\/index.php?rest_route=\/wp\/v2\/product"}],"about":[{"href":"https:\/\/www.autonvaraosahaku.fi\/index.php?rest_route=\/wp\/v2\/types\/product"}],"wp:attachment":[{"href":"https:\/\/www.autonvaraosahaku.fi\/index.php?rest_route=%2Fwp%2Fv2%2Fmedia&parent=72427"}],"wp:term":[{"taxonomy":"pwb-brand","embeddable":true,"href":"https:\/\/www.autonvaraosahaku.fi\/index.php?rest_route=%2Fwp%2Fv2%2Fpwb-brand&post=72427"},{"taxonomy":"product_cat","embeddable":true,"href":"https:\/\/www.autonvaraosahaku.fi\/index.php?rest_route=%2Fwp%2Fv2%2Fproduct_cat&post=72427"},{"taxonomy":"product_tag","embeddable":true,"href":"https:\/\/www.autonvaraosahaku.fi\/index.php?rest_route=%2Fwp%2Fv2%2Fproduct_tag&post=72427"}],"curies":[{"name":"wp","href":"https:\/\/api.w.org\/{rel}","templated":true}]}}