{"id":7244,"date":"2021-02-21T13:59:39","date_gmt":"2021-02-21T13:59:39","guid":{"rendered":"https:\/\/www.autonvaraosahaku.fi\/?product=ridex-277w0004-takajarrusylinteri"},"modified":"2021-02-21T13:59:39","modified_gmt":"2021-02-21T13:59:39","slug":"ridex-277w0004-takajarrusylinteri","status":"publish","type":"product","link":"https:\/\/www.autonvaraosahaku.fi\/?product=ridex-277w0004-takajarrusylinteri","title":{"rendered":"RIDEX 277W0004 Takajarrusylinteri"},"content":{"rendered":"<p>Kennon mitat: 22.2; M\u00e4\u00e4r\u00e4: 1; Valmistusvuosi alkaen: 10\/1998; PEUGEOT: PARTNER Kasten; CITRO\u00cbN: BERLINGO MF,XSARA PICASSO N68,BERLINGO B9,BERLINGO Kasten M_,BERLINGO Kasten B9; 4402C6, 4402E7, 4402E8, 4402C6, C1788; Py\u00f6r\u00e4n Jarrusylinteri,Jarrusylinteri<\/p>\n","protected":false},"excerpt":{"rendered":"<p>RIDEX Takajarrusylinteri 277W0004 Py\u00f6r\u00e4n Jarrusylinteri,Jarrusylinteri PEUGEOT,CITRO\u00cbN,PARTNER Kasten,BERLINGO MF,XSARA PICASSO N68,BERLINGO B9<\/p>\n","protected":false},"featured_media":0,"template":"","meta":{"site-sidebar-layout":"default","site-content-layout":"default","ast-global-header-display":"","ast-main-header-display":"","ast-hfb-above-header-display":"","ast-hfb-below-header-display":"","ast-hfb-mobile-header-display":"","site-post-title":"","ast-breadcrumbs-content":"","ast-featured-img":"","footer-sml-layout":"","theme-transparent-header-meta":"","adv-header-id-meta":"","stick-header-meta":"","header-above-stick-meta":"","header-main-stick-meta":"","header-below-stick-meta":""},"pwb-brand":[157],"product_cat":[158],"product_tag":[],"class_list":{"0":"post-7244","1":"product","2":"type-product","3":"status-publish","5":"pwb-brand-ridex","6":"product_cat-takajarrusylinteri","7":"desktop-align-left","8":"tablet-align-left","9":"mobile-align-left","11":"first","12":"instock","13":"product-type-external"},"brands":[{"id":157,"name":"RIDEX","slug":"ridex"}],"_links":{"self":[{"href":"https:\/\/www.autonvaraosahaku.fi\/index.php?rest_route=\/wp\/v2\/product\/7244","targetHints":{"allow":["GET"]}}],"collection":[{"href":"https:\/\/www.autonvaraosahaku.fi\/index.php?rest_route=\/wp\/v2\/product"}],"about":[{"href":"https:\/\/www.autonvaraosahaku.fi\/index.php?rest_route=\/wp\/v2\/types\/product"}],"wp:attachment":[{"href":"https:\/\/www.autonvaraosahaku.fi\/index.php?rest_route=%2Fwp%2Fv2%2Fmedia&parent=7244"}],"wp:term":[{"taxonomy":"pwb-brand","embeddable":true,"href":"https:\/\/www.autonvaraosahaku.fi\/index.php?rest_route=%2Fwp%2Fv2%2Fpwb-brand&post=7244"},{"taxonomy":"product_cat","embeddable":true,"href":"https:\/\/www.autonvaraosahaku.fi\/index.php?rest_route=%2Fwp%2Fv2%2Fproduct_cat&post=7244"},{"taxonomy":"product_tag","embeddable":true,"href":"https:\/\/www.autonvaraosahaku.fi\/index.php?rest_route=%2Fwp%2Fv2%2Fproduct_tag&post=7244"}],"curies":[{"name":"wp","href":"https:\/\/api.w.org\/{rel}","templated":true}]}}