{"id":72453,"date":"2021-02-21T19:21:41","date_gmt":"2021-02-21T19:21:41","guid":{"rendered":"https:\/\/www.autonvaraosahaku.fi\/?product=monroe-43134-iskunvaimennin"},"modified":"2021-02-21T19:21:45","modified_gmt":"2021-02-21T19:21:45","slug":"monroe-43134-iskunvaimennin","status":"publish","type":"product","link":"https:\/\/www.autonvaraosahaku.fi\/?product=monroe-43134-iskunvaimennin","title":{"rendered":"MONROE 43134 Iskunvaimennin"},"content":{"rendered":"<p>Iskunvaimennin tyyppi: Kaasupaine; Iskunvaimennusj\u00e4rjestelm\u00e4: Yksiputki; Iskunvaimennin asennustapa: Silmukka ylh\u00e4\u00e4ll\u00e4, Silmukka alhaalla; Paino [kg]: 2,000; Reik\u00e4-\u00d8 [mm]: 36; suurin pituus [mm]: 549; v\u00e4h. pituus [mm]: 465; Pakkauspituus [cm]: 60; Pakkausleveys [cm]: 7,2; Pakkauskorkeus [mm]: 7,2; Tullitariffinumero: 87088035; Tappil\u00e4pimitta [mm]: 11; Asennuspuoli: Hinterachse; RENAULT: LAGUNA III Grandtour KT0\/1,LAGUNA III BT0\/1; 562100001R, 562100007R; Iskarit,Iskunvaimennin<\/p>\n","protected":false},"excerpt":{"rendered":"<p>MONROE Iskunvaimentimet MONROE ORIGINAL (Gas Technology) 43134 Iskarit,Iskunvaimennin RENAULT,LAGUNA III Grandtour KT0\/1,LAGUNA III BT0\/1<\/p>\n","protected":false},"featured_media":0,"template":"","meta":{"site-sidebar-layout":"default","site-content-layout":"default","ast-global-header-display":"","ast-main-header-display":"","ast-hfb-above-header-display":"","ast-hfb-below-header-display":"","ast-hfb-mobile-header-display":"","site-post-title":"","ast-breadcrumbs-content":"","ast-featured-img":"","footer-sml-layout":"","theme-transparent-header-meta":"","adv-header-id-meta":"","stick-header-meta":"","header-above-stick-meta":"","header-main-stick-meta":"","header-below-stick-meta":""},"pwb-brand":[79],"product_cat":[80],"product_tag":[],"class_list":{"0":"post-72453","1":"product","2":"type-product","3":"status-publish","5":"pwb-brand-monroe","6":"product_cat-iskunvaimennin","7":"desktop-align-left","8":"tablet-align-left","9":"mobile-align-left","11":"first","12":"instock","13":"product-type-external"},"brands":[{"id":79,"name":"MONROE","slug":"monroe"}],"_links":{"self":[{"href":"https:\/\/www.autonvaraosahaku.fi\/index.php?rest_route=\/wp\/v2\/product\/72453","targetHints":{"allow":["GET"]}}],"collection":[{"href":"https:\/\/www.autonvaraosahaku.fi\/index.php?rest_route=\/wp\/v2\/product"}],"about":[{"href":"https:\/\/www.autonvaraosahaku.fi\/index.php?rest_route=\/wp\/v2\/types\/product"}],"wp:attachment":[{"href":"https:\/\/www.autonvaraosahaku.fi\/index.php?rest_route=%2Fwp%2Fv2%2Fmedia&parent=72453"}],"wp:term":[{"taxonomy":"pwb-brand","embeddable":true,"href":"https:\/\/www.autonvaraosahaku.fi\/index.php?rest_route=%2Fwp%2Fv2%2Fpwb-brand&post=72453"},{"taxonomy":"product_cat","embeddable":true,"href":"https:\/\/www.autonvaraosahaku.fi\/index.php?rest_route=%2Fwp%2Fv2%2Fproduct_cat&post=72453"},{"taxonomy":"product_tag","embeddable":true,"href":"https:\/\/www.autonvaraosahaku.fi\/index.php?rest_route=%2Fwp%2Fv2%2Fproduct_tag&post=72453"}],"curies":[{"name":"wp","href":"https:\/\/api.w.org\/{rel}","templated":true}]}}