{"id":72468,"date":"2021-02-21T19:21:48","date_gmt":"2021-02-21T19:21:48","guid":{"rendered":"https:\/\/www.autonvaraosahaku.fi\/?product=mapco-59788-raidetanko"},"modified":"2021-02-21T19:21:50","modified_gmt":"2021-02-21T19:21:50","slug":"mapco-59788-raidetanko","status":"publish","type":"product","link":"https:\/\/www.autonvaraosahaku.fi\/?product=mapco-59788-raidetanko","title":{"rendered":"MAPCO 59788 Raidetanko"},"content":{"rendered":"<p>Asennuspuoli: etuakseli molemminpuoleinen; Kierremitta: M14x1,5; Varusteet: ajoneuvot s\u00e4hk\u00f6servo-ohjauksella; Tarvittava kappalem\u00e4\u00e4r\u00e4: 2; Alustanumeroon: 64999999; OPEL: MERIVA; VAUXHALL: MERIVA Mk I A<\/p>\n","protected":false},"excerpt":{"rendered":"<p>MAPCO Raidetanko 59788  OPEL,VAUXHALL,MERIVA,MERIVA Mk I A<\/p>\n","protected":false},"featured_media":0,"template":"","meta":{"site-sidebar-layout":"default","site-content-layout":"default","ast-global-header-display":"","ast-main-header-display":"","ast-hfb-above-header-display":"","ast-hfb-below-header-display":"","ast-hfb-mobile-header-display":"","site-post-title":"","ast-breadcrumbs-content":"","ast-featured-img":"","footer-sml-layout":"","theme-transparent-header-meta":"","adv-header-id-meta":"","stick-header-meta":"","header-above-stick-meta":"","header-main-stick-meta":"","header-below-stick-meta":""},"pwb-brand":[36],"product_cat":[258],"product_tag":[],"class_list":{"0":"post-72468","1":"product","2":"type-product","3":"status-publish","5":"pwb-brand-mapco","6":"product_cat-raidetanko","7":"desktop-align-left","8":"tablet-align-left","9":"mobile-align-left","11":"first","12":"instock","13":"product-type-external"},"brands":[{"id":36,"name":"MAPCO","slug":"mapco"}],"_links":{"self":[{"href":"https:\/\/www.autonvaraosahaku.fi\/index.php?rest_route=\/wp\/v2\/product\/72468","targetHints":{"allow":["GET"]}}],"collection":[{"href":"https:\/\/www.autonvaraosahaku.fi\/index.php?rest_route=\/wp\/v2\/product"}],"about":[{"href":"https:\/\/www.autonvaraosahaku.fi\/index.php?rest_route=\/wp\/v2\/types\/product"}],"wp:attachment":[{"href":"https:\/\/www.autonvaraosahaku.fi\/index.php?rest_route=%2Fwp%2Fv2%2Fmedia&parent=72468"}],"wp:term":[{"taxonomy":"pwb-brand","embeddable":true,"href":"https:\/\/www.autonvaraosahaku.fi\/index.php?rest_route=%2Fwp%2Fv2%2Fpwb-brand&post=72468"},{"taxonomy":"product_cat","embeddable":true,"href":"https:\/\/www.autonvaraosahaku.fi\/index.php?rest_route=%2Fwp%2Fv2%2Fproduct_cat&post=72468"},{"taxonomy":"product_tag","embeddable":true,"href":"https:\/\/www.autonvaraosahaku.fi\/index.php?rest_route=%2Fwp%2Fv2%2Fproduct_tag&post=72468"}],"curies":[{"name":"wp","href":"https:\/\/api.w.org\/{rel}","templated":true}]}}