{"id":72480,"date":"2021-02-21T19:21:55","date_gmt":"2021-02-21T19:21:55","guid":{"rendered":"https:\/\/www.autonvaraosahaku.fi\/?product=valeo-586053-oljynsuodatin"},"modified":"2021-02-21T19:21:55","modified_gmt":"2021-02-21T19:21:55","slug":"valeo-586053-oljynsuodatin","status":"publish","type":"product","link":"https:\/\/www.autonvaraosahaku.fi\/?product=valeo-586053-oljynsuodatin","title":{"rendered":"VALEO 586053 \u00d6ljynsuodatin"},"content":{"rendered":"<p>Kierremitta: UNF 3\/4-16; Ulkol\u00e4pimitta [mm]: 75; Sis\u00e4l\u00e4pimitta 1 [mm]: 69,4; Sis\u00e4l\u00e4pimitta 2 [mm]: 61,7; Korkeus (mm): 89; Avauspaine ohitusventtiili [bar]: 1; Suodatintyyppi: Ruuvattava suodatin; Paino [kg]: 0,399; Valmistusvuosi alkaen: 01\/1980; FIAT: SEICENTO 187,CINQUECENTO 170,PANDA 141A_,COUPE FA\/175,UNO 146A\/E,127,SEICENTO Van 187,TIPO 160,CROMA 154,PANDA Van 141_,TEMPRA 159,131,RITMO I 138A,TEMPRA S.W. 159,132,FIORINO 147,REGATA 138,ARGENTA 132A,RITMO Cabriolet,FIORINO 127,UNO Kasten 146,131 Familiare\/Panorama; SEAT: MARBELLA 28,IBIZA I 021A,TERRA Kasten 024A,MARBELLA Kasten 028A,TERRA 24,PANDA 141A,FURA 025A; ALFA ROMEO: 164 164,145 930,146 930,33 907A,33 905,ALFASUD Sprint 902.A,ALFASUD 901,33 Sportwagon 907B,33 Sportwagon 905A,ARNA 920; LANCIA: DELTA I 831AB0,KAPPA 838A,THEMA 834,DELTA II 836,KAPPA SW 838B,KAPPA Coupe 838,BETA Coupe 828BC,DEDRA 835,BETA MONTE CARLO 137AS, 137BS,A 112,DEDRA SW 835,BETA  H.P.E. 828BF,THEMA SW 834,BETA 828_B_,PRISMA 831AB0,TREVI 828DB; AUTOBIANCHI: A 112; ZASTAVA: YUGO; X18, 0046805828, 0060504284, 0060504569, 0071736162, 46805828, 510313, 510889, 530388, 534372, 60504284, 60504569, 60537470, 71736162, 71736164, 0046805828, 4434791, 46805828, 0046805828, 0071736162, 4371580, 4434791, 4434793, 4469396, 4469397, 4469398, 4469399, 4469400, 46805828, 46805829, 5939832, 71736162, 71736164, 7724167, 5009087, 5011997, 5017811, 0046805828, 0071736162, 4434791, 4434793, 46805828, 46805829, 71736162, 7701415054, SE028030288A<\/p>\n","protected":false},"excerpt":{"rendered":"<p>VALEO \u00d6ljynsuodatin 586053  FIAT,SEAT,ALFA ROMEO,SEICENTO 187,CINQUECENTO 170,PANDA 141A_,COUPE FA\/175,UNO 146A\/E,127,SEICENTO Van 187,TIPO 160<\/p>\n","protected":false},"featured_media":0,"template":"","meta":{"site-sidebar-layout":"default","site-content-layout":"default","ast-global-header-display":"","ast-main-header-display":"","ast-hfb-above-header-display":"","ast-hfb-below-header-display":"","ast-hfb-mobile-header-display":"","site-post-title":"","ast-breadcrumbs-content":"","ast-featured-img":"","footer-sml-layout":"","theme-transparent-header-meta":"","adv-header-id-meta":"","stick-header-meta":"","header-above-stick-meta":"","header-main-stick-meta":"","header-below-stick-meta":""},"pwb-brand":[28],"product_cat":[30],"product_tag":[],"class_list":{"0":"post-72480","1":"product","2":"type-product","3":"status-publish","5":"pwb-brand-valeo","6":"product_cat-oljynsuodatin","7":"desktop-align-left","8":"tablet-align-left","9":"mobile-align-left","11":"first","12":"instock","13":"product-type-external"},"brands":[{"id":28,"name":"VALEO","slug":"valeo"}],"_links":{"self":[{"href":"https:\/\/www.autonvaraosahaku.fi\/index.php?rest_route=\/wp\/v2\/product\/72480","targetHints":{"allow":["GET"]}}],"collection":[{"href":"https:\/\/www.autonvaraosahaku.fi\/index.php?rest_route=\/wp\/v2\/product"}],"about":[{"href":"https:\/\/www.autonvaraosahaku.fi\/index.php?rest_route=\/wp\/v2\/types\/product"}],"wp:attachment":[{"href":"https:\/\/www.autonvaraosahaku.fi\/index.php?rest_route=%2Fwp%2Fv2%2Fmedia&parent=72480"}],"wp:term":[{"taxonomy":"pwb-brand","embeddable":true,"href":"https:\/\/www.autonvaraosahaku.fi\/index.php?rest_route=%2Fwp%2Fv2%2Fpwb-brand&post=72480"},{"taxonomy":"product_cat","embeddable":true,"href":"https:\/\/www.autonvaraosahaku.fi\/index.php?rest_route=%2Fwp%2Fv2%2Fproduct_cat&post=72480"},{"taxonomy":"product_tag","embeddable":true,"href":"https:\/\/www.autonvaraosahaku.fi\/index.php?rest_route=%2Fwp%2Fv2%2Fproduct_tag&post=72480"}],"curies":[{"name":"wp","href":"https:\/\/api.w.org\/{rel}","templated":true}]}}