{"id":72483,"date":"2021-02-21T19:21:55","date_gmt":"2021-02-21T19:21:55","guid":{"rendered":"https:\/\/www.autonvaraosahaku.fi\/?product=mapco-104400hps-pyyhkijansulat"},"modified":"2021-02-21T19:21:56","modified_gmt":"2021-02-21T19:21:56","slug":"mapco-104400hps-pyyhkijansulat","status":"publish","type":"product","link":"https:\/\/www.autonvaraosahaku.fi\/?product=mapco-104400hps-pyyhkijansulat","title":{"rendered":"MAPCO 104400HPS Pyyhkij\u00e4nsulat"},"content":{"rendered":"<p>Laatu: HPS standard; M\u00e4\u00e4r\u00e4yksikk\u00f6: Kappale; Pyyhkij\u00e4nsulkatyyppi: Hybridipyyhinsulka; Pituus (mm): 400; Pituus (tuumaa): 16; M\u00e4\u00e4r\u00e4: 1; Tuotelinja: HPS Standard; Valmistusvuoteen: 03\/1979; VW: TRANSPORTER IV Bus 70XB, 70XC, 7DB, 7DW,SHARAN 7M8, 7M9, 7M6,GOLF II 19E, 1G1,PASSAT Variant 3B5,PASSAT Variant 3A5, 35I,GOLF I Cabriolet 155,TRANSPORTER IV Kasten 70XA,POLO 86C, 80,POLO Coupe 86C, 80,SCIROCCO 53B,GOLF I 17,CADDY I 14,JETTA II 19E, 1G2, 165,POLO CLASSIC 86C, 80,PASSAT 32B,POLO 86,SCIROCCO 53,JETTA I 16,DERBY 86C, 80,POLO Kasten 86CF,PASSAT 32,DERBY 86,PASSAT Variant 33; AUDI: 80 Avant 8C, B4,50 86; MERCEDES-BENZ: C-CLASS T-Model S203,E-CLASS T-Model S211,VIANO W639,M-CLASS W163,E-CLASS Kombi S210,VITO Bus W639,C-CLASS Kombi S202,VITO \/ MIXTO Kasten W639,VANEO 414,KOMBI Kombi S124,G-CLASS W463,G-CLASS W460,E-CLASS Kombi S124,G-CLASS W461,KOMBI Kombi S123,G-CLASS Cabrio W463; BMW: 3 E21; OPEL: CORSA B 73_, 78_, 79_,ANTARA,ASTRA F Caravan 51_, 52_,COMBO Kasten\/Kombi,COMBO Tour,AGILA B H08,CORSA A CC 93_, 94_, 98_, 99_,GT Cabriolet,CORSA A TR 91_, 92_, 96_, 97_,KADETT D 31_-34_, 41_-44_,ASTRA F CLASSIC Caravan,CORSA B Kombi F35,ASCONA A 81_, 86_, 87_, 88_,ASTRA F Van 55_,REKORD E Caravan 61_, 66_, 67_,KADETT D 32_,37_,39, _42,KADETT D Caravan 35_, 36_, 45_, 46_,CORSA A Kasten,ASCONA A Voyage 84_, 89_; FORD: FIESTA V JH_, JD_,GALAXY WGR,GALAXY WA6,FUSION JU_,KA RB_,TRANSIT MK-7 Kasten,RANGER TKE,TRANSIT MK-7 Bus,TRANSIT Kasten FA_ _,TRANSIT Bus FD_ _, FB_ _, FS_ _, FZ_ _, FC_ _,ECOSPORT,TRANSIT TOURNEO FB,FIESTA V Van,FIESTA II FBD,CAPRI III GECP,FIESTA Kasten F3L, F5L,FIESTA Kasten FVD,FIESTA Kasten WFVT; RENAULT: SC\u00c9NIC I JA0\/1_,MEGANE Scenic JA0\/1_,CLIO I B\/C57_, 5\/357_,ESPACE II J\/S63_,SUPER 5 B\/C40_,RAPID Kasten F40_, G40_,9 L42_,ESPACE I J11_,12,11 B\/C37_,LATITUDE L70_,CLIO I Kasten S57_,18 134_,11 Kasten S37_,17,18 Variable 135_,30 127_,12 Variable 117_,20 127_,15 130_,14 121_,18 Kasten,12 Kasten,SUPER 5 Kasten S40_; FIAT: PANDA 169,PUNTO 176,PANDA Van 169,PANDA 141A_,IDEA,ULYSSE 220,PUNTO Cabriolet 176C,PANDA Van 141_,RITMO I 138A,PUNTO Van 176L,REGATA 138,RITMO Cabriolet,REGATA Weekend 138; SKODA: FELICIA I 6U1,FELICIA II 6U1,FELICIA I Kombi 6U5,105,120 742,FELICIA II Kombi 6U5,FAVORIT 781,105,120 744,FAVORIT Forman 785,130,RAPID 120G, 130G, 135G; PEUGEOT: 206 Schr\u00e4gheck 2A\/C,206 CC 2D,206 SW 2E\/K,106 II 1,PARTNER Combispace 5F,106 I 1A, 1C,PARTNER Kasten 5,306 Break 7E, N3, N5,806 221,206 Stufenheck,EXPERT 224,504 A_, M_,106 Van 1_,104,305 II 581M,J7 Bus,504 Break D_, F_,504 Pick-up E_,104 Coupe,J7 Kasten,305 II Break 581E,J9 Bus,305 I 581A,J9 Kasten,J9 Pritsche\/Fahrgestell,J7 Pritsche\/Fahrgestell,305 I Break 581D; Tuulilasinpyyhkimet,Pyyhkij\u00e4t,Pyyhkij\u00e4nsulka<\/p>\n","protected":false},"excerpt":{"rendered":"<p>MAPCO Pyyhkij\u00e4nsulat 104400HPS Tuulilasinpyyhkimet,Pyyhkij\u00e4t VW,AUDI,MERCEDES-BENZ,TRANSPORTER IV Bus 70XB, 70XC, 7DB, 7DW,SHARAN 7M8, 7M9, 7M6<\/p>\n","protected":false},"featured_media":0,"template":"","meta":{"site-sidebar-layout":"default","site-content-layout":"default","ast-global-header-display":"","ast-main-header-display":"","ast-hfb-above-header-display":"","ast-hfb-below-header-display":"","ast-hfb-mobile-header-display":"","site-post-title":"","ast-breadcrumbs-content":"","ast-featured-img":"","footer-sml-layout":"","theme-transparent-header-meta":"","adv-header-id-meta":"","stick-header-meta":"","header-above-stick-meta":"","header-main-stick-meta":"","header-below-stick-meta":""},"pwb-brand":[36],"product_cat":[33],"product_tag":[],"class_list":{"0":"post-72483","1":"product","2":"type-product","3":"status-publish","5":"pwb-brand-mapco","6":"product_cat-pyyhkijansulat","7":"desktop-align-left","8":"tablet-align-left","9":"mobile-align-left","11":"first","12":"instock","13":"product-type-external"},"brands":[{"id":36,"name":"MAPCO","slug":"mapco"}],"_links":{"self":[{"href":"https:\/\/www.autonvaraosahaku.fi\/index.php?rest_route=\/wp\/v2\/product\/72483","targetHints":{"allow":["GET"]}}],"collection":[{"href":"https:\/\/www.autonvaraosahaku.fi\/index.php?rest_route=\/wp\/v2\/product"}],"about":[{"href":"https:\/\/www.autonvaraosahaku.fi\/index.php?rest_route=\/wp\/v2\/types\/product"}],"wp:attachment":[{"href":"https:\/\/www.autonvaraosahaku.fi\/index.php?rest_route=%2Fwp%2Fv2%2Fmedia&parent=72483"}],"wp:term":[{"taxonomy":"pwb-brand","embeddable":true,"href":"https:\/\/www.autonvaraosahaku.fi\/index.php?rest_route=%2Fwp%2Fv2%2Fpwb-brand&post=72483"},{"taxonomy":"product_cat","embeddable":true,"href":"https:\/\/www.autonvaraosahaku.fi\/index.php?rest_route=%2Fwp%2Fv2%2Fproduct_cat&post=72483"},{"taxonomy":"product_tag","embeddable":true,"href":"https:\/\/www.autonvaraosahaku.fi\/index.php?rest_route=%2Fwp%2Fv2%2Fproduct_tag&post=72483"}],"curies":[{"name":"wp","href":"https:\/\/api.w.org\/{rel}","templated":true}]}}