{"id":72500,"date":"2021-02-21T19:22:02","date_gmt":"2021-02-21T19:22:02","guid":{"rendered":"https:\/\/www.autonvaraosahaku.fi\/?product=monroe-d6415-iskunvaimennin"},"modified":"2021-02-21T19:22:02","modified_gmt":"2021-02-21T19:22:02","slug":"monroe-d6415-iskunvaimennin","status":"publish","type":"product","link":"https:\/\/www.autonvaraosahaku.fi\/?product=monroe-d6415-iskunvaimennin","title":{"rendered":"MONROE D6415 Iskunvaimennin"},"content":{"rendered":"<p>Iskunvaimennin tyyppi: Kaasupaine; Iskunvaimennusj\u00e4rjestelm\u00e4: Yksiputki; Iskunvaimennin asennustapa: Silmukka ylh\u00e4\u00e4ll\u00e4, Silmukka alhaalla; Paino [kg]: 2,100; Reik\u00e4-\u00d8 [mm]: 46; suurin pituus [mm]: 435; v\u00e4h. pituus [mm]: 288; Pakkauspituus [cm]: 61,3; Pakkausleveys [cm]: 13,8; Pakkauskorkeus [mm]: 6,5; Tullitariffinumero: 87088035; Tappil\u00e4pimitta [mm]: 14; Asennuspuoli: Vorderachse; LAND ROVER: 88\/109,88\/109 Hardtop; 242997, 242999, 243001, 245168, 263822, 265104, 267952, 267954, 501444, 502532, 503228, 508033, 512089, 512102, 90508033, GSA195, GSA196, GSA390, GSA392, RTC4230, RTC4231, RTC4234, RTC4483, RTC4484, 503227, 503228, 162792, 167796, 168700, 169799, 242997, 242999, 243001, 245168, 263822, 265104, 267952, 267954, 501444, 502532, 503228, 508033, 512089, 512102, 594587, 90508033, GDA1009, GSA195, GSA196, GSA390, GSA392, GSA411, RTC4230, RTC4231, RTC4234, RTC4283, RTC4483, RTC4484; Iskarit,Iskunvaimennin<\/p>\n","protected":false},"excerpt":{"rendered":"<p>MONROE Iskunvaimentimet MONROE ADVENTURE D6415 Iskarit,Iskunvaimennin LAND ROVER,88\/109,88\/109 Hardtop<\/p>\n","protected":false},"featured_media":0,"template":"","meta":{"site-sidebar-layout":"default","site-content-layout":"default","ast-global-header-display":"","ast-main-header-display":"","ast-hfb-above-header-display":"","ast-hfb-below-header-display":"","ast-hfb-mobile-header-display":"","site-post-title":"","ast-breadcrumbs-content":"","ast-featured-img":"","footer-sml-layout":"","theme-transparent-header-meta":"","adv-header-id-meta":"","stick-header-meta":"","header-above-stick-meta":"","header-main-stick-meta":"","header-below-stick-meta":""},"pwb-brand":[79],"product_cat":[80],"product_tag":[],"class_list":{"0":"post-72500","1":"product","2":"type-product","3":"status-publish","5":"pwb-brand-monroe","6":"product_cat-iskunvaimennin","7":"desktop-align-left","8":"tablet-align-left","9":"mobile-align-left","11":"first","12":"instock","13":"product-type-external"},"brands":[{"id":79,"name":"MONROE","slug":"monroe"}],"_links":{"self":[{"href":"https:\/\/www.autonvaraosahaku.fi\/index.php?rest_route=\/wp\/v2\/product\/72500","targetHints":{"allow":["GET"]}}],"collection":[{"href":"https:\/\/www.autonvaraosahaku.fi\/index.php?rest_route=\/wp\/v2\/product"}],"about":[{"href":"https:\/\/www.autonvaraosahaku.fi\/index.php?rest_route=\/wp\/v2\/types\/product"}],"wp:attachment":[{"href":"https:\/\/www.autonvaraosahaku.fi\/index.php?rest_route=%2Fwp%2Fv2%2Fmedia&parent=72500"}],"wp:term":[{"taxonomy":"pwb-brand","embeddable":true,"href":"https:\/\/www.autonvaraosahaku.fi\/index.php?rest_route=%2Fwp%2Fv2%2Fpwb-brand&post=72500"},{"taxonomy":"product_cat","embeddable":true,"href":"https:\/\/www.autonvaraosahaku.fi\/index.php?rest_route=%2Fwp%2Fv2%2Fproduct_cat&post=72500"},{"taxonomy":"product_tag","embeddable":true,"href":"https:\/\/www.autonvaraosahaku.fi\/index.php?rest_route=%2Fwp%2Fv2%2Fproduct_tag&post=72500"}],"curies":[{"name":"wp","href":"https:\/\/api.w.org\/{rel}","templated":true}]}}