{"id":72526,"date":"2021-02-21T19:22:09","date_gmt":"2021-02-21T19:22:09","guid":{"rendered":"https:\/\/www.autonvaraosahaku.fi\/?product=ae-v98082-pakoventtiili"},"modified":"2021-02-21T19:22:11","modified_gmt":"2021-02-21T19:22:11","slug":"ae-v98082-pakoventtiili","status":"publish","type":"product","link":"https:\/\/www.autonvaraosahaku.fi\/?product=ae-v98082-pakoventtiili","title":{"rendered":"AE V98082 Pakoventtiili"},"content":{"rendered":"<p>Pituus (mm): 101,1; Materiaali: Bimetalli, Kromi-mangani-nikkeliter\u00e4s; Korvaava tuote\/korvaava tiedote 2: venttiilinvarsi kromattu; Venttiililautasen l\u00e4pimitta [mm]: 24,35; Venttiilinvarren l\u00e4pimitta [mm]: 5,5; venttiiliistukan kulma [astetta]: 45; Venttiilivarsimateriaali: Kromi-siliciumter\u00e4s; Moottorinumero: ET3J4 (KFU); PEUGEOT: 206 Schr\u00e4gheck 2A\/C,207 WA_, WC_,307 SW 3H,307 3A\/C,206 SW 2E\/K,307 Break 3E,1007 KM_; CITRO\u00cbN: C2 JM_,C3 I FC_,C4 I LC_,C4 Coupe LA_; 0949C4, 0949C4<\/p>\n","protected":false},"excerpt":{"rendered":"<p>AE Pakoventtiili V98082  PEUGEOT,CITRO\u00cbN,206 Schr\u00e4gheck 2A\/C,207 WA_, WC_,307 SW 3H,307 3A\/C,206 SW 2E\/K,307 Break 3E,1007 KM_,C2 JM_,C3 I FC_<\/p>\n","protected":false},"featured_media":0,"template":"","meta":{"site-sidebar-layout":"default","site-content-layout":"default","ast-global-header-display":"","ast-main-header-display":"","ast-hfb-above-header-display":"","ast-hfb-below-header-display":"","ast-hfb-mobile-header-display":"","site-post-title":"","ast-breadcrumbs-content":"","ast-featured-img":"","footer-sml-layout":"","theme-transparent-header-meta":"","adv-header-id-meta":"","stick-header-meta":"","header-above-stick-meta":"","header-main-stick-meta":"","header-below-stick-meta":""},"pwb-brand":[190],"product_cat":[209],"product_tag":[],"class_list":{"0":"post-72526","1":"product","2":"type-product","3":"status-publish","5":"pwb-brand-ae","6":"product_cat-pakoventtiili","7":"desktop-align-left","8":"tablet-align-left","9":"mobile-align-left","11":"first","12":"instock","13":"product-type-external"},"brands":[{"id":190,"name":"AE","slug":"ae"}],"_links":{"self":[{"href":"https:\/\/www.autonvaraosahaku.fi\/index.php?rest_route=\/wp\/v2\/product\/72526","targetHints":{"allow":["GET"]}}],"collection":[{"href":"https:\/\/www.autonvaraosahaku.fi\/index.php?rest_route=\/wp\/v2\/product"}],"about":[{"href":"https:\/\/www.autonvaraosahaku.fi\/index.php?rest_route=\/wp\/v2\/types\/product"}],"wp:attachment":[{"href":"https:\/\/www.autonvaraosahaku.fi\/index.php?rest_route=%2Fwp%2Fv2%2Fmedia&parent=72526"}],"wp:term":[{"taxonomy":"pwb-brand","embeddable":true,"href":"https:\/\/www.autonvaraosahaku.fi\/index.php?rest_route=%2Fwp%2Fv2%2Fpwb-brand&post=72526"},{"taxonomy":"product_cat","embeddable":true,"href":"https:\/\/www.autonvaraosahaku.fi\/index.php?rest_route=%2Fwp%2Fv2%2Fproduct_cat&post=72526"},{"taxonomy":"product_tag","embeddable":true,"href":"https:\/\/www.autonvaraosahaku.fi\/index.php?rest_route=%2Fwp%2Fv2%2Fproduct_tag&post=72526"}],"curies":[{"name":"wp","href":"https:\/\/api.w.org\/{rel}","templated":true}]}}