{"id":72529,"date":"2021-02-21T19:22:09","date_gmt":"2021-02-21T19:22:09","guid":{"rendered":"https:\/\/www.autonvaraosahaku.fi\/?product=ae-v94053-pakoventtiili"},"modified":"2021-02-21T19:22:12","modified_gmt":"2021-02-21T19:22:12","slug":"ae-v94053-pakoventtiili","status":"publish","type":"product","link":"https:\/\/www.autonvaraosahaku.fi\/?product=ae-v94053-pakoventtiili","title":{"rendered":"AE V94053 Pakoventtiili"},"content":{"rendered":"<p>Pituus (mm): 90,000; Materiaali: Kromi-mangani-nikkeliter\u00e4s; Pinta: nitrattu; Korvaava tuote\/korvaava tiedote 2: Stelliittik\u00e4sitelty venttiilinistukka; Venttiililautasen l\u00e4pimitta [mm]: 24,300; Venttiilinvarren l\u00e4pimitta [mm]: 5,955; venttiiliistukan kulma [astetta]: 45; TECDOC-moottorinumero: 26961; LAND ROVER: FREELANDER LN,FREELANDER Soft Top; ROVER: 75 RJ,75 Tourer RJ,25 RF,200 RF,45 Stufenheck RT,45 RT,400 RT,CABRIOLET XW,400 Hatchback RT,STREETWISE,200 Hatchback XW,200 Coupe XW,100 \/ METRO XP,400 XW,100 Cabriolet XP,COUPE; MG: MGF RD,MG TF,MG ZR,MG ZT- T,MG ZS,MG ZT,MG ZS Hatchback,EXPRESS Kasten; CATERHAM: SEVEN CF,21; LOTUS: ELISE; LGH100820, LGH100820L, LGH101190L, LGH100820, LGH100820, LGH101190<\/p>\n","protected":false},"excerpt":{"rendered":"<p>AE Pakoventtiili V94053  LAND ROVER,ROVER,MG,FREELANDER LN,FREELANDER Soft Top,75 RJ,75 Tourer RJ,25 RF,200 RF,45 Stufenheck RT,45 RT,400 RT<\/p>\n","protected":false},"featured_media":0,"template":"","meta":{"site-sidebar-layout":"default","site-content-layout":"default","ast-global-header-display":"","ast-main-header-display":"","ast-hfb-above-header-display":"","ast-hfb-below-header-display":"","ast-hfb-mobile-header-display":"","site-post-title":"","ast-breadcrumbs-content":"","ast-featured-img":"","footer-sml-layout":"","theme-transparent-header-meta":"","adv-header-id-meta":"","stick-header-meta":"","header-above-stick-meta":"","header-main-stick-meta":"","header-below-stick-meta":""},"pwb-brand":[190],"product_cat":[209],"product_tag":[],"class_list":{"0":"post-72529","1":"product","2":"type-product","3":"status-publish","5":"pwb-brand-ae","6":"product_cat-pakoventtiili","7":"desktop-align-left","8":"tablet-align-left","9":"mobile-align-left","11":"first","12":"instock","13":"product-type-external"},"brands":[{"id":190,"name":"AE","slug":"ae"}],"_links":{"self":[{"href":"https:\/\/www.autonvaraosahaku.fi\/index.php?rest_route=\/wp\/v2\/product\/72529","targetHints":{"allow":["GET"]}}],"collection":[{"href":"https:\/\/www.autonvaraosahaku.fi\/index.php?rest_route=\/wp\/v2\/product"}],"about":[{"href":"https:\/\/www.autonvaraosahaku.fi\/index.php?rest_route=\/wp\/v2\/types\/product"}],"wp:attachment":[{"href":"https:\/\/www.autonvaraosahaku.fi\/index.php?rest_route=%2Fwp%2Fv2%2Fmedia&parent=72529"}],"wp:term":[{"taxonomy":"pwb-brand","embeddable":true,"href":"https:\/\/www.autonvaraosahaku.fi\/index.php?rest_route=%2Fwp%2Fv2%2Fpwb-brand&post=72529"},{"taxonomy":"product_cat","embeddable":true,"href":"https:\/\/www.autonvaraosahaku.fi\/index.php?rest_route=%2Fwp%2Fv2%2Fproduct_cat&post=72529"},{"taxonomy":"product_tag","embeddable":true,"href":"https:\/\/www.autonvaraosahaku.fi\/index.php?rest_route=%2Fwp%2Fv2%2Fproduct_tag&post=72529"}],"curies":[{"name":"wp","href":"https:\/\/api.w.org\/{rel}","templated":true}]}}