{"id":72532,"date":"2021-02-21T19:22:09","date_gmt":"2021-02-21T19:22:09","guid":{"rendered":"https:\/\/www.autonvaraosahaku.fi\/?product=ae-v91931-imuventtiili"},"modified":"2021-02-21T19:22:13","modified_gmt":"2021-02-21T19:22:13","slug":"ae-v91931-imuventtiili","status":"publish","type":"product","link":"https:\/\/www.autonvaraosahaku.fi\/?product=ae-v91931-imuventtiili","title":{"rendered":"AE V91931 Imuventtiili"},"content":{"rendered":"<p>Pituus (mm): 113,000; Materiaali: Kromi-siliciumter\u00e4s; Korvaava tuote\/korvaava tiedote 2: venttiilinvarsi kromattu, Venttilivarren p\u00e4\u00e4 karkaistu; Venttiililautasen l\u00e4pimitta [mm]: 30,000; Venttiilinvarren l\u00e4pimitta [mm]: 7,000; venttiiliistukan kulma [astetta]: 45; TECDOC-moottorinumero: 4616; LANCIA: KAPPA 838A,KAPPA SW 838B,KAPPA Coupe 838; FIAT: COUPE FA\/175,BRAVO I 182,MAREA Weekend 185,MAREA 185; ALFA ROMEO: 147 937,145 930,146 930; 60812982, 7735898, 60812982, 7735898, 60812982, 7735898<\/p>\n","protected":false},"excerpt":{"rendered":"<p>AE Imuventtiili V91931  LANCIA,FIAT,ALFA ROMEO,KAPPA 838A,KAPPA SW 838B,KAPPA Coupe 838,COUPE FA\/175,BRAVO I 182,MAREA Weekend 185,MAREA 185,147 937<\/p>\n","protected":false},"featured_media":0,"template":"","meta":{"site-sidebar-layout":"default","site-content-layout":"default","ast-global-header-display":"","ast-main-header-display":"","ast-hfb-above-header-display":"","ast-hfb-below-header-display":"","ast-hfb-mobile-header-display":"","site-post-title":"","ast-breadcrumbs-content":"","ast-featured-img":"","footer-sml-layout":"","theme-transparent-header-meta":"","adv-header-id-meta":"","stick-header-meta":"","header-above-stick-meta":"","header-main-stick-meta":"","header-below-stick-meta":""},"pwb-brand":[190],"product_cat":[274],"product_tag":[],"class_list":{"0":"post-72532","1":"product","2":"type-product","3":"status-publish","5":"pwb-brand-ae","6":"product_cat-imuventtiili","7":"desktop-align-left","8":"tablet-align-left","9":"mobile-align-left","11":"first","12":"instock","13":"product-type-external"},"brands":[{"id":190,"name":"AE","slug":"ae"}],"_links":{"self":[{"href":"https:\/\/www.autonvaraosahaku.fi\/index.php?rest_route=\/wp\/v2\/product\/72532","targetHints":{"allow":["GET"]}}],"collection":[{"href":"https:\/\/www.autonvaraosahaku.fi\/index.php?rest_route=\/wp\/v2\/product"}],"about":[{"href":"https:\/\/www.autonvaraosahaku.fi\/index.php?rest_route=\/wp\/v2\/types\/product"}],"wp:attachment":[{"href":"https:\/\/www.autonvaraosahaku.fi\/index.php?rest_route=%2Fwp%2Fv2%2Fmedia&parent=72532"}],"wp:term":[{"taxonomy":"pwb-brand","embeddable":true,"href":"https:\/\/www.autonvaraosahaku.fi\/index.php?rest_route=%2Fwp%2Fv2%2Fpwb-brand&post=72532"},{"taxonomy":"product_cat","embeddable":true,"href":"https:\/\/www.autonvaraosahaku.fi\/index.php?rest_route=%2Fwp%2Fv2%2Fproduct_cat&post=72532"},{"taxonomy":"product_tag","embeddable":true,"href":"https:\/\/www.autonvaraosahaku.fi\/index.php?rest_route=%2Fwp%2Fv2%2Fproduct_tag&post=72532"}],"curies":[{"name":"wp","href":"https:\/\/api.w.org\/{rel}","templated":true}]}}