{"id":72567,"date":"2021-02-21T19:22:23","date_gmt":"2021-02-21T19:22:23","guid":{"rendered":"https:\/\/www.autonvaraosahaku.fi\/?product=purflux-c802-polttoainesuodatin"},"modified":"2021-02-21T19:22:26","modified_gmt":"2021-02-21T19:22:26","slug":"purflux-c802-polttoainesuodatin","status":"publish","type":"product","link":"https:\/\/www.autonvaraosahaku.fi\/?product=purflux-c802-polttoainesuodatin","title":{"rendered":"PURFLUX C802 Polttoainesuodatin"},"content":{"rendered":"<p>Ulkol\u00e4pimitta [mm]: 84; Sis\u00e4l\u00e4pimitta [mm]: 8; Korkeus (mm): 76; OE-numerolle: 6000605431; LEXUS: IS II GSE2_, ALE2_, USE2_; TOYOTA: HILUX III Pick-up TGN1_, GGN2_, GGN1_, KUN2_, KUN1_,HILUX III Pritsche\/Fahrgestell KUN1_, TGN3_, TGN2_, TGN1_,,FORTUNER Gel\u00e4ndewagen geschlossen TGN6_, KUN6_, GGN6_, TGN5; FIAT: FULLBACK Pick-up 502_, 503_; MITSUBISHI: L200 KJ_; ISUZU: D-MAX TFR, TFS,D-MAX Pritsche\/Fahrgestell; 6000605426, 6000605431, 8981017493, 8981596930, 8981824450, 8981941190, 98101749, 98159693, 98182455, 98194119, 1770A223, 1770A233, 1770A321, 1770A338, 233000L010, 233000L011, 233000L030, 233000L031, 233000L032, 2330026100, 2330026101, 233900L010, 233900L020, 233900L030, 233900L041, 23390YZZA1, 23390YZZA2<\/p>\n","protected":false},"excerpt":{"rendered":"<p>PURFLUX Polttoainesuodatin C802  LEXUS,TOYOTA,FIAT,IS II GSE2_, ALE2_, USE2_,HILUX III Pick-up TGN1_, GGN2_, GGN1_, KUN2_, KUN1_<\/p>\n","protected":false},"featured_media":0,"template":"","meta":{"site-sidebar-layout":"default","site-content-layout":"default","ast-global-header-display":"","ast-main-header-display":"","ast-hfb-above-header-display":"","ast-hfb-below-header-display":"","ast-hfb-mobile-header-display":"","site-post-title":"","ast-breadcrumbs-content":"","ast-featured-img":"","footer-sml-layout":"","theme-transparent-header-meta":"","adv-header-id-meta":"","stick-header-meta":"","header-above-stick-meta":"","header-main-stick-meta":"","header-below-stick-meta":""},"pwb-brand":[303],"product_cat":[29],"product_tag":[],"class_list":{"0":"post-72567","1":"product","2":"type-product","3":"status-publish","5":"pwb-brand-purflux","6":"product_cat-polttoainesuodatin","7":"desktop-align-left","8":"tablet-align-left","9":"mobile-align-left","11":"first","12":"instock","13":"product-type-external"},"brands":[{"id":303,"name":"PURFLUX","slug":"purflux"}],"_links":{"self":[{"href":"https:\/\/www.autonvaraosahaku.fi\/index.php?rest_route=\/wp\/v2\/product\/72567","targetHints":{"allow":["GET"]}}],"collection":[{"href":"https:\/\/www.autonvaraosahaku.fi\/index.php?rest_route=\/wp\/v2\/product"}],"about":[{"href":"https:\/\/www.autonvaraosahaku.fi\/index.php?rest_route=\/wp\/v2\/types\/product"}],"wp:attachment":[{"href":"https:\/\/www.autonvaraosahaku.fi\/index.php?rest_route=%2Fwp%2Fv2%2Fmedia&parent=72567"}],"wp:term":[{"taxonomy":"pwb-brand","embeddable":true,"href":"https:\/\/www.autonvaraosahaku.fi\/index.php?rest_route=%2Fwp%2Fv2%2Fpwb-brand&post=72567"},{"taxonomy":"product_cat","embeddable":true,"href":"https:\/\/www.autonvaraosahaku.fi\/index.php?rest_route=%2Fwp%2Fv2%2Fproduct_cat&post=72567"},{"taxonomy":"product_tag","embeddable":true,"href":"https:\/\/www.autonvaraosahaku.fi\/index.php?rest_route=%2Fwp%2Fv2%2Fproduct_tag&post=72567"}],"curies":[{"name":"wp","href":"https:\/\/api.w.org\/{rel}","templated":true}]}}