{"id":72587,"date":"2021-02-21T19:22:30","date_gmt":"2021-02-21T19:22:30","guid":{"rendered":"https:\/\/www.autonvaraosahaku.fi\/?product=goetze-engine-08-325100-00-mannanrenkaat"},"modified":"2021-02-21T19:22:32","modified_gmt":"2021-02-21T19:22:32","slug":"goetze-engine-08-325100-00-mannanrenkaat","status":"publish","type":"product","link":"https:\/\/www.autonvaraosahaku.fi\/?product=goetze-engine-08-325100-00-mannanrenkaat","title":{"rendered":"GOETZE ENGINE 08-325100-00 M\u00e4nn\u00e4nrenkaat"},"content":{"rendered":"<p>Sylinterin halkaisija [mm]: 100,00; Komponenttinumero: 1.5mm 005 P IKA, 1.75mm 026 P IKA, 3.0mm 231 P GOE13; Vakiomitta (STD): ; TECDOC-moottorinumero: 2935; PORSCHE: 911 964,911 Cabriolet 964,911 Targa 964,911 Speedster 964; 96410392500, 96410392520; M\u00e4nn\u00e4nrengassarja<\/p>\n","protected":false},"excerpt":{"rendered":"<p>GOETZE ENGINE M\u00e4nn\u00e4nrenkaat 08-325100-00 M\u00e4nn\u00e4nrengassarja PORSCHE,911 964,911 Cabriolet 964,911 Targa 964,911 Speedster 964<\/p>\n","protected":false},"featured_media":0,"template":"","meta":{"site-sidebar-layout":"default","site-content-layout":"default","ast-global-header-display":"","ast-main-header-display":"","ast-hfb-above-header-display":"","ast-hfb-below-header-display":"","ast-hfb-mobile-header-display":"","site-post-title":"","ast-breadcrumbs-content":"","ast-featured-img":"","footer-sml-layout":"","theme-transparent-header-meta":"","adv-header-id-meta":"","stick-header-meta":"","header-above-stick-meta":"","header-main-stick-meta":"","header-below-stick-meta":""},"pwb-brand":[224],"product_cat":[154],"product_tag":[],"class_list":{"0":"post-72587","1":"product","2":"type-product","3":"status-publish","5":"pwb-brand-goetze-engine","6":"product_cat-mannanrenkaat","7":"desktop-align-left","8":"tablet-align-left","9":"mobile-align-left","11":"first","12":"instock","13":"product-type-external"},"brands":[{"id":224,"name":"GOETZE ENGINE","slug":"goetze-engine"}],"_links":{"self":[{"href":"https:\/\/www.autonvaraosahaku.fi\/index.php?rest_route=\/wp\/v2\/product\/72587","targetHints":{"allow":["GET"]}}],"collection":[{"href":"https:\/\/www.autonvaraosahaku.fi\/index.php?rest_route=\/wp\/v2\/product"}],"about":[{"href":"https:\/\/www.autonvaraosahaku.fi\/index.php?rest_route=\/wp\/v2\/types\/product"}],"wp:attachment":[{"href":"https:\/\/www.autonvaraosahaku.fi\/index.php?rest_route=%2Fwp%2Fv2%2Fmedia&parent=72587"}],"wp:term":[{"taxonomy":"pwb-brand","embeddable":true,"href":"https:\/\/www.autonvaraosahaku.fi\/index.php?rest_route=%2Fwp%2Fv2%2Fpwb-brand&post=72587"},{"taxonomy":"product_cat","embeddable":true,"href":"https:\/\/www.autonvaraosahaku.fi\/index.php?rest_route=%2Fwp%2Fv2%2Fproduct_cat&post=72587"},{"taxonomy":"product_tag","embeddable":true,"href":"https:\/\/www.autonvaraosahaku.fi\/index.php?rest_route=%2Fwp%2Fv2%2Fproduct_tag&post=72587"}],"curies":[{"name":"wp","href":"https:\/\/api.w.org\/{rel}","templated":true}]}}