{"id":72590,"date":"2021-02-21T19:22:30","date_gmt":"2021-02-21T19:22:30","guid":{"rendered":"https:\/\/www.autonvaraosahaku.fi\/?product=valeo-837304-kytkinpaketti"},"modified":"2021-02-21T19:22:33","modified_gmt":"2021-02-21T19:22:33","slug":"valeo-837304-kytkinpaketti","status":"publish","type":"product","link":"https:\/\/www.autonvaraosahaku.fi\/?product=valeo-837304-kytkinpaketti","title":{"rendered":"VALEO 837304 Kytkinpaketti"},"content":{"rendered":"<p>Uusi osa: ; Korvaava tuote\/korvaava tiedote 2: Vauhtipy\u00f6r\u00e4ll\u00e4, Ruuvisarjalla, varmistusruuvisarjalla, Kytkinlevyll\u00e4; Moottorimalli: Moottoreihin, joissa kaksoismassa vauhtipy\u00f6r\u00e4; Vauhtipy\u00f6r\u00e4valmistajalle: LUK; Lis\u00e4tarvike\/lis\u00e4tieto: Painelevyll\u00e4, Irroitusmekanismilla; Ty\u00f6nt\u00f6voima [N]: 7200; Hammasluku: 23; Paino [kg]: 18,5; Tuotelinja: FULLPACK DMF (CSC); Valmistusvuosi alkaen: 03\/1999; VW: GOLF IV 1J1,POLO 9N_,GOLF IV Variant 1J5,SHARAN 7M8, 7M9, 7M6,BORA 1J2,BORA Kombi 1J6; AUDI: A3 8L1; SKODA: FABIA 6Y2,OCTAVIA Combi 1U5,OCTAVIA 1U2; SEAT: IBIZA IV 6L1,LEON 1M1,ALHAMBRA 7V8, 7V9,TOLEDO II 1M2,CORDOBA 6L2; FORD: GALAXY WGR; 028105266H, 038105266AG, 038105266AQ, 038105266BB, 038105266C, 03L105266CE, 28105266H, 38105266AG, 38105266AQ, 38105266BB, 38105266C, 3L105266CE, 1100675, 1134890, 6M216375AA, XM216375AA, YM216375BA, 028105266H, 038105266AG, 038105266AQ, 038105266BB, 03L105266CE, 28105266H, 38105266AG, 38105266AQ, 38105266BB, 3L105266CE, 028105266H, 038105266AG, 038105266BB, 038105266Q, 03L105266CE, 28105266H, 38105266AG, 38105266BB, 38105266Q, 3L105266CE, 028105266H, 038105266AG, 038105266AQ, 038105266BB, 038105266C, 038105266Q, 03L105266CE, 28105266H, 38105266AG, 38105266AQ, 38105266BB, 38105266C, 38105266Q, 3L105266CE; Kytkinsarja<\/p>\n","protected":false},"excerpt":{"rendered":"<p>VALEO Kytkinpaketti 837304 Kytkinsarja VW,AUDI,SKODA,GOLF IV 1J1,POLO 9N_,GOLF IV Variant 1J5,SHARAN 7M8, 7M9, 7M6,BORA 1J2,BORA Kombi 1J6,A3 8L1<\/p>\n","protected":false},"featured_media":0,"template":"","meta":{"site-sidebar-layout":"default","site-content-layout":"default","ast-global-header-display":"","ast-main-header-display":"","ast-hfb-above-header-display":"","ast-hfb-below-header-display":"","ast-hfb-mobile-header-display":"","site-post-title":"","ast-breadcrumbs-content":"","ast-featured-img":"","footer-sml-layout":"","theme-transparent-header-meta":"","adv-header-id-meta":"","stick-header-meta":"","header-above-stick-meta":"","header-main-stick-meta":"","header-below-stick-meta":""},"pwb-brand":[28],"product_cat":[21],"product_tag":[],"class_list":{"0":"post-72590","1":"product","2":"type-product","3":"status-publish","5":"pwb-brand-valeo","6":"product_cat-kytkinpaketti","7":"desktop-align-left","8":"tablet-align-left","9":"mobile-align-left","11":"first","12":"instock","13":"product-type-external"},"brands":[{"id":28,"name":"VALEO","slug":"valeo"}],"_links":{"self":[{"href":"https:\/\/www.autonvaraosahaku.fi\/index.php?rest_route=\/wp\/v2\/product\/72590","targetHints":{"allow":["GET"]}}],"collection":[{"href":"https:\/\/www.autonvaraosahaku.fi\/index.php?rest_route=\/wp\/v2\/product"}],"about":[{"href":"https:\/\/www.autonvaraosahaku.fi\/index.php?rest_route=\/wp\/v2\/types\/product"}],"wp:attachment":[{"href":"https:\/\/www.autonvaraosahaku.fi\/index.php?rest_route=%2Fwp%2Fv2%2Fmedia&parent=72590"}],"wp:term":[{"taxonomy":"pwb-brand","embeddable":true,"href":"https:\/\/www.autonvaraosahaku.fi\/index.php?rest_route=%2Fwp%2Fv2%2Fpwb-brand&post=72590"},{"taxonomy":"product_cat","embeddable":true,"href":"https:\/\/www.autonvaraosahaku.fi\/index.php?rest_route=%2Fwp%2Fv2%2Fproduct_cat&post=72590"},{"taxonomy":"product_tag","embeddable":true,"href":"https:\/\/www.autonvaraosahaku.fi\/index.php?rest_route=%2Fwp%2Fv2%2Fproduct_tag&post=72590"}],"curies":[{"name":"wp","href":"https:\/\/api.w.org\/{rel}","templated":true}]}}