{"id":72593,"date":"2021-02-21T19:22:30","date_gmt":"2021-02-21T19:22:30","guid":{"rendered":"https:\/\/www.autonvaraosahaku.fi\/?product=topran-821-303-tiivisteet"},"modified":"2021-02-21T19:22:34","modified_gmt":"2021-02-21T19:22:34","slug":"topran-821-303-tiivisteet","status":"publish","type":"product","link":"https:\/\/www.autonvaraosahaku.fi\/?product=topran-821-303-tiivisteet","title":{"rendered":"TOPRAN 821 303 Tiivisteet"},"content":{"rendered":"<p>Ahtotapa: Pakokaasuahdin; Sy\u00f6tt\u00f6 \/ paluu: Takaisinvirtaukselle; Pakoputkisto: Turboahtimen j\u00e4lkeen; Moottorinumeroon: 17A62712; OPEL: CORSA D,CORSA C F08, F68,ASTRA H Caravan L35,MERIVA,ASTRA H L48,ASTRA J Sports Tourer,INSIGNIA Caravan,ASTRA J,ASTRA H GTC L08,AGILA A H00,ZAFIRA TOURER C P12,TIGRA TwinTop,INSIGNIA,INSIGNIA Stufenheck,COMBO Kasten\/Kombi,ASTRA GTC J,COMBO Tour,AGILA B H08,CORSA D Van,ASTRA H Stufenheck L69,COMBO Kasten\/Kombi X12,ASTRA H Kasten L70; HYUNDAI: ix35 LM, EL, ELH,i30 FD,GETZ TB,i10 PA,i20 PB, PBT,TUCSON JM,i30 CW FD,i40 CW VF,SANTA F\u00c9 I SM,SANTA F\u00c9 II CM,i30 GD,ix20 JC,MATRIX FC,i30 CW GD,H-1 Travel TQ,TRAJET FO,SONATA V NF,ix55,SANTA F\u00c9 III DM,ACCENT II LC,i40 VF,H-1 Kasten,H-1 Cargo TQ,ACCENT III MC,H-1 \/ STAREX,ELANTRA XD,ACCENT III Stufenheck MC,ELANTRA Stufenheck XD,ACCENT II Stufenheck LC,GRAND SANTA F\u00c9,ELANTRA Stufenheck MD, UD,i20 GB,ELANTRA Stufenheck HD,ACCENT IV Stufenheck RB,PORTER Pritsche\/Fahrgestell; KIA: SORENTO I JC,PICANTO BA,SPORTAGE SL,CEE&#8217;D SW ED,CEE&#8217;D Schr\u00e4gheck ED,SPORTAGE JE_, KM_,VENGA YN,SORENTO II XM,CARENS II FJ,RIO III UB,RIO II JB,CEE&#8217;D JD,CARENS III UN,CARNIVAL \/ GRAND CARNIVAL III VQ,CEE`D Sportswagon JD,PRO CEE&#8217;D ED,CERATO LD,MAGENTIS MG,PRO CEE\u00b4D JD,CERATO Stufenheck LD,RIO II Stufenheck JB,SPORTAGE QL,K2500 SD,SORENTO III,SOUL II PS,K2900; VAUXHALL: CORSA Mk III D L_8,INSIGNIA Mk I A,ASTRA Mk V H CC,INSIGNIA Mk I A Estate,CORSA Mk II C W5L, F08,ASTRA Mk V H Estate,ZAFIRA Mk III P12,ASTRA Mk VI J CC,INSIGNIA Mk I A Sedan,ASTRA Mk VI J,AGILA Mk II B,MERIVA Mk I A,CORSAVAN Mk III D,TIGRA Convertible,ASTRA Mk VI J Estate,ASTRAVAN Mk V H,COMBO TOUR Mk II C F25,COMBO Mk III D Kasten\/Kombi,COMBO Mk II C Kasten\/Kombi F25; 282422A000, 282424A000, 2824727000, 282422A000, 282424A000, 2824727000, 5860558, 5860899, 05556151, 93177487<\/p>\n","protected":false},"excerpt":{"rendered":"<p>TOPRAN Tiiviste, Turboahdin 821 303  OPEL,HYUNDAI,KIA,CORSA D,CORSA C F08, F68,ASTRA H Caravan L35,MERIVA,ASTRA H L48,ASTRA J Sports Tourer<\/p>\n","protected":false},"featured_media":0,"template":"","meta":{"site-sidebar-layout":"default","site-content-layout":"default","ast-global-header-display":"","ast-main-header-display":"","ast-hfb-above-header-display":"","ast-hfb-below-header-display":"","ast-hfb-mobile-header-display":"","site-post-title":"","ast-breadcrumbs-content":"","ast-featured-img":"","footer-sml-layout":"","theme-transparent-header-meta":"","adv-header-id-meta":"","stick-header-meta":"","header-above-stick-meta":"","header-main-stick-meta":"","header-below-stick-meta":""},"pwb-brand":[18],"product_cat":[27],"product_tag":[],"class_list":{"0":"post-72593","1":"product","2":"type-product","3":"status-publish","5":"pwb-brand-topran","6":"product_cat-tiivisteet","7":"desktop-align-left","8":"tablet-align-left","9":"mobile-align-left","11":"first","12":"instock","13":"product-type-external"},"brands":[{"id":18,"name":"TOPRAN","slug":"topran"}],"_links":{"self":[{"href":"https:\/\/www.autonvaraosahaku.fi\/index.php?rest_route=\/wp\/v2\/product\/72593","targetHints":{"allow":["GET"]}}],"collection":[{"href":"https:\/\/www.autonvaraosahaku.fi\/index.php?rest_route=\/wp\/v2\/product"}],"about":[{"href":"https:\/\/www.autonvaraosahaku.fi\/index.php?rest_route=\/wp\/v2\/types\/product"}],"wp:attachment":[{"href":"https:\/\/www.autonvaraosahaku.fi\/index.php?rest_route=%2Fwp%2Fv2%2Fmedia&parent=72593"}],"wp:term":[{"taxonomy":"pwb-brand","embeddable":true,"href":"https:\/\/www.autonvaraosahaku.fi\/index.php?rest_route=%2Fwp%2Fv2%2Fpwb-brand&post=72593"},{"taxonomy":"product_cat","embeddable":true,"href":"https:\/\/www.autonvaraosahaku.fi\/index.php?rest_route=%2Fwp%2Fv2%2Fproduct_cat&post=72593"},{"taxonomy":"product_tag","embeddable":true,"href":"https:\/\/www.autonvaraosahaku.fi\/index.php?rest_route=%2Fwp%2Fv2%2Fproduct_tag&post=72593"}],"curies":[{"name":"wp","href":"https:\/\/api.w.org\/{rel}","templated":true}]}}