{"id":72599,"date":"2021-02-21T19:22:30","date_gmt":"2021-02-21T19:22:30","guid":{"rendered":"https:\/\/www.autonvaraosahaku.fi\/?product=metelli-23-0609c-jarrulevyt"},"modified":"2021-02-21T19:22:36","modified_gmt":"2021-02-21T19:22:36","slug":"metelli-23-0609c-jarrulevyt","status":"publish","type":"product","link":"https:\/\/www.autonvaraosahaku.fi\/?product=metelli-23-0609c-jarrulevyt","title":{"rendered":"METELLI 23-0609C Jarrulevyt"},"content":{"rendered":"<p>T\u00e4ytt\u00e4\u00e4 ECE-normin: Approved; Reikien m\u00e4\u00e4r\u00e4: 5; V\u00e4himm\u00e4ispaksuus (mm): 10,0; Korkeus (mm): 41,5; Jarrulevyn paksuus (mm): 12,0; Pinta: Lakattu; Ulkol\u00e4pimitta [mm]: 278,0; Reik\u00e4ympyr\u00e4-\u00d8 [mm]: 65,5; Jarrulevytyyppi: Vakiomalli; Tarkistuskilpi: ECE R90 APPROVED; Rengaskoot: 15 Wheels; SAAB: 9-3 YS3F,9-3 Kombi YS3F,9-3 Cabriolet YS3F,9-3X; OPEL: VECTRA C Caravan,SIGNUM,VECTRA C,VECTRA C GTS; FIAT: CROMA 194; CADILLAC: BLS,BLS Wagon; VAUXHALL: VECTRA Mk II C CC,VECTRA Mk II C Estate,VECTRA Mk II C,SIGNUM; 46836489, 51799235, 51799236, 569115, 93171848, 12762290, 9156785; Jarrulevy<\/p>\n","protected":false},"excerpt":{"rendered":"<p>METELLI Jarrulevyt 23-0609C Jarrulevy SAAB,OPEL,FIAT,9-3 YS3F,9-3 Kombi YS3F,9-3 Cabriolet YS3F,9-3X,VECTRA C Caravan,SIGNUM,VECTRA C,VECTRA C GTS<\/p>\n","protected":false},"featured_media":0,"template":"","meta":{"site-sidebar-layout":"default","site-content-layout":"default","ast-global-header-display":"","ast-main-header-display":"","ast-hfb-above-header-display":"","ast-hfb-below-header-display":"","ast-hfb-mobile-header-display":"","site-post-title":"","ast-breadcrumbs-content":"","ast-featured-img":"","footer-sml-layout":"","theme-transparent-header-meta":"","adv-header-id-meta":"","stick-header-meta":"","header-above-stick-meta":"","header-main-stick-meta":"","header-below-stick-meta":""},"pwb-brand":[251],"product_cat":[66],"product_tag":[],"class_list":{"0":"post-72599","1":"product","2":"type-product","3":"status-publish","5":"pwb-brand-metelli","6":"product_cat-jarrulevyt","7":"desktop-align-left","8":"tablet-align-left","9":"mobile-align-left","11":"first","12":"instock","13":"product-type-external"},"brands":[{"id":251,"name":"METELLI","slug":"metelli"}],"_links":{"self":[{"href":"https:\/\/www.autonvaraosahaku.fi\/index.php?rest_route=\/wp\/v2\/product\/72599","targetHints":{"allow":["GET"]}}],"collection":[{"href":"https:\/\/www.autonvaraosahaku.fi\/index.php?rest_route=\/wp\/v2\/product"}],"about":[{"href":"https:\/\/www.autonvaraosahaku.fi\/index.php?rest_route=\/wp\/v2\/types\/product"}],"wp:attachment":[{"href":"https:\/\/www.autonvaraosahaku.fi\/index.php?rest_route=%2Fwp%2Fv2%2Fmedia&parent=72599"}],"wp:term":[{"taxonomy":"pwb-brand","embeddable":true,"href":"https:\/\/www.autonvaraosahaku.fi\/index.php?rest_route=%2Fwp%2Fv2%2Fpwb-brand&post=72599"},{"taxonomy":"product_cat","embeddable":true,"href":"https:\/\/www.autonvaraosahaku.fi\/index.php?rest_route=%2Fwp%2Fv2%2Fproduct_cat&post=72599"},{"taxonomy":"product_tag","embeddable":true,"href":"https:\/\/www.autonvaraosahaku.fi\/index.php?rest_route=%2Fwp%2Fv2%2Fproduct_tag&post=72599"}],"curies":[{"name":"wp","href":"https:\/\/api.w.org\/{rel}","templated":true}]}}