{"id":72602,"date":"2021-02-21T19:22:37","date_gmt":"2021-02-21T19:22:37","guid":{"rendered":"https:\/\/www.autonvaraosahaku.fi\/?product=jp-group-1563601710-jarrupalat"},"modified":"2021-02-21T19:22:38","modified_gmt":"2021-02-21T19:22:38","slug":"jp-group-1563601710-jarrupalat","status":"publish","type":"product","link":"https:\/\/www.autonvaraosahaku.fi\/?product=jp-group-1563601710-jarrupalat","title":{"rendered":"JP GROUP 1563601710 Jarrupalat"},"content":{"rendered":"<p>Asennuspuoli: Etuakseli; Paksuus [mm]: 20,3; Kulumisenilmaisimen liitos: Ei kulumisenilmaisimelle; Jarruj\u00e4rjestelm\u00e4: Teves; M\u00e4\u00e4r\u00e4yksikk\u00f6: Akselisarja; Vannekoko (tuumaa): 16; FORD: MONDEO IV Turnier BA7,S-MAX WA6,GALAXY WA6,MONDEO IV BA7,MONDEO IV Stufenheck BA7; VOLVO: V70 III BW,V60,XC70 II,S80 II AS,S60 II; LAND ROVER: FREELANDER 2 FA_; 1379971, 1427386, 1432363, 1436498, 1437761, 1458247, 1566232, 1747043, 6G912K021A2C, 6G912K021A2D, BG912K021AA, ME6G9J2K021AA, C2C27290, C2C35612, C2C39929, LR004936, LR027309, 30736319, 30778910, 30793107, 30793540, 30793941; Jarrupalasarja,Jarrupala, Levyjarru<\/p>\n","protected":false},"excerpt":{"rendered":"<p>JP GROUP Jarrupalat JP Group 1563601710 Jarrupalasarja,Jarrupala, Levyjarru FORD,VOLVO,LAND ROVER,MONDEO IV Turnier BA7,S-MAX WA6,GALAXY WA6<\/p>\n","protected":false},"featured_media":0,"template":"","meta":{"site-sidebar-layout":"default","site-content-layout":"default","ast-global-header-display":"","ast-main-header-display":"","ast-hfb-above-header-display":"","ast-hfb-below-header-display":"","ast-hfb-mobile-header-display":"","site-post-title":"","ast-breadcrumbs-content":"","ast-featured-img":"","footer-sml-layout":"","theme-transparent-header-meta":"","adv-header-id-meta":"","stick-header-meta":"","header-above-stick-meta":"","header-main-stick-meta":"","header-below-stick-meta":""},"pwb-brand":[131],"product_cat":[100],"product_tag":[],"class_list":{"0":"post-72602","1":"product","2":"type-product","3":"status-publish","5":"pwb-brand-jp-group","6":"product_cat-jarrupalat","7":"desktop-align-left","8":"tablet-align-left","9":"mobile-align-left","11":"first","12":"instock","13":"product-type-external"},"brands":[{"id":131,"name":"JP GROUP","slug":"jp-group"}],"_links":{"self":[{"href":"https:\/\/www.autonvaraosahaku.fi\/index.php?rest_route=\/wp\/v2\/product\/72602","targetHints":{"allow":["GET"]}}],"collection":[{"href":"https:\/\/www.autonvaraosahaku.fi\/index.php?rest_route=\/wp\/v2\/product"}],"about":[{"href":"https:\/\/www.autonvaraosahaku.fi\/index.php?rest_route=\/wp\/v2\/types\/product"}],"wp:attachment":[{"href":"https:\/\/www.autonvaraosahaku.fi\/index.php?rest_route=%2Fwp%2Fv2%2Fmedia&parent=72602"}],"wp:term":[{"taxonomy":"pwb-brand","embeddable":true,"href":"https:\/\/www.autonvaraosahaku.fi\/index.php?rest_route=%2Fwp%2Fv2%2Fpwb-brand&post=72602"},{"taxonomy":"product_cat","embeddable":true,"href":"https:\/\/www.autonvaraosahaku.fi\/index.php?rest_route=%2Fwp%2Fv2%2Fproduct_cat&post=72602"},{"taxonomy":"product_tag","embeddable":true,"href":"https:\/\/www.autonvaraosahaku.fi\/index.php?rest_route=%2Fwp%2Fv2%2Fproduct_tag&post=72602"}],"curies":[{"name":"wp","href":"https:\/\/api.w.org\/{rel}","templated":true}]}}