{"id":72609,"date":"2021-02-21T19:22:37","date_gmt":"2021-02-21T19:22:37","guid":{"rendered":"https:\/\/www.autonvaraosahaku.fi\/?product=fa1-213-923-pakoputken-asennussarja"},"modified":"2021-02-21T19:22:40","modified_gmt":"2021-02-21T19:22:40","slug":"fa1-213-923-pakoputken-asennussarja","status":"publish","type":"product","link":"https:\/\/www.autonvaraosahaku.fi\/?product=fa1-213-923-pakoputken-asennussarja","title":{"rendered":"FA1 213-923 Pakoputken asennussarja"},"content":{"rendered":"<p>Materiaali: Kumi-metalli; Pakoputkisto: f\u00fcr Endschalld\u00e4mpfer; CITRO\u00cbN: C2 JM_,C3 I FC_,DS3,C3 II,C3 Pluriel HB_,DS3 Cabriolet,C2 ENTERPRISE,C-ELYSEE,C4 CACTUS; PEUGEOT: 207 WA_, WC_,207 CC WD_,207 SW WK_,208,1007 KM_,2008; 1755J6, 1755J6, 1755Q2<\/p>\n","protected":false},"excerpt":{"rendered":"<p>FA1 Pidike, Pakoputkisto 213-923  CITRO\u00cbN,PEUGEOT,C2 JM_,C3 I FC_,DS3,C3 II,C3 Pluriel HB_,DS3 Cabriolet,C2 ENTERPRISE,C-ELYSEE,C4 CACTUS,207 WA_, WC_<\/p>\n","protected":false},"featured_media":0,"template":"","meta":{"site-sidebar-layout":"default","site-content-layout":"default","ast-global-header-display":"","ast-main-header-display":"","ast-hfb-above-header-display":"","ast-hfb-below-header-display":"","ast-hfb-mobile-header-display":"","site-post-title":"","ast-breadcrumbs-content":"","ast-featured-img":"","footer-sml-layout":"","theme-transparent-header-meta":"","adv-header-id-meta":"","stick-header-meta":"","header-above-stick-meta":"","header-main-stick-meta":"","header-below-stick-meta":""},"pwb-brand":[39],"product_cat":[101],"product_tag":[],"class_list":{"0":"post-72609","1":"product","2":"type-product","3":"status-publish","5":"pwb-brand-fa1","6":"product_cat-pakoputken-asennussarja","7":"desktop-align-left","8":"tablet-align-left","9":"mobile-align-left","11":"first","12":"instock","13":"product-type-external"},"brands":[{"id":39,"name":"FA1","slug":"fa1"}],"_links":{"self":[{"href":"https:\/\/www.autonvaraosahaku.fi\/index.php?rest_route=\/wp\/v2\/product\/72609","targetHints":{"allow":["GET"]}}],"collection":[{"href":"https:\/\/www.autonvaraosahaku.fi\/index.php?rest_route=\/wp\/v2\/product"}],"about":[{"href":"https:\/\/www.autonvaraosahaku.fi\/index.php?rest_route=\/wp\/v2\/types\/product"}],"wp:attachment":[{"href":"https:\/\/www.autonvaraosahaku.fi\/index.php?rest_route=%2Fwp%2Fv2%2Fmedia&parent=72609"}],"wp:term":[{"taxonomy":"pwb-brand","embeddable":true,"href":"https:\/\/www.autonvaraosahaku.fi\/index.php?rest_route=%2Fwp%2Fv2%2Fpwb-brand&post=72609"},{"taxonomy":"product_cat","embeddable":true,"href":"https:\/\/www.autonvaraosahaku.fi\/index.php?rest_route=%2Fwp%2Fv2%2Fproduct_cat&post=72609"},{"taxonomy":"product_tag","embeddable":true,"href":"https:\/\/www.autonvaraosahaku.fi\/index.php?rest_route=%2Fwp%2Fv2%2Fproduct_tag&post=72609"}],"curies":[{"name":"wp","href":"https:\/\/api.w.org\/{rel}","templated":true}]}}