{"id":72610,"date":"2021-02-21T19:22:37","date_gmt":"2021-02-21T19:22:37","guid":{"rendered":"https:\/\/www.autonvaraosahaku.fi\/?product=ridex-13d0102-vetoakseli"},"modified":"2021-02-21T19:22:40","modified_gmt":"2021-02-21T19:22:40","slug":"ridex-13d0102-vetoakseli","status":"publish","type":"product","link":"https:\/\/www.autonvaraosahaku.fi\/?product=ridex-13d0102-vetoakseli","title":{"rendered":"RIDEX 13D0102 Vetoakseli"},"content":{"rendered":"<p>L\u00e4pimitta 2 [mm]: 100; Pituus (mm): 532; Kierremitta: M20 x 1,5; Sis\u00e4hammastus, vaiht. kiinn.: 33; Ulkohammastus, py\u00f6r\u00e4npuoli: 22; L\u00e4pimitta 1 [mm]: 90; Asennuspuoli: Vorderachse links; VW: GOLF II 19E, 1G1,GOLF I Cabriolet 155,CADDY II Kasten 9K9A,SCIROCCO 53B,GOLF I 17,JETTA II 19E, 1G2, 165,CADDY II Kombi 9K9B; SEAT: IBIZA II 6K1,CORDOBA 6K1, 6K2,TOLEDO I 1L; 191407271H, 191407271HX, 191407271K, 191407271S, 191407271T, 191407271AC, 191407271F, 191407271FX, 191407271H, 191407271HX, 191407271K, 191407271S, 191407271SV, 191407271SX, 191407271T, 191407271TV, 191407271TX, 1L0407271<\/p>\n","protected":false},"excerpt":{"rendered":"<p>RIDEX Vetoakseli 13D0102  VW,SEAT,GOLF II 19E, 1G1,GOLF I Cabriolet 155,CADDY II Kasten 9K9A,SCIROCCO 53B,GOLF I 17,JETTA II 19E, 1G2, 165<\/p>\n","protected":false},"featured_media":0,"template":"","meta":{"site-sidebar-layout":"default","site-content-layout":"default","ast-global-header-display":"","ast-main-header-display":"","ast-hfb-above-header-display":"","ast-hfb-below-header-display":"","ast-hfb-mobile-header-display":"","site-post-title":"","ast-breadcrumbs-content":"","ast-featured-img":"","footer-sml-layout":"","theme-transparent-header-meta":"","adv-header-id-meta":"","stick-header-meta":"","header-above-stick-meta":"","header-main-stick-meta":"","header-below-stick-meta":""},"pwb-brand":[157],"product_cat":[215],"product_tag":[],"class_list":{"0":"post-72610","1":"product","2":"type-product","3":"status-publish","5":"pwb-brand-ridex","6":"product_cat-vetoakseli","7":"desktop-align-left","8":"tablet-align-left","9":"mobile-align-left","11":"first","12":"instock","13":"product-type-external"},"brands":[{"id":157,"name":"RIDEX","slug":"ridex"}],"_links":{"self":[{"href":"https:\/\/www.autonvaraosahaku.fi\/index.php?rest_route=\/wp\/v2\/product\/72610","targetHints":{"allow":["GET"]}}],"collection":[{"href":"https:\/\/www.autonvaraosahaku.fi\/index.php?rest_route=\/wp\/v2\/product"}],"about":[{"href":"https:\/\/www.autonvaraosahaku.fi\/index.php?rest_route=\/wp\/v2\/types\/product"}],"wp:attachment":[{"href":"https:\/\/www.autonvaraosahaku.fi\/index.php?rest_route=%2Fwp%2Fv2%2Fmedia&parent=72610"}],"wp:term":[{"taxonomy":"pwb-brand","embeddable":true,"href":"https:\/\/www.autonvaraosahaku.fi\/index.php?rest_route=%2Fwp%2Fv2%2Fpwb-brand&post=72610"},{"taxonomy":"product_cat","embeddable":true,"href":"https:\/\/www.autonvaraosahaku.fi\/index.php?rest_route=%2Fwp%2Fv2%2Fproduct_cat&post=72610"},{"taxonomy":"product_tag","embeddable":true,"href":"https:\/\/www.autonvaraosahaku.fi\/index.php?rest_route=%2Fwp%2Fv2%2Fproduct_tag&post=72610"}],"curies":[{"name":"wp","href":"https:\/\/api.w.org\/{rel}","templated":true}]}}