{"id":72621,"date":"2021-02-21T19:22:44","date_gmt":"2021-02-21T19:22:44","guid":{"rendered":"https:\/\/www.autonvaraosahaku.fi\/?product=ridex-458f0045-polttoainepumppu"},"modified":"2021-02-21T19:22:44","modified_gmt":"2021-02-21T19:22:44","slug":"ridex-458f0045-polttoainepumppu","status":"publish","type":"product","link":"https:\/\/www.autonvaraosahaku.fi\/?product=ridex-458f0045-polttoainepumppu","title":{"rendered":"RIDEX 458F0045 Polttoainepumppu"},"content":{"rendered":"<p>K\u00e4ytt\u00f6: S\u00e4hk\u00f6inen; K\u00e4ytt\u00f6paine (bar): 4; Siirtom\u00e4\u00e4r\u00e4 (l\/h): 100; Ruiskutusj\u00e4rjestelm\u00e4: MPI (monipiste); Liittimi\u00e4: 2; Moottorinumero: B230F Kat.; MERCEDES-BENZ: S-CLASS W220,G-CLASS W463,G-CLASS Cabrio W463; RENAULT: ESPACE II J\/S63_,21 Stufenheck L48_,25 B29_; FIAT: UNO 146A\/E; PEUGEOT: 505 551A; CITRO\u00cbN: CX II; NISSAN: 280 ZX,ZXT HGS130; VOLVO: 940 II Kombi 945,940 Kombi 945,240 Kombi P245,740 Kombi 745,740 744,240 P242, P244,940 944,P 1800,760 704, 764,340-360 343, 345,960 Kombi 965,164,140 142, 144,760 Kombi 704, 765,940 II 944,960 964,140 Kombi 145,260 P262, P264,260 Coupe P262,340-360 Stufenheck 344,260 Kombi P265,780; ALFA ROMEO: 75 162B; PORSCHE: 944,924,911,928,911 Targa,968,911 Cabriolet,944 Cabriolet,968 Cabriolet; JAGUAR: XJ XJ 40, 81,XJSC Convertible,XJ Coupe; 113540402100, 60518322, 605183220, 60546091, 60779188, 7554136, 7597693, 94460810200, 94460810201, 94460810206, 7400460821, 9151819080, 9153880780, 113540402100, 60518322, 605183220, 60546091, 60779188, 7554136, 7597693, 8941132050, 8941132051, 8941467740, 8944113220, 7597693, 113540402100, 60518322, 605183220, 60546091, 60779188, 7554136, 7597693, 0014703294, 0014704394, A0014703294, A0014704394, 1701180W10, 17011D3300, 17011D3310, 17011F5102, 17011F5112, 17011P7211, 17011P7900, 17011P9000, 17011P9016, 17011P9022, 17011W1311, 17011W2411, 17011W3011, 17011W3016, 17011Y8000, 025115529, 08983625, 25115529, 8983625, 7400460821, 92860810401, 92860810402, 94460810200, 94460810201, 94460810203, 94460810204, 94460810205, 94460810206, 94460810207, 7700260678, 7700267774, 8319261, 9367796, 9367798, 9392911, 94460810200, 94460810201, 94460810206, 94460810200, 94460810201, 94460810206, 42021GA290, 742021110, 742021200, 12763306, 1306932, 13069323, 1336679, 15581011, 21120406, 2711190, 285211, 2&#8230;<\/p>\n","protected":false},"excerpt":{"rendered":"<p>RIDEX Polttoainepumppu 458F0045  MERCEDES-BENZ,RENAULT,FIAT,S-CLASS W220,G-CLASS W463,G-CLASS Cabrio W463,ESPACE II J\/S63_,21 Stufenheck L48_,25 B29_<\/p>\n","protected":false},"featured_media":0,"template":"","meta":{"site-sidebar-layout":"default","site-content-layout":"default","ast-global-header-display":"","ast-main-header-display":"","ast-hfb-above-header-display":"","ast-hfb-below-header-display":"","ast-hfb-mobile-header-display":"","site-post-title":"","ast-breadcrumbs-content":"","ast-featured-img":"","footer-sml-layout":"","theme-transparent-header-meta":"","adv-header-id-meta":"","stick-header-meta":"","header-above-stick-meta":"","header-main-stick-meta":"","header-below-stick-meta":""},"pwb-brand":[157],"product_cat":[73],"product_tag":[],"class_list":{"0":"post-72621","1":"product","2":"type-product","3":"status-publish","5":"pwb-brand-ridex","6":"product_cat-polttoainepumppu","7":"desktop-align-left","8":"tablet-align-left","9":"mobile-align-left","11":"first","12":"instock","13":"product-type-external"},"brands":[{"id":157,"name":"RIDEX","slug":"ridex"}],"_links":{"self":[{"href":"https:\/\/www.autonvaraosahaku.fi\/index.php?rest_route=\/wp\/v2\/product\/72621","targetHints":{"allow":["GET"]}}],"collection":[{"href":"https:\/\/www.autonvaraosahaku.fi\/index.php?rest_route=\/wp\/v2\/product"}],"about":[{"href":"https:\/\/www.autonvaraosahaku.fi\/index.php?rest_route=\/wp\/v2\/types\/product"}],"wp:attachment":[{"href":"https:\/\/www.autonvaraosahaku.fi\/index.php?rest_route=%2Fwp%2Fv2%2Fmedia&parent=72621"}],"wp:term":[{"taxonomy":"pwb-brand","embeddable":true,"href":"https:\/\/www.autonvaraosahaku.fi\/index.php?rest_route=%2Fwp%2Fv2%2Fpwb-brand&post=72621"},{"taxonomy":"product_cat","embeddable":true,"href":"https:\/\/www.autonvaraosahaku.fi\/index.php?rest_route=%2Fwp%2Fv2%2Fproduct_cat&post=72621"},{"taxonomy":"product_tag","embeddable":true,"href":"https:\/\/www.autonvaraosahaku.fi\/index.php?rest_route=%2Fwp%2Fv2%2Fproduct_tag&post=72621"}],"curies":[{"name":"wp","href":"https:\/\/api.w.org\/{rel}","templated":true}]}}