{"id":72631,"date":"2021-02-21T19:22:44","date_gmt":"2021-02-21T19:22:44","guid":{"rendered":"https:\/\/www.autonvaraosahaku.fi\/?product=ridex-295w0006-tuulilasin-pyyhkimen-moottori"},"modified":"2021-02-21T19:22:47","modified_gmt":"2021-02-21T19:22:47","slug":"ridex-295w0006-tuulilasin-pyyhkimen-moottori","status":"publish","type":"product","link":"https:\/\/www.autonvaraosahaku.fi\/?product=ridex-295w0006-tuulilasin-pyyhkimen-moottori","title":{"rendered":"RIDEX 295W0006 Tuulilasin pyyhkimen moottori"},"content":{"rendered":"<p>Asennuspuoli: Edess\u00e4; J\u00e4nnite (V): 12; kierrereiki\u00e4 [kpl]: 3; Napojen m\u00e4\u00e4r\u00e4: 5; VW: POLO 6N1,GOLF II 19E, 1G1,TRANSPORTER III Bus,POLO 86C, 80,POLO Coupe 86C, 80,CORRADO 53I,SCIROCCO 53B,LT 28-35 I Kasten 281-363,GOLF I 17,LT 28-35 I Bus 281-363,JETTA II 19E, 1G2, 165,PASSAT Variant 32B,TRANSPORTER III Kasten,POLO CLASSIC 86C, 80,LT 28-35 I Pritsche\/Fahrgestell 281-363,TRANSPORTER III Pritsche\/Fahrgestell,PASSAT 32B,LT 40-55 I Pritsche\/Fahrgestell 293-909,POLO 86,SCIROCCO 53,DERBY 86C, 80,POLO Kasten 86CF,PASSAT 32,LT 40-55 I Kasten 291-512,DERBY 86,PASSAT Stufenheck 32B,PASSAT Variant 33,SANTANA 32B; AUDI: 100 44, 44Q, C3,100 Avant 44, 44Q, C3,V8 44_, 4C_,200 44, 44Q,200 Avant 44, 44Q; PORSCHE: 911 964,911 993,911 Cabriolet 993,911 Targa 993; 191955113A, 96462812000, 191955113A, 191955113AX, 251955119, 443955113C; Pyyhkij\u00e4n Moottori<\/p>\n","protected":false},"excerpt":{"rendered":"<p>RIDEX Tuulilasin Pyyhkimen Moottori 295W0006 Pyyhkij\u00e4n Moottori VW,AUDI,PORSCHE,POLO 6N1,GOLF II 19E, 1G1,TRANSPORTER III Bus,POLO 86C, 80<\/p>\n","protected":false},"featured_media":0,"template":"","meta":{"site-sidebar-layout":"default","site-content-layout":"default","ast-global-header-display":"","ast-main-header-display":"","ast-hfb-above-header-display":"","ast-hfb-below-header-display":"","ast-hfb-mobile-header-display":"","site-post-title":"","ast-breadcrumbs-content":"","ast-featured-img":"","footer-sml-layout":"","theme-transparent-header-meta":"","adv-header-id-meta":"","stick-header-meta":"","header-above-stick-meta":"","header-main-stick-meta":"","header-below-stick-meta":""},"pwb-brand":[157],"product_cat":[32],"product_tag":[],"class_list":{"0":"post-72631","1":"product","2":"type-product","3":"status-publish","5":"pwb-brand-ridex","6":"product_cat-tuulilasin-pyyhkimen-moottori","7":"desktop-align-left","8":"tablet-align-left","9":"mobile-align-left","11":"first","12":"instock","13":"product-type-external"},"brands":[{"id":157,"name":"RIDEX","slug":"ridex"}],"_links":{"self":[{"href":"https:\/\/www.autonvaraosahaku.fi\/index.php?rest_route=\/wp\/v2\/product\/72631","targetHints":{"allow":["GET"]}}],"collection":[{"href":"https:\/\/www.autonvaraosahaku.fi\/index.php?rest_route=\/wp\/v2\/product"}],"about":[{"href":"https:\/\/www.autonvaraosahaku.fi\/index.php?rest_route=\/wp\/v2\/types\/product"}],"wp:attachment":[{"href":"https:\/\/www.autonvaraosahaku.fi\/index.php?rest_route=%2Fwp%2Fv2%2Fmedia&parent=72631"}],"wp:term":[{"taxonomy":"pwb-brand","embeddable":true,"href":"https:\/\/www.autonvaraosahaku.fi\/index.php?rest_route=%2Fwp%2Fv2%2Fpwb-brand&post=72631"},{"taxonomy":"product_cat","embeddable":true,"href":"https:\/\/www.autonvaraosahaku.fi\/index.php?rest_route=%2Fwp%2Fv2%2Fproduct_cat&post=72631"},{"taxonomy":"product_tag","embeddable":true,"href":"https:\/\/www.autonvaraosahaku.fi\/index.php?rest_route=%2Fwp%2Fv2%2Fproduct_tag&post=72631"}],"curies":[{"name":"wp","href":"https:\/\/api.w.org\/{rel}","templated":true}]}}