{"id":72639,"date":"2021-02-21T19:22:44","date_gmt":"2021-02-21T19:22:44","guid":{"rendered":"https:\/\/www.autonvaraosahaku.fi\/?product=autofren-seinsa-d41386c-jarrusatula-korjaussarja"},"modified":"2021-02-21T19:22:50","modified_gmt":"2021-02-21T19:22:50","slug":"autofren-seinsa-d41386c-jarrusatula-korjaussarja","status":"publish","type":"product","link":"https:\/\/www.autonvaraosahaku.fi\/?product=autofren-seinsa-d41386c-jarrusatula-korjaussarja","title":{"rendered":"AUTOFREN SEINSA D41386C Jarrusatula korjaussarja"},"content":{"rendered":"<p>Asennuspuoli: Etuakseli; L\u00e4pimitta [mm]: 60; Jarruj\u00e4rjestelm\u00e4: ATE; T\u00e4yssarja: ; Erittely: 9,6 mm piston collar; OE-numerolle: 251615123C; VW: TRANSPORTER III Bus,TRANSPORTER III Kasten,TRANSPORTER II Bus,TRANSPORTER III Pritsche\/Fahrgestell,TRANSPORTER II Kasten,TRANSPORTER II Pritsche\/Fahrgestell; BMW: 5 E39,5 Touring E39,3 E36,X5 E53,7 E38,Z3 E36,5 E34,3 Cabriolet E36,7 E32,8 E31; 34111150387, 34111150388, 34111156185, 34111156186, 34111157387, 34111157388, 34111157389, 34111157390, 34111157495, 34111157496, 34111157499, 34111157500, 34111157501, 34111157502, 34111157625, 34111157626, 34111160325, 34111160326, 34111160361, 34111160362, 34111160363, 34111160364, 34111160367, 34111160368, 34111160939, 34111160940, 34111163303, 34111163304, 34111163643, 34111163644, 34111166231, 34111166232, 34112226407, 34112226408, 34112226873, 34112226874, 34112227515, 34112227516, 34112229381, 34112229382, 34112282175, 34112282176, 34112282617, 34112282618, 34116752425, 34116752426, 34116768429, 34116768430, 34116773131, 34116773132, 251615123C, 251615124C, 251615123C, 251615124C; Korjaussarja, Jarrusatula<\/p>\n","protected":false},"excerpt":{"rendered":"<p>AUTOFREN SEINSA Jarrusatula Korjaussarja D41386C Korjaussarja, Jarrusatula VW,BMW,TRANSPORTER III Bus,TRANSPORTER III Kasten,TRANSPORTER II Bus<\/p>\n","protected":false},"featured_media":0,"template":"","meta":{"site-sidebar-layout":"default","site-content-layout":"default","ast-global-header-display":"","ast-main-header-display":"","ast-hfb-above-header-display":"","ast-hfb-below-header-display":"","ast-hfb-mobile-header-display":"","site-post-title":"","ast-breadcrumbs-content":"","ast-featured-img":"","footer-sml-layout":"","theme-transparent-header-meta":"","adv-header-id-meta":"","stick-header-meta":"","header-above-stick-meta":"","header-main-stick-meta":"","header-below-stick-meta":""},"pwb-brand":[243],"product_cat":[57],"product_tag":[],"class_list":{"0":"post-72639","1":"product","2":"type-product","3":"status-publish","5":"pwb-brand-autofren-seinsa","6":"product_cat-jarrusatula-korjaussarja","7":"desktop-align-left","8":"tablet-align-left","9":"mobile-align-left","11":"first","12":"instock","13":"product-type-external"},"brands":[{"id":243,"name":"AUTOFREN SEINSA","slug":"autofren-seinsa"}],"_links":{"self":[{"href":"https:\/\/www.autonvaraosahaku.fi\/index.php?rest_route=\/wp\/v2\/product\/72639","targetHints":{"allow":["GET"]}}],"collection":[{"href":"https:\/\/www.autonvaraosahaku.fi\/index.php?rest_route=\/wp\/v2\/product"}],"about":[{"href":"https:\/\/www.autonvaraosahaku.fi\/index.php?rest_route=\/wp\/v2\/types\/product"}],"wp:attachment":[{"href":"https:\/\/www.autonvaraosahaku.fi\/index.php?rest_route=%2Fwp%2Fv2%2Fmedia&parent=72639"}],"wp:term":[{"taxonomy":"pwb-brand","embeddable":true,"href":"https:\/\/www.autonvaraosahaku.fi\/index.php?rest_route=%2Fwp%2Fv2%2Fpwb-brand&post=72639"},{"taxonomy":"product_cat","embeddable":true,"href":"https:\/\/www.autonvaraosahaku.fi\/index.php?rest_route=%2Fwp%2Fv2%2Fproduct_cat&post=72639"},{"taxonomy":"product_tag","embeddable":true,"href":"https:\/\/www.autonvaraosahaku.fi\/index.php?rest_route=%2Fwp%2Fv2%2Fproduct_tag&post=72639"}],"curies":[{"name":"wp","href":"https:\/\/api.w.org\/{rel}","templated":true}]}}