{"id":72658,"date":"2021-02-21T19:22:51","date_gmt":"2021-02-21T19:22:51","guid":{"rendered":"https:\/\/www.autonvaraosahaku.fi\/?product=ridex-188c0196-jouset"},"modified":"2021-02-21T19:22:57","modified_gmt":"2021-02-21T19:22:57","slug":"ridex-188c0196-jouset","status":"publish","type":"product","link":"https:\/\/www.autonvaraosahaku.fi\/?product=ridex-188c0196-jouset","title":{"rendered":"RIDEX 188C0196 Jouset"},"content":{"rendered":"<p>Asennuspuoli: Etuakseli; Jousimalli: Kierrejousi kiinte\u00e4ll\u00e4 lankal\u00e4pimitalla; Paksuus [mm]: 12,5; Pituus (mm): 462; Ulkol\u00e4pimitta [mm]: 160; Vaihteistomalli: Automatikgetriebe; PEUGEOT: PARTNER Combispace 5F,PARTNER Kasten 5,405 I 15B,405 II 4B,405 II Break 4E,405 I Break 15E; CITRO\u00cbN: BERLINGO MF,BERLINGO Kasten M_; 500279, 5002HQ, 500279, 5002HQ; Kierrejousi<\/p>\n","protected":false},"excerpt":{"rendered":"<p>RIDEX Jousi 188C0196 Kierrejousi PEUGEOT,CITRO\u00cbN,PARTNER Combispace 5F,PARTNER Kasten 5,405 I 15B,405 II 4B,405 II Break 4E,405 I Break 15E<\/p>\n","protected":false},"featured_media":0,"template":"","meta":{"site-sidebar-layout":"default","site-content-layout":"default","ast-global-header-display":"","ast-main-header-display":"","ast-hfb-above-header-display":"","ast-hfb-below-header-display":"","ast-hfb-mobile-header-display":"","site-post-title":"","ast-breadcrumbs-content":"","ast-featured-img":"","footer-sml-layout":"","theme-transparent-header-meta":"","adv-header-id-meta":"","stick-header-meta":"","header-above-stick-meta":"","header-main-stick-meta":"","header-below-stick-meta":""},"pwb-brand":[157],"product_cat":[171],"product_tag":[],"class_list":{"0":"post-72658","1":"product","2":"type-product","3":"status-publish","5":"pwb-brand-ridex","6":"product_cat-jouset","7":"desktop-align-left","8":"tablet-align-left","9":"mobile-align-left","11":"first","12":"instock","13":"product-type-external"},"brands":[{"id":157,"name":"RIDEX","slug":"ridex"}],"_links":{"self":[{"href":"https:\/\/www.autonvaraosahaku.fi\/index.php?rest_route=\/wp\/v2\/product\/72658","targetHints":{"allow":["GET"]}}],"collection":[{"href":"https:\/\/www.autonvaraosahaku.fi\/index.php?rest_route=\/wp\/v2\/product"}],"about":[{"href":"https:\/\/www.autonvaraosahaku.fi\/index.php?rest_route=\/wp\/v2\/types\/product"}],"wp:attachment":[{"href":"https:\/\/www.autonvaraosahaku.fi\/index.php?rest_route=%2Fwp%2Fv2%2Fmedia&parent=72658"}],"wp:term":[{"taxonomy":"pwb-brand","embeddable":true,"href":"https:\/\/www.autonvaraosahaku.fi\/index.php?rest_route=%2Fwp%2Fv2%2Fpwb-brand&post=72658"},{"taxonomy":"product_cat","embeddable":true,"href":"https:\/\/www.autonvaraosahaku.fi\/index.php?rest_route=%2Fwp%2Fv2%2Fproduct_cat&post=72658"},{"taxonomy":"product_tag","embeddable":true,"href":"https:\/\/www.autonvaraosahaku.fi\/index.php?rest_route=%2Fwp%2Fv2%2Fproduct_tag&post=72658"}],"curies":[{"name":"wp","href":"https:\/\/api.w.org\/{rel}","templated":true}]}}