{"id":72669,"date":"2021-02-21T19:22:58","date_gmt":"2021-02-21T19:22:58","guid":{"rendered":"https:\/\/www.autonvaraosahaku.fi\/?product=autofren-seinsa-d42009c-jarrusatula-korjaussarja"},"modified":"2021-02-21T19:23:01","modified_gmt":"2021-02-21T19:23:01","slug":"autofren-seinsa-d42009c-jarrusatula-korjaussarja","status":"publish","type":"product","link":"https:\/\/www.autonvaraosahaku.fi\/?product=autofren-seinsa-d42009c-jarrusatula-korjaussarja","title":{"rendered":"AUTOFREN SEINSA D42009C Jarrusatula korjaussarja"},"content":{"rendered":"<p>Asennuspuoli: Etuakseli; L\u00e4pimitta [mm]: 57; Jarruj\u00e4rjestelm\u00e4: ATE; T\u00e4yssarja: ; Erittely: 17 WHEEL; OE-numerolle: 1K0615123C; VW: GOLF V 1K1,GOLF VI 5K1,PASSAT Variant 3C5,PASSAT 3C2,EOS 1F7, 1F8,SCIROCCO 137, 138,PASSAT CC 357,GOLF VI Cabriolet 517; AUDI: A3 8P1,A3 Sportback 8PA,TT 8J3,TT Roadster 8J9; BMW: 3 Touring E91,3 E90,X1 E84,1 F20,3 Coupe E92,3 Cabriolet E93,Z4 E89; OPEL: VECTRA C Caravan,SIGNUM,VECTRA C,VECTRA C GTS; FORD: FOCUS II DA_; SKODA: SUPERB Kombi 3T5,SUPERB 3T4; MAZDA: 3 BK,3 BL; VOLVO: V50 MW,S40 II MS,C70 II Cabriolet,V40 Schr\u00e4gheck; SAAB: 9-3 YS3F,9-3 Kombi YS3F,9-3 Cabriolet YS3F,9-3X; VAUXHALL: VECTRA Mk II C CC,VECTRA Mk II C Estate,SIGNUM; 34116769091, 34116769092, 34116769093, 34116769094, 34116773201, 34116773202, 1368542, 1368543, B3YF3361X, B3YF3371X, 5542089, 5542090, 93188026, 93188027, 93185749, 93195751, 93195752, 1K0615123C, 1K0615123G, 1K0615123H, 1K0615123J, 1K0615124C, 1K0615124G, 1K0615124H, 1K0615124J, 8J0615123B, 8J0615123C, 8J0615124B, 8J0615124C, 8P0615123A, 8P0615124A, 1K0615123C, 1K0615123G, 1K0615123H, 1K0615123J, 1K0615124C, 1K0615124G, 1K0615124H, 1K0615124J, 8J0615123B, 8J0615123C, 8J0615124B, 8J0615124C, 8P0615123A, 8P0615124A, 36000704, 36000731, 36000732, 8603386, 8603387, 8603942, 8603943; Korjaussarja, Jarrusatula<\/p>\n","protected":false},"excerpt":{"rendered":"<p>AUTOFREN SEINSA Jarrusatula Korjaussarja D42009C Korjaussarja, Jarrusatula VW,AUDI,BMW,GOLF V 1K1,GOLF VI 5K1,PASSAT Variant 3C5,PASSAT 3C2<\/p>\n","protected":false},"featured_media":0,"template":"","meta":{"site-sidebar-layout":"default","site-content-layout":"default","ast-global-header-display":"","ast-main-header-display":"","ast-hfb-above-header-display":"","ast-hfb-below-header-display":"","ast-hfb-mobile-header-display":"","site-post-title":"","ast-breadcrumbs-content":"","ast-featured-img":"","footer-sml-layout":"","theme-transparent-header-meta":"","adv-header-id-meta":"","stick-header-meta":"","header-above-stick-meta":"","header-main-stick-meta":"","header-below-stick-meta":""},"pwb-brand":[243],"product_cat":[57],"product_tag":[],"class_list":{"0":"post-72669","1":"product","2":"type-product","3":"status-publish","5":"pwb-brand-autofren-seinsa","6":"product_cat-jarrusatula-korjaussarja","7":"desktop-align-left","8":"tablet-align-left","9":"mobile-align-left","11":"first","12":"instock","13":"product-type-external"},"brands":[{"id":243,"name":"AUTOFREN SEINSA","slug":"autofren-seinsa"}],"_links":{"self":[{"href":"https:\/\/www.autonvaraosahaku.fi\/index.php?rest_route=\/wp\/v2\/product\/72669","targetHints":{"allow":["GET"]}}],"collection":[{"href":"https:\/\/www.autonvaraosahaku.fi\/index.php?rest_route=\/wp\/v2\/product"}],"about":[{"href":"https:\/\/www.autonvaraosahaku.fi\/index.php?rest_route=\/wp\/v2\/types\/product"}],"wp:attachment":[{"href":"https:\/\/www.autonvaraosahaku.fi\/index.php?rest_route=%2Fwp%2Fv2%2Fmedia&parent=72669"}],"wp:term":[{"taxonomy":"pwb-brand","embeddable":true,"href":"https:\/\/www.autonvaraosahaku.fi\/index.php?rest_route=%2Fwp%2Fv2%2Fpwb-brand&post=72669"},{"taxonomy":"product_cat","embeddable":true,"href":"https:\/\/www.autonvaraosahaku.fi\/index.php?rest_route=%2Fwp%2Fv2%2Fproduct_cat&post=72669"},{"taxonomy":"product_tag","embeddable":true,"href":"https:\/\/www.autonvaraosahaku.fi\/index.php?rest_route=%2Fwp%2Fv2%2Fproduct_tag&post=72669"}],"curies":[{"name":"wp","href":"https:\/\/api.w.org\/{rel}","templated":true}]}}