{"id":72692,"date":"2021-02-21T19:23:05","date_gmt":"2021-02-21T19:23:05","guid":{"rendered":"https:\/\/www.autonvaraosahaku.fi\/?product=ridex-470r0190-jaahdytin"},"modified":"2021-02-21T19:23:09","modified_gmt":"2021-02-21T19:23:09","slug":"ridex-470r0190-jaahdytin","status":"publish","type":"product","link":"https:\/\/www.autonvaraosahaku.fi\/?product=ridex-470r0190-jaahdytin","title":{"rendered":"RIDEX 470R0190 J\u00e4\u00e4hdytin"},"content":{"rendered":"<p>Vaihteistomalli: K\u00e4sivaihteisto; Varusteet: ajoneuvoille ilmastointilaitteella tai ilman; Kennon mitat: 499 X 349 X 22; Materiaali: Alumiini, Muovi; MAZDA: 2 DY; FORD: FIESTA V JH_, JD_,FUSION JU_,FIESTA V Van; 1141491, 1152149, 1206550, 1214085, 1214784, 1221705, 1325830, 1325832, 1359798, 1430653, 2S68005BB, 2S6H8005AA, 2S6H8005AB, 2S6H8005AC, 2S6H8005AD, 2S6H8005BA, 2S6H8005BB, 2S6H8K161BB, 4S6H8005CA, 4S6H8005CB, 4S6H8005EA, 4S6H8005FA, 5S6H8005AB, 5S6H8005AC, Y40115200, 1141491, 1152149, 1206550, 1214085, 1214784, 1221705, 1325830, 1325832, 1359798, 1430653, 2S6H8005AA, 2S6H8005AB, 2S6H8005AC, 2S6H8005AD, 2S6H8005BA, 2S6H8005BB, 2S6H8K161BB, 4S6H8005CA, 4S6H8005CB, 4S6H8005FA, G50415200D, Y40115200, Y4021500, Y40215200, Y40415200; Syyl\u00e4ri,J\u00e4\u00e4hdytin,Moottorin J\u00e4\u00e4hdytys<\/p>\n","protected":false},"excerpt":{"rendered":"<p>RIDEX J\u00e4\u00e4hdytin 470R0190 Syyl\u00e4ri,J\u00e4\u00e4hdytin,Moottorin J\u00e4\u00e4hdytys MAZDA,FORD,2 DY,FIESTA V JH_, JD_,FUSION JU_,FIESTA V Van<\/p>\n","protected":false},"featured_media":0,"template":"","meta":{"site-sidebar-layout":"default","site-content-layout":"default","ast-global-header-display":"","ast-main-header-display":"","ast-hfb-above-header-display":"","ast-hfb-below-header-display":"","ast-hfb-mobile-header-display":"","site-post-title":"","ast-breadcrumbs-content":"","ast-featured-img":"","footer-sml-layout":"","theme-transparent-header-meta":"","adv-header-id-meta":"","stick-header-meta":"","header-above-stick-meta":"","header-main-stick-meta":"","header-below-stick-meta":""},"pwb-brand":[157],"product_cat":[421],"product_tag":[],"class_list":{"0":"post-72692","1":"product","2":"type-product","3":"status-publish","5":"pwb-brand-ridex","6":"product_cat-jaahdytin","7":"desktop-align-left","8":"tablet-align-left","9":"mobile-align-left","11":"first","12":"instock","13":"product-type-external"},"brands":[{"id":157,"name":"RIDEX","slug":"ridex"}],"_links":{"self":[{"href":"https:\/\/www.autonvaraosahaku.fi\/index.php?rest_route=\/wp\/v2\/product\/72692","targetHints":{"allow":["GET"]}}],"collection":[{"href":"https:\/\/www.autonvaraosahaku.fi\/index.php?rest_route=\/wp\/v2\/product"}],"about":[{"href":"https:\/\/www.autonvaraosahaku.fi\/index.php?rest_route=\/wp\/v2\/types\/product"}],"wp:attachment":[{"href":"https:\/\/www.autonvaraosahaku.fi\/index.php?rest_route=%2Fwp%2Fv2%2Fmedia&parent=72692"}],"wp:term":[{"taxonomy":"pwb-brand","embeddable":true,"href":"https:\/\/www.autonvaraosahaku.fi\/index.php?rest_route=%2Fwp%2Fv2%2Fpwb-brand&post=72692"},{"taxonomy":"product_cat","embeddable":true,"href":"https:\/\/www.autonvaraosahaku.fi\/index.php?rest_route=%2Fwp%2Fv2%2Fproduct_cat&post=72692"},{"taxonomy":"product_tag","embeddable":true,"href":"https:\/\/www.autonvaraosahaku.fi\/index.php?rest_route=%2Fwp%2Fv2%2Fproduct_tag&post=72692"}],"curies":[{"name":"wp","href":"https:\/\/api.w.org\/{rel}","templated":true}]}}