{"id":72737,"date":"2021-02-21T19:23:20","date_gmt":"2021-02-21T19:23:20","guid":{"rendered":"https:\/\/www.autonvaraosahaku.fi\/?product=metzger-0905431-lampotila-anturi"},"modified":"2021-02-21T19:23:26","modified_gmt":"2021-02-21T19:23:26","slug":"metzger-0905431-lampotila-anturi","status":"publish","type":"product","link":"https:\/\/www.autonvaraosahaku.fi\/?product=metzger-0905431-lampotila-anturi","title":{"rendered":"METZGER 0905431 L\u00e4mp\u00f6tila-anturi"},"content":{"rendered":"<p>Varusteet: Autoihin, joissa autom. ilmastointi; lis\u00e4tieto: ORIGINAL ERSATZTEIL; OE-numerolle: 1K0 907 453A; VW: GOLF IV 1J1,GOLF V 1K1,TOURAN 1T1, 1T2,GOLF VI 5K1,PASSAT Variant 3C5,GOLF PLUS 5M1, 521,PASSAT 3C2,TIGUAN 5N_,PASSAT Variant 365,GOLF IV Variant 1J5,CADDY III Kombi 2KB, 2KJ, 2CB, 2CJ,TRANSPORTER V Bus 7HB, 7HJ, 7EB, 7EJ, 7EF,TOURAN 1T3,TOUAREG 7LA, 7L6, 7L7,GOLF VI Variant AJ5,GOLF V Variant 1K5,CADDY III Kasten 2KA, 2KH, 2CA, 2CH,BORA 1J2,EOS 1F7, 1F8,SCIROCCO 137, 138,TRANSPORTER V Kasten 7HA, 7HH, 7EA, 7EH,PASSAT CC 357,GOLF Mk III Cabriolet 1E7,BORA Kombi 1J6,GOLF III Variant 1H5,TOUAREG 7P5,JETTA III 1K2,PASSAT 362,GOLF VI Cabriolet 517,JETTA IV 162, 163,TRANSPORTER V Pritsche\/Fahrgestell 7JD, 7JE, 7JL, 7JY, 7JZ,; AUDI: A4 Avant 8K5, B8,A3 8P1,A3 8L1,A3 Sportback 8PA,A4 Avant 8ED, B7,A4 Avant 8E5, B6,A4 8E2, B6,A4 8K2, B8,A4 Cabriolet 8H7, B6, 8HE, B7,A4 8EC, B7,A4 Allroad 8KH, B8,A3 Cabriolet 8P7; Tunnistin, Sis\u00e4ilmal\u00e4mp\u00f6tila<\/p>\n","protected":false},"excerpt":{"rendered":"<p>METZGER L\u00e4mp\u00f6tila-Anturi 0905431 Tunnistin, Sis\u00e4ilmal\u00e4mp\u00f6tila VW,AUDI,GOLF IV 1J1,GOLF V 1K1,TOURAN 1T1, 1T2,GOLF VI 5K1,PASSAT Variant 3C5<\/p>\n","protected":false},"featured_media":0,"template":"","meta":{"site-sidebar-layout":"default","site-content-layout":"default","ast-global-header-display":"","ast-main-header-display":"","ast-hfb-above-header-display":"","ast-hfb-below-header-display":"","ast-hfb-mobile-header-display":"","site-post-title":"","ast-breadcrumbs-content":"","ast-featured-img":"","footer-sml-layout":"","theme-transparent-header-meta":"","adv-header-id-meta":"","stick-header-meta":"","header-above-stick-meta":"","header-main-stick-meta":"","header-below-stick-meta":""},"pwb-brand":[69],"product_cat":[47],"product_tag":[],"class_list":{"0":"post-72737","1":"product","2":"type-product","3":"status-publish","5":"pwb-brand-metzger","6":"product_cat-lampotila-anturi","7":"desktop-align-left","8":"tablet-align-left","9":"mobile-align-left","11":"first","12":"instock","13":"product-type-external"},"brands":[{"id":69,"name":"METZGER","slug":"metzger"}],"_links":{"self":[{"href":"https:\/\/www.autonvaraosahaku.fi\/index.php?rest_route=\/wp\/v2\/product\/72737","targetHints":{"allow":["GET"]}}],"collection":[{"href":"https:\/\/www.autonvaraosahaku.fi\/index.php?rest_route=\/wp\/v2\/product"}],"about":[{"href":"https:\/\/www.autonvaraosahaku.fi\/index.php?rest_route=\/wp\/v2\/types\/product"}],"wp:attachment":[{"href":"https:\/\/www.autonvaraosahaku.fi\/index.php?rest_route=%2Fwp%2Fv2%2Fmedia&parent=72737"}],"wp:term":[{"taxonomy":"pwb-brand","embeddable":true,"href":"https:\/\/www.autonvaraosahaku.fi\/index.php?rest_route=%2Fwp%2Fv2%2Fpwb-brand&post=72737"},{"taxonomy":"product_cat","embeddable":true,"href":"https:\/\/www.autonvaraosahaku.fi\/index.php?rest_route=%2Fwp%2Fv2%2Fproduct_cat&post=72737"},{"taxonomy":"product_tag","embeddable":true,"href":"https:\/\/www.autonvaraosahaku.fi\/index.php?rest_route=%2Fwp%2Fv2%2Fproduct_tag&post=72737"}],"curies":[{"name":"wp","href":"https:\/\/api.w.org\/{rel}","templated":true}]}}