{"id":72747,"date":"2021-02-21T19:23:27","date_gmt":"2021-02-21T19:23:27","guid":{"rendered":"https:\/\/www.autonvaraosahaku.fi\/?product=autofren-seinsa-d41183c-jarrusatula-korjaussarja"},"modified":"2021-02-21T19:23:30","modified_gmt":"2021-02-21T19:23:30","slug":"autofren-seinsa-d41183c-jarrusatula-korjaussarja","status":"publish","type":"product","link":"https:\/\/www.autonvaraosahaku.fi\/?product=autofren-seinsa-d41183c-jarrusatula-korjaussarja","title":{"rendered":"AUTOFREN SEINSA D41183C Jarrusatula korjaussarja"},"content":{"rendered":"<p>Asennuspuoli: Etuakseli; L\u00e4pimitta [mm]: 48; Jarruj\u00e4rjestelm\u00e4: LUCAS; T\u00e4yssarja: ; OE-numerolle: 34111115937; LAND ROVER: DEFENDER Station Wagon LD,DEFENDER Pick-up LD_,DEFENDER Cabrio LD,90\/110 DHMC; OPEL: KADETT C,ASCONA B 81_, 86_, 87_, 88_,REKORD E 17_-19_, 11_, 14_, 16_,MANTA A 58_, 59_,ASCONA A 81_, 86_, 87_, 88_,REKORD E Caravan 61_, 66_, 67_,REKORD D Caravan; BMW: 3 E30,3 E21; VOLVO: 340-360 343, 345; FORD: ESCORT I AFH, ATH,ESCORT I Kombi ADH; PEUGEOT: 304 Cabriolet _04B_,204,204 Cabriolet,304 _04M_,204 Break,304 Coupe _04C_,304 Break _04D_,204 Coupe; VAUXHALL: CHEVETTE; TRIUMPH: SPITFIRE,HERALD; TALBOT: HORIZON,RANCHO; 37H6125, 37H6126, 34111115937, 34111117537, 34111117538, 34111150251, 34111150253, 34111150259, 34111150260, 34111150261, 34111150262, 1478391, 1478392, 542041, 542042, 542140, 542147, 542148, 542190, 542197, 542202, 91032969, 91032970, 440025, 440026, 440046, 440047, 159130, 159131, 13503000, 13503100, 43257500, 43257600, 75061445, 75061446, 159130, 159131, 3265983, 3265984, 3277715, 3277716; Korjaussarja, Jarrusatula<\/p>\n","protected":false},"excerpt":{"rendered":"<p>AUTOFREN SEINSA Jarrusatula Korjaussarja D41183C Korjaussarja, Jarrusatula LAND ROVER,OPEL,BMW,DEFENDER Station Wagon LD,DEFENDER Pick-up LD_<\/p>\n","protected":false},"featured_media":0,"template":"","meta":{"site-sidebar-layout":"default","site-content-layout":"default","ast-global-header-display":"","ast-main-header-display":"","ast-hfb-above-header-display":"","ast-hfb-below-header-display":"","ast-hfb-mobile-header-display":"","site-post-title":"","ast-breadcrumbs-content":"","ast-featured-img":"","footer-sml-layout":"","theme-transparent-header-meta":"","adv-header-id-meta":"","stick-header-meta":"","header-above-stick-meta":"","header-main-stick-meta":"","header-below-stick-meta":""},"pwb-brand":[243],"product_cat":[57],"product_tag":[],"class_list":{"0":"post-72747","1":"product","2":"type-product","3":"status-publish","5":"pwb-brand-autofren-seinsa","6":"product_cat-jarrusatula-korjaussarja","7":"desktop-align-left","8":"tablet-align-left","9":"mobile-align-left","11":"first","12":"instock","13":"product-type-external"},"brands":[{"id":243,"name":"AUTOFREN SEINSA","slug":"autofren-seinsa"}],"_links":{"self":[{"href":"https:\/\/www.autonvaraosahaku.fi\/index.php?rest_route=\/wp\/v2\/product\/72747","targetHints":{"allow":["GET"]}}],"collection":[{"href":"https:\/\/www.autonvaraosahaku.fi\/index.php?rest_route=\/wp\/v2\/product"}],"about":[{"href":"https:\/\/www.autonvaraosahaku.fi\/index.php?rest_route=\/wp\/v2\/types\/product"}],"wp:attachment":[{"href":"https:\/\/www.autonvaraosahaku.fi\/index.php?rest_route=%2Fwp%2Fv2%2Fmedia&parent=72747"}],"wp:term":[{"taxonomy":"pwb-brand","embeddable":true,"href":"https:\/\/www.autonvaraosahaku.fi\/index.php?rest_route=%2Fwp%2Fv2%2Fpwb-brand&post=72747"},{"taxonomy":"product_cat","embeddable":true,"href":"https:\/\/www.autonvaraosahaku.fi\/index.php?rest_route=%2Fwp%2Fv2%2Fproduct_cat&post=72747"},{"taxonomy":"product_tag","embeddable":true,"href":"https:\/\/www.autonvaraosahaku.fi\/index.php?rest_route=%2Fwp%2Fv2%2Fproduct_tag&post=72747"}],"curies":[{"name":"wp","href":"https:\/\/api.w.org\/{rel}","templated":true}]}}