{"id":72777,"date":"2021-02-21T19:23:34","date_gmt":"2021-02-21T19:23:34","guid":{"rendered":"https:\/\/www.autonvaraosahaku.fi\/?product=sachs-6366-000-015-vauhtipyora"},"modified":"2021-02-21T19:23:40","modified_gmt":"2021-02-21T19:23:40","slug":"sachs-6366-000-015-vauhtipyora","status":"publish","type":"product","link":"https:\/\/www.autonvaraosahaku.fi\/?product=sachs-6366-000-015-vauhtipyora","title":{"rendered":"SACHS 6366 000 015 Vauhtipy\u00f6r\u00e4"},"content":{"rendered":"<p>L\u00e4pimitta [mm]: 240; Tuotelinja: Dual-mass flywheel; Vaihteistomalli: Schaltgetriebe 6 Gang; VOLVO: V70 III BW,V60,S80 II AS,S60 II; FORD: MONDEO IV Turnier BA7,S-MAX WA6,FOCUS III Turnier,GALAXY WA6,FOCUS III,C-MAX II,MONDEO IV BA7,KUGA II DM2,GRAND C-MAX,FOCUS III Stufenheck,MONDEO IV Stufenheck BA7,TOURNEO CONNECT \/ GRAND TOURNEO CONNECT Kombi,TRANSIT CONNECT Kasten,MONDEO V Turnier,MONDEO V Stufenheck,FIESTA VII,MONDEO V Schr\u00e4gheck,C-MAX II Van,TRANSIT CONNECT Kombi,FOCUS III Kasten\/Schr\u00e4gheck; 1872525, 1916431, 2028458, FM516477DC, FM516477DD, RMFM516477DD, 31367993, 31437703<\/p>\n","protected":false},"excerpt":{"rendered":"<p>SACHS Vauhtipy\u00f6r\u00e4 6366 000 015  VOLVO,FORD,V70 III BW,V60,S80 II AS,S60 II,MONDEO IV Turnier BA7,S-MAX WA6,FOCUS III Turnier,GALAXY WA6,FOCUS III<\/p>\n","protected":false},"featured_media":0,"template":"","meta":{"site-sidebar-layout":"default","site-content-layout":"default","ast-global-header-display":"","ast-main-header-display":"","ast-hfb-above-header-display":"","ast-hfb-below-header-display":"","ast-hfb-mobile-header-display":"","site-post-title":"","ast-breadcrumbs-content":"","ast-featured-img":"","footer-sml-layout":"","theme-transparent-header-meta":"","adv-header-id-meta":"","stick-header-meta":"","header-above-stick-meta":"","header-main-stick-meta":"","header-below-stick-meta":""},"pwb-brand":[91],"product_cat":[68],"product_tag":[],"class_list":{"0":"post-72777","1":"product","2":"type-product","3":"status-publish","5":"pwb-brand-sachs","6":"product_cat-vauhtipyora","7":"desktop-align-left","8":"tablet-align-left","9":"mobile-align-left","11":"first","12":"instock","13":"product-type-external"},"brands":[{"id":91,"name":"SACHS","slug":"sachs"}],"_links":{"self":[{"href":"https:\/\/www.autonvaraosahaku.fi\/index.php?rest_route=\/wp\/v2\/product\/72777","targetHints":{"allow":["GET"]}}],"collection":[{"href":"https:\/\/www.autonvaraosahaku.fi\/index.php?rest_route=\/wp\/v2\/product"}],"about":[{"href":"https:\/\/www.autonvaraosahaku.fi\/index.php?rest_route=\/wp\/v2\/types\/product"}],"wp:attachment":[{"href":"https:\/\/www.autonvaraosahaku.fi\/index.php?rest_route=%2Fwp%2Fv2%2Fmedia&parent=72777"}],"wp:term":[{"taxonomy":"pwb-brand","embeddable":true,"href":"https:\/\/www.autonvaraosahaku.fi\/index.php?rest_route=%2Fwp%2Fv2%2Fpwb-brand&post=72777"},{"taxonomy":"product_cat","embeddable":true,"href":"https:\/\/www.autonvaraosahaku.fi\/index.php?rest_route=%2Fwp%2Fv2%2Fproduct_cat&post=72777"},{"taxonomy":"product_tag","embeddable":true,"href":"https:\/\/www.autonvaraosahaku.fi\/index.php?rest_route=%2Fwp%2Fv2%2Fproduct_tag&post=72777"}],"curies":[{"name":"wp","href":"https:\/\/api.w.org\/{rel}","templated":true}]}}