{"id":72791,"date":"2021-02-21T19:23:42","date_gmt":"2021-02-21T19:23:42","guid":{"rendered":"https:\/\/www.autonvaraosahaku.fi\/?product=jp-group-1118701400-polttoainesuodatin"},"modified":"2021-02-21T19:23:45","modified_gmt":"2021-02-21T19:23:45","slug":"jp-group-1118701400-polttoainesuodatin","status":"publish","type":"product","link":"https:\/\/www.autonvaraosahaku.fi\/?product=jp-group-1118701400-polttoainesuodatin","title":{"rendered":"JP GROUP 1118701400 Polttoainesuodatin"},"content":{"rendered":"<p>Suodatintyyppi: Ruuvattava suodatin; Korkeus (mm): 152; Ulkol\u00e4pimitta 1 [mm]: 81; Ulkol\u00e4pimitta 2 [mm]: 86; Polttoainej\u00e4rjestelm\u00e4: Benzineinspritzung; VW: GOLF II 19E, 1G1,GOLF I Cabriolet 155,SCIROCCO 53B,CADDY I 14; AUDI: 80 8C, B4,80 89, 89Q, 8A, B3,CABRIOLET 8G7, B4,100 4A, C4,100 44, 44Q, C3,A6 Avant 4A, C4,A6 4A, C4,COUPE 89, 8B,100 Avant 4A, C4,90 89, 89Q, 8A, B3,100 Avant 44, 44Q, C3,QUATTRO 85,200 44, 44Q,200 Avant 44, 44Q,200 43,100 Avant 43, C2; SEAT: TOLEDO I 1L; 1GS201511A, 443133511, 447133511, 4A0133511, 810133511A, 811133511, 811133511B, 857133511, 893133511, 82425329, 5020405, 5020406, 6103279, 6688744, 82GB9155AA, 82GB9155BA, 88GX9155BA, 156712, UE74370, 4163853, 8978561, 9333790, 1GS201511A, 443133511, 447133511, 4A0133511, 810133511A, 811133511, 811133511B, 857133511, 893133511, 1306530, 1389450, 1389562, 31262352, 1GS201511A, 443133511, 447133511, 4A0133511, 810133511A, 811133511, 811133511B, 857133511, 893133511<\/p>\n","protected":false},"excerpt":{"rendered":"<p>JP GROUP Polttoainesuodatin JP Group 1118701400  VW,AUDI,SEAT,GOLF II 19E, 1G1,GOLF I Cabriolet 155,SCIROCCO 53B,CADDY I 14,80 8C, B4<\/p>\n","protected":false},"featured_media":0,"template":"","meta":{"site-sidebar-layout":"default","site-content-layout":"default","ast-global-header-display":"","ast-main-header-display":"","ast-hfb-above-header-display":"","ast-hfb-below-header-display":"","ast-hfb-mobile-header-display":"","site-post-title":"","ast-breadcrumbs-content":"","ast-featured-img":"","footer-sml-layout":"","theme-transparent-header-meta":"","adv-header-id-meta":"","stick-header-meta":"","header-above-stick-meta":"","header-main-stick-meta":"","header-below-stick-meta":""},"pwb-brand":[131],"product_cat":[29],"product_tag":[],"class_list":{"0":"post-72791","1":"product","2":"type-product","3":"status-publish","5":"pwb-brand-jp-group","6":"product_cat-polttoainesuodatin","7":"desktop-align-left","8":"tablet-align-left","9":"mobile-align-left","11":"first","12":"instock","13":"product-type-external"},"brands":[{"id":131,"name":"JP GROUP","slug":"jp-group"}],"_links":{"self":[{"href":"https:\/\/www.autonvaraosahaku.fi\/index.php?rest_route=\/wp\/v2\/product\/72791","targetHints":{"allow":["GET"]}}],"collection":[{"href":"https:\/\/www.autonvaraosahaku.fi\/index.php?rest_route=\/wp\/v2\/product"}],"about":[{"href":"https:\/\/www.autonvaraosahaku.fi\/index.php?rest_route=\/wp\/v2\/types\/product"}],"wp:attachment":[{"href":"https:\/\/www.autonvaraosahaku.fi\/index.php?rest_route=%2Fwp%2Fv2%2Fmedia&parent=72791"}],"wp:term":[{"taxonomy":"pwb-brand","embeddable":true,"href":"https:\/\/www.autonvaraosahaku.fi\/index.php?rest_route=%2Fwp%2Fv2%2Fpwb-brand&post=72791"},{"taxonomy":"product_cat","embeddable":true,"href":"https:\/\/www.autonvaraosahaku.fi\/index.php?rest_route=%2Fwp%2Fv2%2Fproduct_cat&post=72791"},{"taxonomy":"product_tag","embeddable":true,"href":"https:\/\/www.autonvaraosahaku.fi\/index.php?rest_route=%2Fwp%2Fv2%2Fproduct_tag&post=72791"}],"curies":[{"name":"wp","href":"https:\/\/api.w.org\/{rel}","templated":true}]}}