{"id":72800,"date":"2021-02-21T19:23:48","date_gmt":"2021-02-21T19:23:48","guid":{"rendered":"https:\/\/www.autonvaraosahaku.fi\/?product=jp-group-1111400400-hydraulinen-venttiilinnostin"},"modified":"2021-02-21T19:23:49","modified_gmt":"2021-02-21T19:23:49","slug":"jp-group-1111400400-hydraulinen-venttiilinnostin","status":"publish","type":"product","link":"https:\/\/www.autonvaraosahaku.fi\/?product=jp-group-1111400400-hydraulinen-venttiilinnostin","title":{"rendered":"JP GROUP 1111400400 Hydraulinen venttiilinnostin"},"content":{"rendered":"<p>Paksuus [mm]: 24,1; Ulkol\u00e4pimitta [mm]: 35; K\u00e4ytt\u00f6: Hydraulinen; Paino [kg]: 0,069; Huomioi huolto-ohjeet: ; VW: LT 28-46 II Kasten 2DA, 2DD, 2DH,LT 28-35 II Bus 2DB, 2DE, 2DK,LT 28-46 II Pritsche\/Fahrgestell 2DC, 2DF, 2DG, 2DL, 2DM; SSANGYONG: MUSSO FJ,KORANDO KJ,KORANDO Cabrio KJ,CHAIRMAN HT_; MERCEDES-BENZ: C-CLASS W202,SLK R170,E-CLASS W210,M-CLASS W163,Stufenheck W124,E-CLASS Kombi S210,CLK C208,SL R129,C-CLASS Kombi S202,KOMBI Kombi S124,E-CLASS W124,G-CLASS W463,VITO Bus 638,CLK Cabriolet A208,COUPE C124,S-CLASS W140,E-CLASS Kombi S124,SPRINTER 3-t Kasten 903,SPRINTER 2-t Bus 901, 902,V-CLASS 638\/2,SPRINTER 2-t Kasten 901, 902,VITO Kasten 638,E-CLASS Cabriolet A124,E-CLASS Coupe C124,SPRINTER 4-t Pritsche\/Fahrgestell 904,SPRINTER 2-t Pritsche\/Fahrgestell 901, 902,S-CLASS Coupe C140,SPRINTER 4-t Kasten 904,CABRIOLET A124,G-CLASS Cabrio W463; 0000500225, 1040501025, 1040501225, 1110500025, 1190500325, 1190500825, A0000500225, A1040501025, A1040501225, A1110500025, A1190500325, A1190500825, 00A109309; Venttiilinnostin<\/p>\n","protected":false},"excerpt":{"rendered":"<p>JP GROUP Hydraulinen Venttiilinnostin JP Group 1111400400 Venttiilinnostin VW,SSANGYONG,MERCEDES-BENZ,LT 28-46 II Kasten 2DA, 2DD, 2DH<\/p>\n","protected":false},"featured_media":0,"template":"","meta":{"site-sidebar-layout":"default","site-content-layout":"default","ast-global-header-display":"","ast-main-header-display":"","ast-hfb-above-header-display":"","ast-hfb-below-header-display":"","ast-hfb-mobile-header-display":"","site-post-title":"","ast-breadcrumbs-content":"","ast-featured-img":"","footer-sml-layout":"","theme-transparent-header-meta":"","adv-header-id-meta":"","stick-header-meta":"","header-above-stick-meta":"","header-main-stick-meta":"","header-below-stick-meta":""},"pwb-brand":[131],"product_cat":[126],"product_tag":[],"class_list":{"0":"post-72800","1":"product","2":"type-product","3":"status-publish","5":"pwb-brand-jp-group","6":"product_cat-hydraulinen-venttiilinnostin","7":"desktop-align-left","8":"tablet-align-left","9":"mobile-align-left","11":"first","12":"instock","13":"product-type-external"},"brands":[{"id":131,"name":"JP GROUP","slug":"jp-group"}],"_links":{"self":[{"href":"https:\/\/www.autonvaraosahaku.fi\/index.php?rest_route=\/wp\/v2\/product\/72800","targetHints":{"allow":["GET"]}}],"collection":[{"href":"https:\/\/www.autonvaraosahaku.fi\/index.php?rest_route=\/wp\/v2\/product"}],"about":[{"href":"https:\/\/www.autonvaraosahaku.fi\/index.php?rest_route=\/wp\/v2\/types\/product"}],"wp:attachment":[{"href":"https:\/\/www.autonvaraosahaku.fi\/index.php?rest_route=%2Fwp%2Fv2%2Fmedia&parent=72800"}],"wp:term":[{"taxonomy":"pwb-brand","embeddable":true,"href":"https:\/\/www.autonvaraosahaku.fi\/index.php?rest_route=%2Fwp%2Fv2%2Fpwb-brand&post=72800"},{"taxonomy":"product_cat","embeddable":true,"href":"https:\/\/www.autonvaraosahaku.fi\/index.php?rest_route=%2Fwp%2Fv2%2Fproduct_cat&post=72800"},{"taxonomy":"product_tag","embeddable":true,"href":"https:\/\/www.autonvaraosahaku.fi\/index.php?rest_route=%2Fwp%2Fv2%2Fproduct_tag&post=72800"}],"curies":[{"name":"wp","href":"https:\/\/api.w.org\/{rel}","templated":true}]}}