{"id":7283,"date":"2021-02-21T13:59:45","date_gmt":"2021-02-21T13:59:45","guid":{"rendered":"https:\/\/www.autonvaraosahaku.fi\/?product=febi-bilstein-172006-muut-luokat"},"modified":"2021-02-21T13:59:46","modified_gmt":"2021-02-21T13:59:46","slug":"febi-bilstein-172006-muut-luokat","status":"publish","type":"product","link":"https:\/\/www.autonvaraosahaku.fi\/?product=febi-bilstein-172006-muut-luokat","title":{"rendered":"FEBI BILSTEIN 172006 Muut luokat"},"content":{"rendered":"<p>V\u00e4ri: Punainen; Tilavuus (litra): 5; Erittely: VW TL 774 D, G12 (-35\u00b0C); Paino [kg]: 5,3; Huomioi huolto-ohjeet: ; VW: GOLF I Cabriolet 155,CORRADO 53I,SCIROCCO 53B,GOLF I 17,CADDY I 14,LT 28-46 II Kasten 2DA, 2DD, 2DH,LT 28-35 II Bus 2DB, 2DE, 2DK,LT 28-46 II Pritsche\/Fahrgestell 2DC, 2DF, 2DG, 2DL, 2DM; AUDI: A4 8D2, B5,A4 Avant 8ED, B7,A4 Avant 8E5, B6,A6 Avant 4B5, C5,A4 Avant 8D5, B5,A6 4B2, C5,80 81, 85, B2; SKODA: OCTAVIA Combi 1U5; SEAT: IBIZA V 6J5, 6P5,LEON 1M1,EXEO ST 3R5,IBIZA V SPORTCOUPE 6J1, 6P1,EXEO 3R2,INCA 6K9; PEUGEOT: 1007 KM_; G012A8DA1, G012A8DA1S3, 1940663, 1940663S3, G012A8DA1, G012A8DA1S3, G012A8DA1, G012A8DA1S3, G012A8DA1, G012A8DA1S3; J\u00e4\u00e4hdytysneste,Pakkasneste,J\u00e4\u00e4tymissuoja<\/p>\n","protected":false},"excerpt":{"rendered":"<p>FEBI BILSTEIN J\u00e4\u00e4hdytinneste 172006 J\u00e4\u00e4hdytysneste,Pakkasneste VW,AUDI,SKODA,GOLF I Cabriolet 155,CORRADO 53I,SCIROCCO 53B,GOLF I 17,CADDY I 14<\/p>\n","protected":false},"featured_media":0,"template":"","meta":{"site-sidebar-layout":"default","site-content-layout":"default","ast-global-header-display":"","ast-main-header-display":"","ast-hfb-above-header-display":"","ast-hfb-below-header-display":"","ast-hfb-mobile-header-display":"","site-post-title":"","ast-breadcrumbs-content":"","ast-featured-img":"","footer-sml-layout":"","theme-transparent-header-meta":"","adv-header-id-meta":"","stick-header-meta":"","header-above-stick-meta":"","header-main-stick-meta":"","header-below-stick-meta":""},"pwb-brand":[50],"product_cat":[37],"product_tag":[],"class_list":{"0":"post-7283","1":"product","2":"type-product","3":"status-publish","5":"pwb-brand-febi-bilstein","6":"product_cat-muut-luokat","7":"desktop-align-left","8":"tablet-align-left","9":"mobile-align-left","11":"first","12":"instock","13":"product-type-external"},"brands":[{"id":50,"name":"FEBI BILSTEIN","slug":"febi-bilstein"}],"_links":{"self":[{"href":"https:\/\/www.autonvaraosahaku.fi\/index.php?rest_route=\/wp\/v2\/product\/7283","targetHints":{"allow":["GET"]}}],"collection":[{"href":"https:\/\/www.autonvaraosahaku.fi\/index.php?rest_route=\/wp\/v2\/product"}],"about":[{"href":"https:\/\/www.autonvaraosahaku.fi\/index.php?rest_route=\/wp\/v2\/types\/product"}],"wp:attachment":[{"href":"https:\/\/www.autonvaraosahaku.fi\/index.php?rest_route=%2Fwp%2Fv2%2Fmedia&parent=7283"}],"wp:term":[{"taxonomy":"pwb-brand","embeddable":true,"href":"https:\/\/www.autonvaraosahaku.fi\/index.php?rest_route=%2Fwp%2Fv2%2Fpwb-brand&post=7283"},{"taxonomy":"product_cat","embeddable":true,"href":"https:\/\/www.autonvaraosahaku.fi\/index.php?rest_route=%2Fwp%2Fv2%2Fproduct_cat&post=7283"},{"taxonomy":"product_tag","embeddable":true,"href":"https:\/\/www.autonvaraosahaku.fi\/index.php?rest_route=%2Fwp%2Fv2%2Fproduct_tag&post=7283"}],"curies":[{"name":"wp","href":"https:\/\/api.w.org\/{rel}","templated":true}]}}