{"id":72858,"date":"2021-02-21T19:24:03","date_gmt":"2021-02-21T19:24:03","guid":{"rendered":"https:\/\/www.autonvaraosahaku.fi\/?product=kyb-343308-iskunvaimennin"},"modified":"2021-02-21T19:24:08","modified_gmt":"2021-02-21T19:24:08","slug":"kyb-343308-iskunvaimennin","status":"publish","type":"product","link":"https:\/\/www.autonvaraosahaku.fi\/?product=kyb-343308-iskunvaimennin","title":{"rendered":"KYB 343308 Iskunvaimennin"},"content":{"rendered":"<p>Asennuspuoli: Taka-akseli; Iskunvaimennusj\u00e4rjestelm\u00e4: Kaksiputki; Iskunvaimennin tyyppi: Kaasupaine; Iskunvaimennin asennustapa: Silmukka ylh\u00e4\u00e4ll\u00e4, Silmukka alhaalla; Tuotelinja: Excel-G; Ei rakennemallille: OPC; OPEL: MERIVA,ZAFIRA A F75_,ASTRA H L48,COMBO Kasten\/Kombi,COMBO Tour,CORSA C Kasten F08, W5L,ASTRA CLASSIC L48; VAUXHALL: ZAFIRA Mk I A F75,CORSAVAN Mk II C,MERIVA Mk I A,COMBO Mk II C Kasten\/Kombi F25; 5535025100, 5536025151, RSC000020, RSC000030, 13242433, 13271702, 13319751, 13319752, 22007803, 26076, 3431165, 3431230, 3449692, 3451375, 436151, 436173, 436174, 436185, 436188, 436285, 436293, 436294, 436295, 436304, 436307, 436309, 436313, 436316, 436326, 436341, 436347, 436355, 436356, 436357, 436358, 436364, 436365, 436369, 436380, 436381, 436385, 436386, 436393, 436394, 436395, 436397, 436398, 436399, 436405, 436406, 436426, 436437, 436468, 436469, 436471, 436480, 436482, 5062, 72119059, 72119125, 72119126, 8855, 88963482, 8939585, 8953422, 8965567, 8967834, 8977900, 90005038, 9004027, 9004187, 90141525, 90157012, 90399490, 91018422, 92078324, 920870085, 92087085, 9293946, 93173756, 93177217, 93177873, 93177874, 93177883, 93178641, 93182103, 93182237, 93182239, 93183291, 93183293, 93183975, 93185698, 93185699, 93185700, 93186892, 93187019, 93187577, 93187931, 93187932, 93189035, 93189036, 93191023, 93191026, 93191027, 93191129, 93197045, 95183570, 96183570, 97043818, 97179444, &#8230;; Iskarit,Iskunvaimennin<\/p>\n","protected":false},"excerpt":{"rendered":"<p>KYB Iskunvaimentimet 343308 Iskarit,Iskunvaimennin OPEL,VAUXHALL,MERIVA,ZAFIRA A F75_,ASTRA H L48,COMBO Kasten\/Kombi,COMBO Tour<\/p>\n","protected":false},"featured_media":0,"template":"","meta":{"site-sidebar-layout":"default","site-content-layout":"default","ast-global-header-display":"","ast-main-header-display":"","ast-hfb-above-header-display":"","ast-hfb-below-header-display":"","ast-hfb-mobile-header-display":"","site-post-title":"","ast-breadcrumbs-content":"","ast-featured-img":"","footer-sml-layout":"","theme-transparent-header-meta":"","adv-header-id-meta":"","stick-header-meta":"","header-above-stick-meta":"","header-main-stick-meta":"","header-below-stick-meta":""},"pwb-brand":[226],"product_cat":[80],"product_tag":[],"class_list":{"0":"post-72858","1":"product","2":"type-product","3":"status-publish","5":"pwb-brand-kyb","6":"product_cat-iskunvaimennin","7":"desktop-align-left","8":"tablet-align-left","9":"mobile-align-left","11":"first","12":"instock","13":"product-type-external"},"brands":[{"id":226,"name":"KYB","slug":"kyb"}],"_links":{"self":[{"href":"https:\/\/www.autonvaraosahaku.fi\/index.php?rest_route=\/wp\/v2\/product\/72858","targetHints":{"allow":["GET"]}}],"collection":[{"href":"https:\/\/www.autonvaraosahaku.fi\/index.php?rest_route=\/wp\/v2\/product"}],"about":[{"href":"https:\/\/www.autonvaraosahaku.fi\/index.php?rest_route=\/wp\/v2\/types\/product"}],"wp:attachment":[{"href":"https:\/\/www.autonvaraosahaku.fi\/index.php?rest_route=%2Fwp%2Fv2%2Fmedia&parent=72858"}],"wp:term":[{"taxonomy":"pwb-brand","embeddable":true,"href":"https:\/\/www.autonvaraosahaku.fi\/index.php?rest_route=%2Fwp%2Fv2%2Fpwb-brand&post=72858"},{"taxonomy":"product_cat","embeddable":true,"href":"https:\/\/www.autonvaraosahaku.fi\/index.php?rest_route=%2Fwp%2Fv2%2Fproduct_cat&post=72858"},{"taxonomy":"product_tag","embeddable":true,"href":"https:\/\/www.autonvaraosahaku.fi\/index.php?rest_route=%2Fwp%2Fv2%2Fproduct_tag&post=72858"}],"curies":[{"name":"wp","href":"https:\/\/api.w.org\/{rel}","templated":true}]}}