{"id":72869,"date":"2021-02-21T19:24:09","date_gmt":"2021-02-21T19:24:09","guid":{"rendered":"https:\/\/www.autonvaraosahaku.fi\/?product=hella-1ab-003-177-001-muut-luokat"},"modified":"2021-02-21T19:24:12","modified_gmt":"2021-02-21T19:24:12","slug":"hella-1ab-003-177-001-muut-luokat","status":"publish","type":"product","link":"https:\/\/www.autonvaraosahaku.fi\/?product=hella-1ab-003-177-001-muut-luokat","title":{"rendered":"HELLA 1AB 003 177-001 Muut luokat"},"content":{"rendered":"<p>Leveys (mm): 167; Korkeus (mm): 107; Viite: 12,5; Asennusmalli: Upotus; Asennuspuoli: Vasen, Oikea; Korvaava tuote\/korvaava tiedote 2: ilman polttimoita; Lyhdyn muoto: Halogeeni; Tarkistuskilpi: E1 24460, E1 24461, ECE; Nimellisj\u00e4nnite (V): 12, 24; Lyhtytoimintojen m\u00e4\u00e4r\u00e4: 2; Lamppumalli: H4; Valotoiminto: puolivalolla, kaukovalolla; Valoaukko (mm): 164 x 103; Vasen \/ oikea liikenne: Oikeanpuoleiselle liikenteelle; Valmistusvuoteen: 07\/1982; MAZDA: 929 I LA; NISSAN: LAUREL HLC230; TOYOTA: CELICA Coupe RA4_, TA4_,CELICA TA60, RA40, RA6_,CROWN Stufenheck _S1_,CARINA TA4L, TA6_L,CORONA Station Wagon RT118,CORONA RT1_,CORONA Liftback _T13_,CROWN Station Wagon _S1_,CORONA XT1_, TT1_, RT1_; MITSUBISHI: SAPPORO I A12_,GALANT II Station Wagon A16_V,GALANT I Station Wagon A12_V; JOHN DEERE: Series 5,Series 6000,Series 6010; INTERNATIONAL HARV.: 1455,743,844,856,A-Series,C-Series; FENDT: Farmer,Favorit,GT; 4188712<\/p>\n","protected":false},"excerpt":{"rendered":"<p>HELLA Ajovalosarja, Ajovalo 1AB 003 177-001  MAZDA,NISSAN,TOYOTA,929 I LA,LAUREL HLC230,CELICA Coupe RA4_, TA4_,CELICA TA60, RA40, RA6_<\/p>\n","protected":false},"featured_media":0,"template":"","meta":{"site-sidebar-layout":"default","site-content-layout":"default","ast-global-header-display":"","ast-main-header-display":"","ast-hfb-above-header-display":"","ast-hfb-below-header-display":"","ast-hfb-mobile-header-display":"","site-post-title":"","ast-breadcrumbs-content":"","ast-featured-img":"","footer-sml-layout":"","theme-transparent-header-meta":"","adv-header-id-meta":"","stick-header-meta":"","header-above-stick-meta":"","header-main-stick-meta":"","header-below-stick-meta":""},"pwb-brand":[24],"product_cat":[37],"product_tag":[],"class_list":{"0":"post-72869","1":"product","2":"type-product","3":"status-publish","5":"pwb-brand-hella","6":"product_cat-muut-luokat","7":"desktop-align-left","8":"tablet-align-left","9":"mobile-align-left","11":"first","12":"instock","13":"product-type-external"},"brands":[{"id":24,"name":"HELLA","slug":"hella"}],"_links":{"self":[{"href":"https:\/\/www.autonvaraosahaku.fi\/index.php?rest_route=\/wp\/v2\/product\/72869","targetHints":{"allow":["GET"]}}],"collection":[{"href":"https:\/\/www.autonvaraosahaku.fi\/index.php?rest_route=\/wp\/v2\/product"}],"about":[{"href":"https:\/\/www.autonvaraosahaku.fi\/index.php?rest_route=\/wp\/v2\/types\/product"}],"wp:attachment":[{"href":"https:\/\/www.autonvaraosahaku.fi\/index.php?rest_route=%2Fwp%2Fv2%2Fmedia&parent=72869"}],"wp:term":[{"taxonomy":"pwb-brand","embeddable":true,"href":"https:\/\/www.autonvaraosahaku.fi\/index.php?rest_route=%2Fwp%2Fv2%2Fpwb-brand&post=72869"},{"taxonomy":"product_cat","embeddable":true,"href":"https:\/\/www.autonvaraosahaku.fi\/index.php?rest_route=%2Fwp%2Fv2%2Fproduct_cat&post=72869"},{"taxonomy":"product_tag","embeddable":true,"href":"https:\/\/www.autonvaraosahaku.fi\/index.php?rest_route=%2Fwp%2Fv2%2Fproduct_tag&post=72869"}],"curies":[{"name":"wp","href":"https:\/\/api.w.org\/{rel}","templated":true}]}}