{"id":72877,"date":"2021-02-21T19:24:09","date_gmt":"2021-02-21T19:24:09","guid":{"rendered":"https:\/\/www.autonvaraosahaku.fi\/?product=vaico-v22-1011-jousijalan-tukilaakeri"},"modified":"2021-02-21T19:24:15","modified_gmt":"2021-02-21T19:24:15","slug":"vaico-v22-1011-jousijalan-tukilaakeri","status":"publish","type":"product","link":"https:\/\/www.autonvaraosahaku.fi\/?product=vaico-v22-1011-jousijalan-tukilaakeri","title":{"rendered":"VAICO V22-1011 Jousijalan tukilaakeri"},"content":{"rendered":"<p>Korvaava tuote\/korvaava tiedote 2: Ilman kuulalaakeria; Asennuspuoli: Etuakseli; Paino [kg]: 0,42; Pakkausleveys [cm]: 13,1; Pakkauskorkeus [mm]: 3,1; Pakkaussyvyys [cm]: 13,1; lis\u00e4tieto: CST99; Organisaationumeroon: 10156; CITRO\u00cbN: C2 JM_,C3 I FC_,C3 Pluriel HB_,C2 ENTERPRISE; 503180, 503849, 503891; Iskarin Yl\u00e4p\u00e4\u00e4,Iskunvaimentimen Yl\u00e4p\u00e4\u00e4<\/p>\n","protected":false},"excerpt":{"rendered":"<p>VAICO Jousijalan Tukilaakeri V22-1011 Iskarin Yl\u00e4p\u00e4\u00e4,Iskunvaimentimen Yl\u00e4p\u00e4\u00e4 CITRO\u00cbN,C2 JM_,C3 I FC_,C3 Pluriel HB_,C2 ENTERPRISE<\/p>\n","protected":false},"featured_media":0,"template":"","meta":{"site-sidebar-layout":"default","site-content-layout":"default","ast-global-header-display":"","ast-main-header-display":"","ast-hfb-above-header-display":"","ast-hfb-below-header-display":"","ast-hfb-mobile-header-display":"","site-post-title":"","ast-breadcrumbs-content":"","ast-featured-img":"","footer-sml-layout":"","theme-transparent-header-meta":"","adv-header-id-meta":"","stick-header-meta":"","header-above-stick-meta":"","header-main-stick-meta":"","header-below-stick-meta":""},"pwb-brand":[330],"product_cat":[45],"product_tag":[],"class_list":{"0":"post-72877","1":"product","2":"type-product","3":"status-publish","5":"pwb-brand-vaico","6":"product_cat-jousijalan-tukilaakeri","7":"desktop-align-left","8":"tablet-align-left","9":"mobile-align-left","11":"first","12":"instock","13":"product-type-external"},"brands":[{"id":330,"name":"VAICO","slug":"vaico"}],"_links":{"self":[{"href":"https:\/\/www.autonvaraosahaku.fi\/index.php?rest_route=\/wp\/v2\/product\/72877","targetHints":{"allow":["GET"]}}],"collection":[{"href":"https:\/\/www.autonvaraosahaku.fi\/index.php?rest_route=\/wp\/v2\/product"}],"about":[{"href":"https:\/\/www.autonvaraosahaku.fi\/index.php?rest_route=\/wp\/v2\/types\/product"}],"wp:attachment":[{"href":"https:\/\/www.autonvaraosahaku.fi\/index.php?rest_route=%2Fwp%2Fv2%2Fmedia&parent=72877"}],"wp:term":[{"taxonomy":"pwb-brand","embeddable":true,"href":"https:\/\/www.autonvaraosahaku.fi\/index.php?rest_route=%2Fwp%2Fv2%2Fpwb-brand&post=72877"},{"taxonomy":"product_cat","embeddable":true,"href":"https:\/\/www.autonvaraosahaku.fi\/index.php?rest_route=%2Fwp%2Fv2%2Fproduct_cat&post=72877"},{"taxonomy":"product_tag","embeddable":true,"href":"https:\/\/www.autonvaraosahaku.fi\/index.php?rest_route=%2Fwp%2Fv2%2Fproduct_tag&post=72877"}],"curies":[{"name":"wp","href":"https:\/\/api.w.org\/{rel}","templated":true}]}}