{"id":72890,"date":"2021-02-21T19:24:16","date_gmt":"2021-02-21T19:24:16","guid":{"rendered":"https:\/\/www.autonvaraosahaku.fi\/?product=vaico-v10-1861-iskunvaimennin"},"modified":"2021-02-21T19:24:19","modified_gmt":"2021-02-21T19:24:19","slug":"vaico-v10-1861-iskunvaimennin","status":"publish","type":"product","link":"https:\/\/www.autonvaraosahaku.fi\/?product=vaico-v10-1861-iskunvaimennin","title":{"rendered":"VAICO V10-1861 Iskunvaimennin"},"content":{"rendered":"<p>Iskunvaimennin asennustapa: Silta alhaalla, Haarukka alhaalla, Purisitin alhaalla, levyn alla, Tappi ylh\u00e4\u00e4ll\u00e4; Iskunvaimennin tyyppi: Kaasupaine; Iskunvaimennin malli: Vaimennin, jousituella; Iskunvaimennusj\u00e4rjestelm\u00e4: Kaksiputki, Vahvistettu vaimennus; Vuosimalliin: 1999; Asennuspuoli: Etuakseli; Paino [kg]: 4,45; Pakkausleveys [cm]: 16,05; Pakkauskorkeus [mm]: 57,05; Pakkaussyvyys [cm]: 16,6; lis\u00e4tieto: CST99; Alustarakenne: f\u00fcr Fahrzeuge mit Sportfahrwerk; VW: PASSAT Variant 3B6,PASSAT Variant 3B5,PASSAT 3B2,PASSAT 3B3; AUDI: A4 8D2, B5,A6 Avant 4B5, C5,A4 Avant 8D5, B5,A6 4B2, C5,TT Roadster 8N9; SKODA: SUPERB 3U4; 3B0413031H, 4B0412031AN, 4B0412031AP, 4B0412031BC, 4B0412031BD, 4B0412031BP, 4B0412031BQ, 4B0412031CD, 4B0412031CE, 4B0412031CF, 4B0412031K, 4B0412031L, 8D0413031AE, 8D0413031AH, 8D0413031BB, 8D0413031BC, 8D0413031BE, 8D0413031BG, 8D0413031BL, 8D0413031BN, 8D0413031BP, 8D0413031BQ, 3B0413031H, 4B0412031AN, 4B0412031AP, 4B0412031BC, 4B0412031BD, 4B0412031BP, 4B0412031BQ, 4B0412031CD, 4B0412031CE, 4B0412031CF, 4B0412031K, 4B0412031L, 8D0413031AE, 8D0413031AH, 8D0413031BB, 8D0413031BC, 8D0413031BE, 8D0413031BG, 8D0413031BL, 8D0413031BN, 8D0413031BP, 8D0413031BQ, 3B0413031H, 4B0412031AN, 4B0412031AP, 4B0412031BC, 4B0412031BD, 4B0412031BP, 4B0412031BQ, 4B0412031CD, 4B0412031CE, 4B0412031CF, 4B0412031K, 4B0412031L, 8D0413031AE, 8D0413031AH, 8D0413031BB, 8D0413031BC, 8D0413031BE, 8D0413031BG, 8D0413031BL, 8D0413031BN, 8D0413031BP, 8D0413031BQ, 3B0413031H, 4B0412031AN, 4B0412031AP, 4B0412031BC, 4B0412031BD, 4B0412031BP, 4B0412031BQ, 4B0412031CD, 4B0412031CE, 4B0412031CF, 4B0412031K, 4B041203&#8230;; Iskarit,Iskunvaimennin<\/p>\n","protected":false},"excerpt":{"rendered":"<p>VAICO Iskunvaimentimet V10-1861 Iskarit,Iskunvaimennin VW,AUDI,SKODA,PASSAT Variant 3B6,PASSAT Variant 3B5,PASSAT 3B2,PASSAT 3B3,A4 8D2, B5<\/p>\n","protected":false},"featured_media":0,"template":"","meta":{"site-sidebar-layout":"default","site-content-layout":"default","ast-global-header-display":"","ast-main-header-display":"","ast-hfb-above-header-display":"","ast-hfb-below-header-display":"","ast-hfb-mobile-header-display":"","site-post-title":"","ast-breadcrumbs-content":"","ast-featured-img":"","footer-sml-layout":"","theme-transparent-header-meta":"","adv-header-id-meta":"","stick-header-meta":"","header-above-stick-meta":"","header-main-stick-meta":"","header-below-stick-meta":""},"pwb-brand":[330],"product_cat":[80],"product_tag":[],"class_list":{"0":"post-72890","1":"product","2":"type-product","3":"status-publish","5":"pwb-brand-vaico","6":"product_cat-iskunvaimennin","7":"desktop-align-left","8":"tablet-align-left","9":"mobile-align-left","11":"first","12":"instock","13":"product-type-external"},"brands":[{"id":330,"name":"VAICO","slug":"vaico"}],"_links":{"self":[{"href":"https:\/\/www.autonvaraosahaku.fi\/index.php?rest_route=\/wp\/v2\/product\/72890","targetHints":{"allow":["GET"]}}],"collection":[{"href":"https:\/\/www.autonvaraosahaku.fi\/index.php?rest_route=\/wp\/v2\/product"}],"about":[{"href":"https:\/\/www.autonvaraosahaku.fi\/index.php?rest_route=\/wp\/v2\/types\/product"}],"wp:attachment":[{"href":"https:\/\/www.autonvaraosahaku.fi\/index.php?rest_route=%2Fwp%2Fv2%2Fmedia&parent=72890"}],"wp:term":[{"taxonomy":"pwb-brand","embeddable":true,"href":"https:\/\/www.autonvaraosahaku.fi\/index.php?rest_route=%2Fwp%2Fv2%2Fpwb-brand&post=72890"},{"taxonomy":"product_cat","embeddable":true,"href":"https:\/\/www.autonvaraosahaku.fi\/index.php?rest_route=%2Fwp%2Fv2%2Fproduct_cat&post=72890"},{"taxonomy":"product_tag","embeddable":true,"href":"https:\/\/www.autonvaraosahaku.fi\/index.php?rest_route=%2Fwp%2Fv2%2Fproduct_tag&post=72890"}],"curies":[{"name":"wp","href":"https:\/\/api.w.org\/{rel}","templated":true}]}}