{"id":72932,"date":"2021-02-21T19:24:31","date_gmt":"2021-02-21T19:24:31","guid":{"rendered":"https:\/\/www.autonvaraosahaku.fi\/?product=ate-03-0137-4009-2-kasijarrukengat"},"modified":"2021-02-21T19:24:35","modified_gmt":"2021-02-21T19:24:35","slug":"ate-03-0137-4009-2-kasijarrukengat","status":"publish","type":"product","link":"https:\/\/www.autonvaraosahaku.fi\/?product=ate-03-0137-4009-2-kasijarrukengat","title":{"rendered":"ATE 03.0137-4009.2 K\u00e4sijarrukeng\u00e4t"},"content":{"rendered":"<p>Rumpul\u00e4pimitta: 186; Leveys (mm): 20; Lis\u00e4tarvike\/lis\u00e4tieto: Vivulla, Tarvikkeilla; Tarkistuskilpi: E1 90R-011045\/177; MAPP-koodi saatavilla: ; Suositellun tarvikkeen tuotenumero: 03.0137-9703.2, 03.0137-9704.2; Huomioi mitat: ; Valmistusvuoteen: 02\/2014; MERCEDES-BENZ: VIANO W639,VITO Bus W639,VITO \/ MIXTO Kasten W639,V-CLASS W447,VITO Tourer W447,VITO Kasten W447,VITO Mixto W447; 6394200220, A6394200220; Jarrukenk\u00e4sarja, K\u00e4sijarru<\/p>\n","protected":false},"excerpt":{"rendered":"<p>ATE K\u00e4sijarrukeng\u00e4t 03.0137-4009.2 Jarrukenk\u00e4sarja, K\u00e4sijarru MERCEDES-BENZ,VIANO W639,VITO Bus W639,VITO \/ MIXTO Kasten W639,V-CLASS W447<\/p>\n","protected":false},"featured_media":0,"template":"","meta":{"site-sidebar-layout":"default","site-content-layout":"default","ast-global-header-display":"","ast-main-header-display":"","ast-hfb-above-header-display":"","ast-hfb-below-header-display":"","ast-hfb-mobile-header-display":"","site-post-title":"","ast-breadcrumbs-content":"","ast-featured-img":"","footer-sml-layout":"","theme-transparent-header-meta":"","adv-header-id-meta":"","stick-header-meta":"","header-above-stick-meta":"","header-main-stick-meta":"","header-below-stick-meta":""},"pwb-brand":[108],"product_cat":[236],"product_tag":[],"class_list":{"0":"post-72932","1":"product","2":"type-product","3":"status-publish","5":"pwb-brand-ate","6":"product_cat-kasijarrukengat","7":"desktop-align-left","8":"tablet-align-left","9":"mobile-align-left","11":"first","12":"instock","13":"product-type-external"},"brands":[{"id":108,"name":"ATE","slug":"ate"}],"_links":{"self":[{"href":"https:\/\/www.autonvaraosahaku.fi\/index.php?rest_route=\/wp\/v2\/product\/72932","targetHints":{"allow":["GET"]}}],"collection":[{"href":"https:\/\/www.autonvaraosahaku.fi\/index.php?rest_route=\/wp\/v2\/product"}],"about":[{"href":"https:\/\/www.autonvaraosahaku.fi\/index.php?rest_route=\/wp\/v2\/types\/product"}],"wp:attachment":[{"href":"https:\/\/www.autonvaraosahaku.fi\/index.php?rest_route=%2Fwp%2Fv2%2Fmedia&parent=72932"}],"wp:term":[{"taxonomy":"pwb-brand","embeddable":true,"href":"https:\/\/www.autonvaraosahaku.fi\/index.php?rest_route=%2Fwp%2Fv2%2Fpwb-brand&post=72932"},{"taxonomy":"product_cat","embeddable":true,"href":"https:\/\/www.autonvaraosahaku.fi\/index.php?rest_route=%2Fwp%2Fv2%2Fproduct_cat&post=72932"},{"taxonomy":"product_tag","embeddable":true,"href":"https:\/\/www.autonvaraosahaku.fi\/index.php?rest_route=%2Fwp%2Fv2%2Fproduct_tag&post=72932"}],"curies":[{"name":"wp","href":"https:\/\/api.w.org\/{rel}","templated":true}]}}