{"id":72933,"date":"2021-02-21T19:24:31","date_gmt":"2021-02-21T19:24:31","guid":{"rendered":"https:\/\/www.autonvaraosahaku.fi\/?product=hella-8ja-001-909-001-muut-luokat"},"modified":"2021-02-21T19:24:35","modified_gmt":"2021-02-21T19:24:35","slug":"hella-8ja-001-909-001-muut-luokat","status":"publish","type":"product","link":"https:\/\/www.autonvaraosahaku.fi\/?product=hella-8ja-001-909-001-muut-luokat","title":{"rendered":"HELLA 8JA 001 909-001 Muut luokat"},"content":{"rendered":"<p>Poikkileikkaus saakka (mm\u00b2): 2,5; Akun kaapelikeng\u00e4n malli: ilman maakaapelia; Lamppumalli: H4, R2 (Bilux); M\u00e4\u00e4r\u00e4: 10; Napojen m\u00e4\u00e4r\u00e4: 3; 000338, 3381900, 51470000338, 2120105017, 7101621301, 100020786, 150802100, 81254350084, 0008210125, 6628262814, A0008210125, A6628262814, DO001007, 0633415, 592000149140, 0052773, 14210740, 784593<\/p>\n","protected":false},"excerpt":{"rendered":"<p>HELLA Pistoke 8JA 001 909-001<\/p>\n","protected":false},"featured_media":0,"template":"","meta":{"site-sidebar-layout":"default","site-content-layout":"default","ast-global-header-display":"","ast-main-header-display":"","ast-hfb-above-header-display":"","ast-hfb-below-header-display":"","ast-hfb-mobile-header-display":"","site-post-title":"","ast-breadcrumbs-content":"","ast-featured-img":"","footer-sml-layout":"","theme-transparent-header-meta":"","adv-header-id-meta":"","stick-header-meta":"","header-above-stick-meta":"","header-main-stick-meta":"","header-below-stick-meta":""},"pwb-brand":[24],"product_cat":[37],"product_tag":[],"class_list":{"0":"post-72933","1":"product","2":"type-product","3":"status-publish","5":"pwb-brand-hella","6":"product_cat-muut-luokat","7":"desktop-align-left","8":"tablet-align-left","9":"mobile-align-left","11":"first","12":"instock","13":"product-type-external"},"brands":[{"id":24,"name":"HELLA","slug":"hella"}],"_links":{"self":[{"href":"https:\/\/www.autonvaraosahaku.fi\/index.php?rest_route=\/wp\/v2\/product\/72933","targetHints":{"allow":["GET"]}}],"collection":[{"href":"https:\/\/www.autonvaraosahaku.fi\/index.php?rest_route=\/wp\/v2\/product"}],"about":[{"href":"https:\/\/www.autonvaraosahaku.fi\/index.php?rest_route=\/wp\/v2\/types\/product"}],"wp:attachment":[{"href":"https:\/\/www.autonvaraosahaku.fi\/index.php?rest_route=%2Fwp%2Fv2%2Fmedia&parent=72933"}],"wp:term":[{"taxonomy":"pwb-brand","embeddable":true,"href":"https:\/\/www.autonvaraosahaku.fi\/index.php?rest_route=%2Fwp%2Fv2%2Fpwb-brand&post=72933"},{"taxonomy":"product_cat","embeddable":true,"href":"https:\/\/www.autonvaraosahaku.fi\/index.php?rest_route=%2Fwp%2Fv2%2Fproduct_cat&post=72933"},{"taxonomy":"product_tag","embeddable":true,"href":"https:\/\/www.autonvaraosahaku.fi\/index.php?rest_route=%2Fwp%2Fv2%2Fproduct_tag&post=72933"}],"curies":[{"name":"wp","href":"https:\/\/api.w.org\/{rel}","templated":true}]}}