{"id":72936,"date":"2021-02-21T19:24:31","date_gmt":"2021-02-21T19:24:31","guid":{"rendered":"https:\/\/www.autonvaraosahaku.fi\/?product=hella-6zt-007-800-111-lampokytkin-jaahdyttimen-puhallin"},"modified":"2021-02-21T19:24:36","modified_gmt":"2021-02-21T19:24:36","slug":"hella-6zt-007-800-111-lampokytkin-jaahdyttimen-puhallin","status":"publish","type":"product","link":"https:\/\/www.autonvaraosahaku.fi\/?product=hella-6zt-007-800-111-lampokytkin-jaahdyttimen-puhallin","title":{"rendered":"HELLA 6ZT 007 800-111 L\u00e4mp\u00f6kytkin j\u00e4\u00e4hdyttimen puhallin"},"content":{"rendered":"<p>Asennusmalli: Poltti\/ruuvi; Vaihtopiste alkaen [\u00b0C]: 87; Vaihtopiste enint. [\u00b0C]: 102; Nimellisj\u00e4nnite (V): 12; Liittimi\u00e4: 3; Kierremitta: M 22 x 1,5; Kytkin: Kaksoisl\u00e4mp\u00f6kytkimell\u00e4; Yhdistelm\u00e4kytkintoiminto: Kaksoisulostulo, Sulkija; Avainv\u00e4li: 29; Pistokemalli: Lattapistoke; Lis\u00e4tarvike\/lis\u00e4tieto: ohne Dichtungen; VW: GOLF IV 1J1,POLO 9N_,TOURAN 1T1, 1T2,GOLF VI 5K1,GOLF PLUS 5M1, 521,POLO 6R, 6C,GOLF IV Variant 1J5,FOX 5Z1, 5Z3,TOUAREG 7LA, 7L6, 7L7,GOLF VI Variant AJ5,UP,BORA 1J2,PHAETON 3D_,BORA Kombi 1J6,NEW BEETLE Cabriolet 1Y7,CADDY II Kasten 9K9A,POLO CLASSIC 6KV2,POLO Stufenheck,POLO Stufenheck 9A4,CADDY II Kombi 9K9B,POLO Stufenheck 9N4,POLO Van 6R,GOLF IV Van 1J1,LOAD UP; AUDI: A3 8L1,TT 8N3,A1 8X1, 8XF,TT Roadster 8N9,A1 Sportback 8XA, 8XK,A3 Cabriolet 8P7; SKODA: FABIA Combi 6Y5,FABIA,FABIA 6Y2,FABIA Combi,ROOMSTER 5J,CITIGO,RAPID Spaceback NH1,FABIA Stufenheck 6Y3,ROOMSTER Praktik 5J,RAPID NH3,FABIA Praktik,FABIA NJ3,FABIA Kombi NJ5; SEAT: IBIZA IV 6L1,LEON 1P1,IBIZA V 6J5, 6P5,LEON 1M1,AROSA 6H,IBIZA V ST 6J8, 6P8,Mii KF1_,TOLEDO II 1M2,IBIZA V SPORTCOUPE 6J1, 6P1,CORDOBA 6L2,TOLEDO IV KG3; 1J0959481A, 1J0959481A, 1J0959481A, 1J0959481A<\/p>\n","protected":false},"excerpt":{"rendered":"<p>HELLA L\u00e4mp\u00f6kytkin J\u00e4\u00e4hdyttimen Puhallin 6ZT 007 800-111  VW,AUDI,SKODA,GOLF IV 1J1,POLO 9N_,TOURAN 1T1, 1T2,GOLF VI 5K1,GOLF PLUS 5M1, 521,POLO 6R, 6C<\/p>\n","protected":false},"featured_media":0,"template":"","meta":{"site-sidebar-layout":"default","site-content-layout":"default","ast-global-header-display":"","ast-main-header-display":"","ast-hfb-above-header-display":"","ast-hfb-below-header-display":"","ast-hfb-mobile-header-display":"","site-post-title":"","ast-breadcrumbs-content":"","ast-featured-img":"","footer-sml-layout":"","theme-transparent-header-meta":"","adv-header-id-meta":"","stick-header-meta":"","header-above-stick-meta":"","header-main-stick-meta":"","header-below-stick-meta":""},"pwb-brand":[24],"product_cat":[290],"product_tag":[],"class_list":{"0":"post-72936","1":"product","2":"type-product","3":"status-publish","5":"pwb-brand-hella","6":"product_cat-lampokytkin-jaahdyttimen-puhallin","7":"desktop-align-left","8":"tablet-align-left","9":"mobile-align-left","11":"first","12":"instock","13":"product-type-external"},"brands":[{"id":24,"name":"HELLA","slug":"hella"}],"_links":{"self":[{"href":"https:\/\/www.autonvaraosahaku.fi\/index.php?rest_route=\/wp\/v2\/product\/72936","targetHints":{"allow":["GET"]}}],"collection":[{"href":"https:\/\/www.autonvaraosahaku.fi\/index.php?rest_route=\/wp\/v2\/product"}],"about":[{"href":"https:\/\/www.autonvaraosahaku.fi\/index.php?rest_route=\/wp\/v2\/types\/product"}],"wp:attachment":[{"href":"https:\/\/www.autonvaraosahaku.fi\/index.php?rest_route=%2Fwp%2Fv2%2Fmedia&parent=72936"}],"wp:term":[{"taxonomy":"pwb-brand","embeddable":true,"href":"https:\/\/www.autonvaraosahaku.fi\/index.php?rest_route=%2Fwp%2Fv2%2Fpwb-brand&post=72936"},{"taxonomy":"product_cat","embeddable":true,"href":"https:\/\/www.autonvaraosahaku.fi\/index.php?rest_route=%2Fwp%2Fv2%2Fproduct_cat&post=72936"},{"taxonomy":"product_tag","embeddable":true,"href":"https:\/\/www.autonvaraosahaku.fi\/index.php?rest_route=%2Fwp%2Fv2%2Fproduct_tag&post=72936"}],"curies":[{"name":"wp","href":"https:\/\/api.w.org\/{rel}","templated":true}]}}