{"id":72941,"date":"2021-02-21T19:24:38","date_gmt":"2021-02-21T19:24:38","guid":{"rendered":"https:\/\/www.autonvaraosahaku.fi\/?product=stabilus-0953dp-muut-luokat"},"modified":"2021-02-21T19:24:39","modified_gmt":"2021-02-21T19:24:39","slug":"stabilus-0953dp-muut-luokat","status":"publish","type":"product","link":"https:\/\/www.autonvaraosahaku.fi\/?product=stabilus-0953dp-muut-luokat","title":{"rendered":"STABILUS 0953DP Muut luokat"},"content":{"rendered":"<p>Vetovoima [N]: 100; Ty\u00f6nt\u00f6voima [N]: 1050; Pituus (mm): 195; Isku (mm): 38; lis\u00e4tieto: \/\/  STAB-O-SHOC\u00ae; Tarvittava kappalem\u00e4\u00e4r\u00e4: 1; MERCEDES-BENZ: C-CLASS W202,190 W201,Stufenheck W124,SL R129,SL R107,S-CLASS W126,KOMBI Kombi S124,E-CLASS W124,G-CLASS W463,VITO Bus 638,COUPE C124,G-CLASS W460,S-CLASS W140,E-CLASS Kombi S124,SPRINTER 3-t Kasten 903,SPRINTER 2-t Bus 901, 902,G-CLASS W461,SPRINTER 2-t Kasten 901, 902,SPRINTER 3-t Bus 903,SPRINTER 3-t Pritsche\/Fahrgestell 903,T1 Bus 601,VITO Kasten 638,E-CLASS Cabriolet A124,E-CLASS Coupe C124,T1 Pritsche\/Fahrgestell 602,T1 Kasten 602,SPRINTER 4-t Pritsche\/Fahrgestell 904,T1 Pritsche\/Fahrgestell 601,T2\/LN1 Kasten\/Kombi,SPRINTER 2-t Pritsche\/Fahrgestell 901, 902,T1 Kasten 601,SPRINTER 4-t Kasten 904,CABRIOLET A124,T1 Bus 602,T1\/TN Pritsche\/Fahrgestell,G-CLASS Cabrio W463,T1\/TN Kasten\/Kombi,T2\/LN1 Kipper,O 100; 1032000114, A1032000114<\/p>\n","protected":false},"excerpt":{"rendered":"<p>STABILUS V\u00e4rin\u00e4nvaimennin, Moniurahihna 0953DP  MERCEDES-BENZ,C-CLASS W202,190 W201,Stufenheck W124,SL R129,SL R107,S-CLASS W126,KOMBI Kombi S124<\/p>\n","protected":false},"featured_media":0,"template":"","meta":{"site-sidebar-layout":"default","site-content-layout":"default","ast-global-header-display":"","ast-main-header-display":"","ast-hfb-above-header-display":"","ast-hfb-below-header-display":"","ast-hfb-mobile-header-display":"","site-post-title":"","ast-breadcrumbs-content":"","ast-featured-img":"","footer-sml-layout":"","theme-transparent-header-meta":"","adv-header-id-meta":"","stick-header-meta":"","header-above-stick-meta":"","header-main-stick-meta":"","header-below-stick-meta":""},"pwb-brand":[218],"product_cat":[37],"product_tag":[],"class_list":{"0":"post-72941","1":"product","2":"type-product","3":"status-publish","5":"pwb-brand-stabilus","6":"product_cat-muut-luokat","7":"desktop-align-left","8":"tablet-align-left","9":"mobile-align-left","11":"first","12":"instock","13":"product-type-external"},"brands":[{"id":218,"name":"STABILUS","slug":"stabilus"}],"_links":{"self":[{"href":"https:\/\/www.autonvaraosahaku.fi\/index.php?rest_route=\/wp\/v2\/product\/72941","targetHints":{"allow":["GET"]}}],"collection":[{"href":"https:\/\/www.autonvaraosahaku.fi\/index.php?rest_route=\/wp\/v2\/product"}],"about":[{"href":"https:\/\/www.autonvaraosahaku.fi\/index.php?rest_route=\/wp\/v2\/types\/product"}],"wp:attachment":[{"href":"https:\/\/www.autonvaraosahaku.fi\/index.php?rest_route=%2Fwp%2Fv2%2Fmedia&parent=72941"}],"wp:term":[{"taxonomy":"pwb-brand","embeddable":true,"href":"https:\/\/www.autonvaraosahaku.fi\/index.php?rest_route=%2Fwp%2Fv2%2Fpwb-brand&post=72941"},{"taxonomy":"product_cat","embeddable":true,"href":"https:\/\/www.autonvaraosahaku.fi\/index.php?rest_route=%2Fwp%2Fv2%2Fproduct_cat&post=72941"},{"taxonomy":"product_tag","embeddable":true,"href":"https:\/\/www.autonvaraosahaku.fi\/index.php?rest_route=%2Fwp%2Fv2%2Fproduct_tag&post=72941"}],"curies":[{"name":"wp","href":"https:\/\/api.w.org\/{rel}","templated":true}]}}