{"id":72973,"date":"2021-02-21T19:24:45","date_gmt":"2021-02-21T19:24:45","guid":{"rendered":"https:\/\/www.autonvaraosahaku.fi\/?product=elring-574-330-venttiilinvarren-kumit"},"modified":"2021-02-21T19:24:49","modified_gmt":"2021-02-21T19:24:49","slug":"elring-574-330-venttiilinvarren-kumit","status":"publish","type":"product","link":"https:\/\/www.autonvaraosahaku.fi\/?product=elring-574-330-venttiilinvarren-kumit","title":{"rendered":"ELRING 574.330 Venttiilinvarren kumit"},"content":{"rendered":"<p>Venttiilinvarren l\u00e4pimitta [mm]: 6, 6; Sis\u00e4l\u00e4pimitta [mm]: 8,5; Ulkol\u00e4pimitta [mm]: 25; Korkeus (mm): 16,7; Materiaali: FPM (fluori-kumi); Asennuspuoli: Einlassseite; CHEVROLET: CAPTIVA C100, C140,NUBIRA Kombi,CRUZE J300,EPICA KL1_,CRUZE Schr\u00e4gheck J305,LACETTI J200,NUBIRA Stufenheck,LACETTI Kombi J200; DAEWOO: TOSCA; KIA: CEE&#8217;D SW ED,CEE&#8217;D Schr\u00e4gheck ED,SPORTAGE JE_, KM_,CARENS II FJ,CARENS III UN,PRO CEE&#8217;D ED,CERATO LD,MAGENTIS MG,CERATO Stufenheck LD; HYUNDAI: i30 FD,GETZ TB,TUCSON JM,i30 CW FD,SANTA F\u00c9 I SM,SANTA F\u00c9 II CM,MATRIX FC,TRAJET FO,SONATA V NF,SONATA IV EF,ACCENT II LC,ELANTRA XD,ELANTRA Stufenheck XD,ACCENT II Stufenheck LC; OPEL: ANTARA; VAUXHALL: ANTARA J26, H26; 96440146, 2222427000, 2222427900, 2222427000, 2222427900, 4805320, 96440146<\/p>\n","protected":false},"excerpt":{"rendered":"<p>ELRING Tiiviste, Venttiilivarsi 574.330  CHEVROLET,DAEWOO,KIA,CAPTIVA C100, C140,NUBIRA Kombi,CRUZE J300,EPICA KL1_,CRUZE Schr\u00e4gheck J305,LACETTI J200<\/p>\n","protected":false},"featured_media":0,"template":"","meta":{"site-sidebar-layout":"default","site-content-layout":"default","ast-global-header-display":"","ast-main-header-display":"","ast-hfb-above-header-display":"","ast-hfb-below-header-display":"","ast-hfb-mobile-header-display":"","site-post-title":"","ast-breadcrumbs-content":"","ast-featured-img":"","footer-sml-layout":"","theme-transparent-header-meta":"","adv-header-id-meta":"","stick-header-meta":"","header-above-stick-meta":"","header-main-stick-meta":"","header-below-stick-meta":""},"pwb-brand":[26],"product_cat":[170],"product_tag":[],"class_list":{"0":"post-72973","1":"product","2":"type-product","3":"status-publish","5":"pwb-brand-elring","6":"product_cat-venttiilinvarren-kumit","7":"desktop-align-left","8":"tablet-align-left","9":"mobile-align-left","11":"first","12":"instock","13":"product-type-external"},"brands":[{"id":26,"name":"ELRING","slug":"elring"}],"_links":{"self":[{"href":"https:\/\/www.autonvaraosahaku.fi\/index.php?rest_route=\/wp\/v2\/product\/72973","targetHints":{"allow":["GET"]}}],"collection":[{"href":"https:\/\/www.autonvaraosahaku.fi\/index.php?rest_route=\/wp\/v2\/product"}],"about":[{"href":"https:\/\/www.autonvaraosahaku.fi\/index.php?rest_route=\/wp\/v2\/types\/product"}],"wp:attachment":[{"href":"https:\/\/www.autonvaraosahaku.fi\/index.php?rest_route=%2Fwp%2Fv2%2Fmedia&parent=72973"}],"wp:term":[{"taxonomy":"pwb-brand","embeddable":true,"href":"https:\/\/www.autonvaraosahaku.fi\/index.php?rest_route=%2Fwp%2Fv2%2Fpwb-brand&post=72973"},{"taxonomy":"product_cat","embeddable":true,"href":"https:\/\/www.autonvaraosahaku.fi\/index.php?rest_route=%2Fwp%2Fv2%2Fproduct_cat&post=72973"},{"taxonomy":"product_tag","embeddable":true,"href":"https:\/\/www.autonvaraosahaku.fi\/index.php?rest_route=%2Fwp%2Fv2%2Fproduct_tag&post=72973"}],"curies":[{"name":"wp","href":"https:\/\/api.w.org\/{rel}","templated":true}]}}