{"id":72978,"date":"2021-02-21T19:24:45","date_gmt":"2021-02-21T19:24:45","guid":{"rendered":"https:\/\/www.autonvaraosahaku.fi\/?product=aks-dasis-067080n-valijaahdytin"},"modified":"2021-02-21T19:24:50","modified_gmt":"2021-02-21T19:24:50","slug":"aks-dasis-067080n-valijaahdytin","status":"publish","type":"product","link":"https:\/\/www.autonvaraosahaku.fi\/?product=aks-dasis-067080n-valijaahdytin","title":{"rendered":"AKS DASIS 067080N V\u00e4lij\u00e4\u00e4hdytin"},"content":{"rendered":"<p>Verkon pituus [mm]: 300; Verkon leveys [mm]: 145; Verkon syvyys [mm]: 85; Kennon mitat: 300x145x85; J\u00e4\u00e4hdytintyyppi: J\u00e4\u00e4hdytysrivat juotetut; Pakkauspituus [cm]: 54; Pakkausleveys [cm]: 29; Pakkauskorkeus [mm]: 17; Paino [kg]: 2,04; Vaihteistomalli: Schaltgetriebe; CITRO\u00cbN: C5 II Break RE_,C5 I DC_,C5 I Break DE_,C5 II RC_; PEUGEOT: 607 9D, 9U,406 Break 8E\/F,406 8B<\/p>\n","protected":false},"excerpt":{"rendered":"<p>AKS DASIS V\u00e4lij\u00e4\u00e4hdytin 067080N  CITRO\u00cbN,PEUGEOT,C5 II Break RE_,C5 I DC_,C5 I Break DE_,C5 II RC_,607 9D, 9U,406 Break 8E\/F,406 8B<\/p>\n","protected":false},"featured_media":0,"template":"","meta":{"site-sidebar-layout":"default","site-content-layout":"default","ast-global-header-display":"","ast-main-header-display":"","ast-hfb-above-header-display":"","ast-hfb-below-header-display":"","ast-hfb-mobile-header-display":"","site-post-title":"","ast-breadcrumbs-content":"","ast-featured-img":"","footer-sml-layout":"","theme-transparent-header-meta":"","adv-header-id-meta":"","stick-header-meta":"","header-above-stick-meta":"","header-main-stick-meta":"","header-below-stick-meta":""},"pwb-brand":[461],"product_cat":[234],"product_tag":[],"class_list":{"0":"post-72978","1":"product","2":"type-product","3":"status-publish","5":"pwb-brand-aks-dasis","6":"product_cat-valijaahdytin","7":"desktop-align-left","8":"tablet-align-left","9":"mobile-align-left","11":"first","12":"instock","13":"product-type-external"},"brands":[{"id":461,"name":"AKS DASIS","slug":"aks-dasis"}],"_links":{"self":[{"href":"https:\/\/www.autonvaraosahaku.fi\/index.php?rest_route=\/wp\/v2\/product\/72978","targetHints":{"allow":["GET"]}}],"collection":[{"href":"https:\/\/www.autonvaraosahaku.fi\/index.php?rest_route=\/wp\/v2\/product"}],"about":[{"href":"https:\/\/www.autonvaraosahaku.fi\/index.php?rest_route=\/wp\/v2\/types\/product"}],"wp:attachment":[{"href":"https:\/\/www.autonvaraosahaku.fi\/index.php?rest_route=%2Fwp%2Fv2%2Fmedia&parent=72978"}],"wp:term":[{"taxonomy":"pwb-brand","embeddable":true,"href":"https:\/\/www.autonvaraosahaku.fi\/index.php?rest_route=%2Fwp%2Fv2%2Fpwb-brand&post=72978"},{"taxonomy":"product_cat","embeddable":true,"href":"https:\/\/www.autonvaraosahaku.fi\/index.php?rest_route=%2Fwp%2Fv2%2Fproduct_cat&post=72978"},{"taxonomy":"product_tag","embeddable":true,"href":"https:\/\/www.autonvaraosahaku.fi\/index.php?rest_route=%2Fwp%2Fv2%2Fproduct_tag&post=72978"}],"curies":[{"name":"wp","href":"https:\/\/api.w.org\/{rel}","templated":true}]}}