{"id":7298,"date":"2021-02-21T13:59:45","date_gmt":"2021-02-21T13:59:45","guid":{"rendered":"https:\/\/www.autonvaraosahaku.fi\/?product=vemo-v10-85-2294-oven-lukko"},"modified":"2021-02-21T13:59:47","modified_gmt":"2021-02-21T13:59:47","slug":"vemo-v10-85-2294-oven-lukko","status":"publish","type":"product","link":"https:\/\/www.autonvaraosahaku.fi\/?product=vemo-v10-85-2294-oven-lukko","title":{"rendered":"VEMO V10-85-2294 Oven lukko"},"content":{"rendered":"<p>Varustelumahdollisuudet: mit Safe Lock; Asennuspuoli: Eteen, vasen; Vasen \/ oikea liikenne: Ohjaus vasemmalla; Lukkolaite: Keskuslukituksella; Valmistuspaiv\u00e4m\u00e4\u00e4r\u00e4\u00e4n: 07.11.2010; VW: EOS 1F7, 1F8; SEAT: LEON 1P1,ALTEA 5P1,ALTEA XL 5P5, 5P8,TOLEDO III 5P2; Ovilukko<\/p>\n","protected":false},"excerpt":{"rendered":"<p>VEMO Oven Lukko Original VEMO Quality V10-85-2294 Ovilukko VW,SEAT,EOS 1F7, 1F8,LEON 1P1,ALTEA 5P1,ALTEA XL 5P5, 5P8,TOLEDO III 5P2<\/p>\n","protected":false},"featured_media":0,"template":"","meta":{"site-sidebar-layout":"default","site-content-layout":"default","ast-global-header-display":"","ast-main-header-display":"","ast-hfb-above-header-display":"","ast-hfb-below-header-display":"","ast-hfb-mobile-header-display":"","site-post-title":"","ast-breadcrumbs-content":"","ast-featured-img":"","footer-sml-layout":"","theme-transparent-header-meta":"","adv-header-id-meta":"","stick-header-meta":"","header-above-stick-meta":"","header-main-stick-meta":"","header-below-stick-meta":""},"pwb-brand":[168],"product_cat":[46],"product_tag":[],"class_list":{"0":"post-7298","1":"product","2":"type-product","3":"status-publish","5":"pwb-brand-vemo","6":"product_cat-oven-lukko","7":"desktop-align-left","8":"tablet-align-left","9":"mobile-align-left","11":"first","12":"instock","13":"product-type-external"},"brands":[{"id":168,"name":"VEMO","slug":"vemo"}],"_links":{"self":[{"href":"https:\/\/www.autonvaraosahaku.fi\/index.php?rest_route=\/wp\/v2\/product\/7298","targetHints":{"allow":["GET"]}}],"collection":[{"href":"https:\/\/www.autonvaraosahaku.fi\/index.php?rest_route=\/wp\/v2\/product"}],"about":[{"href":"https:\/\/www.autonvaraosahaku.fi\/index.php?rest_route=\/wp\/v2\/types\/product"}],"wp:attachment":[{"href":"https:\/\/www.autonvaraosahaku.fi\/index.php?rest_route=%2Fwp%2Fv2%2Fmedia&parent=7298"}],"wp:term":[{"taxonomy":"pwb-brand","embeddable":true,"href":"https:\/\/www.autonvaraosahaku.fi\/index.php?rest_route=%2Fwp%2Fv2%2Fpwb-brand&post=7298"},{"taxonomy":"product_cat","embeddable":true,"href":"https:\/\/www.autonvaraosahaku.fi\/index.php?rest_route=%2Fwp%2Fv2%2Fproduct_cat&post=7298"},{"taxonomy":"product_tag","embeddable":true,"href":"https:\/\/www.autonvaraosahaku.fi\/index.php?rest_route=%2Fwp%2Fv2%2Fproduct_tag&post=7298"}],"curies":[{"name":"wp","href":"https:\/\/api.w.org\/{rel}","templated":true}]}}