{"id":72987,"date":"2021-02-21T19:24:52","date_gmt":"2021-02-21T19:24:52","guid":{"rendered":"https:\/\/www.autonvaraosahaku.fi\/?product=facet-7-1197-jarruvalokytkin"},"modified":"2021-02-21T19:24:54","modified_gmt":"2021-02-21T19:24:54","slug":"facet-7-1197-jarruvalokytkin","status":"publish","type":"product","link":"https:\/\/www.autonvaraosahaku.fi\/?product=facet-7-1197-jarruvalokytkin","title":{"rendered":"FACET 7.1197 Jarruvalokytkin"},"content":{"rendered":"<p>K\u00e4ytt\u00f6: Mekaaninen, Mekaaninen; V\u00e4ri: Valkoinen; lis\u00e4tieto: Made in Italy &#8211; OE Equivalent; Moottorinumero: KFX (TU3JP); CITRO\u00cbN: BERLINGO MF,XSARA PICASSO N68,C2 JM_,C3 I FC_,BERLINGO Kasten M_,C5 I DC_,C5 I Break DE_,XSARA N1,C3 Pluriel HB_,XSARA Break N2,XSARA Coupe N0,C2 ENTERPRISE,XSARA Kasten,XSARA Kasten\/Schr\u00e4gheck; PEUGEOT: 206 Schr\u00e4gheck 2A\/C,206 CC 2D,307 SW 3H,307 CC 3B,307 3A\/C,206 SW 2E\/K,307 Break 3E,607 9D, 9U,1007 KM_,PARTNER Combispace 5F,PARTNER Kasten 5,PARTNER Kasten,206 Stufenheck,206 Van,PARTNER Pritsche\/Fahrgestell; 453440, 9643478880, 453440; Jarruvalokatkaisin<\/p>\n","protected":false},"excerpt":{"rendered":"<p>FACET Jarruvalokytkin 7.1197 Jarruvalokatkaisin CITRO\u00cbN,PEUGEOT,BERLINGO MF,XSARA PICASSO N68,C2 JM_,C3 I FC_,BERLINGO Kasten M_,C5 I DC_<\/p>\n","protected":false},"featured_media":0,"template":"","meta":{"site-sidebar-layout":"default","site-content-layout":"default","ast-global-header-display":"","ast-main-header-display":"","ast-hfb-above-header-display":"","ast-hfb-below-header-display":"","ast-hfb-mobile-header-display":"","site-post-title":"","ast-breadcrumbs-content":"","ast-featured-img":"","footer-sml-layout":"","theme-transparent-header-meta":"","adv-header-id-meta":"","stick-header-meta":"","header-above-stick-meta":"","header-main-stick-meta":"","header-below-stick-meta":""},"pwb-brand":[263],"product_cat":[117],"product_tag":[],"class_list":{"0":"post-72987","1":"product","2":"type-product","3":"status-publish","5":"pwb-brand-facet","6":"product_cat-jarruvalokytkin","7":"desktop-align-left","8":"tablet-align-left","9":"mobile-align-left","11":"first","12":"instock","13":"product-type-external"},"brands":[{"id":263,"name":"FACET","slug":"facet"}],"_links":{"self":[{"href":"https:\/\/www.autonvaraosahaku.fi\/index.php?rest_route=\/wp\/v2\/product\/72987","targetHints":{"allow":["GET"]}}],"collection":[{"href":"https:\/\/www.autonvaraosahaku.fi\/index.php?rest_route=\/wp\/v2\/product"}],"about":[{"href":"https:\/\/www.autonvaraosahaku.fi\/index.php?rest_route=\/wp\/v2\/types\/product"}],"wp:attachment":[{"href":"https:\/\/www.autonvaraosahaku.fi\/index.php?rest_route=%2Fwp%2Fv2%2Fmedia&parent=72987"}],"wp:term":[{"taxonomy":"pwb-brand","embeddable":true,"href":"https:\/\/www.autonvaraosahaku.fi\/index.php?rest_route=%2Fwp%2Fv2%2Fpwb-brand&post=72987"},{"taxonomy":"product_cat","embeddable":true,"href":"https:\/\/www.autonvaraosahaku.fi\/index.php?rest_route=%2Fwp%2Fv2%2Fproduct_cat&post=72987"},{"taxonomy":"product_tag","embeddable":true,"href":"https:\/\/www.autonvaraosahaku.fi\/index.php?rest_route=%2Fwp%2Fv2%2Fproduct_tag&post=72987"}],"curies":[{"name":"wp","href":"https:\/\/api.w.org\/{rel}","templated":true}]}}